{"id":24592,"date":"2025-08-01T18:13:13","date_gmt":"2025-08-01T16:13:13","guid":{"rendered":"https:\/\/uj.adatbank.ro\/lexikon\/termek\/virag-jozsef-2\/"},"modified":"2025-08-01T18:13:13","modified_gmt":"2025-08-01T16:13:13","slug":"virag-jozsef-2","status":"publish","type":"product","link":"https:\/\/uj.adatbank.ro\/lexikon\/termek\/virag-jozsef-2\/","title":{"rendered":"VIR\u00c1G J\u00f3zsef"},"content":{"rendered":"<p>Mez\u0151madaras, 1906. jan. 13., \u2020\u00a0?: gy\u00f3gyszer\u00e9sz. \u2013 Szegeden a FJTE gy\u00f3gyszer\u00e9sz kar\u00e1n kapott gy\u00f3gyszer\u00e9sz oklevelet (1930). <br \/><strong>\u2013 Irod.:<\/strong> P\u00e9ter H. M. 2013.<\/br><\/p>\n","protected":false},"excerpt":{"rendered":"<p>Mez\u0151madaras, 1906. jan. 13., \u2020\u00a0?: gy\u00f3gyszer\u00e9sz. \u2013 Szegeden a FJTE gy\u00f3gyszer\u00e9sz kar\u00e1n kapott gy\u00f3gyszer\u00e9sz oklevelet (1930). \u2013 Irod.: P\u00e9ter H. M. 2013.<\/p>\n","protected":false},"featured_media":0,"comment_status":"open","ping_status":"closed","template":"","meta":[],"product_brand":[],"product_cat":[137],"product_tag":[],"class_list":{"0":"post-24592","1":"product","2":"type-product","3":"status-publish","5":"product_cat-maros-megyei-eletrajzi-lexikon","7":"first","8":"instock","9":"shipping-taxable","10":"product-type-simple"},"_links":{"self":[{"href":"https:\/\/uj.adatbank.ro\/lexikon\/wp-json\/wp\/v2\/product\/24592","targetHints":{"allow":["GET"]}}],"collection":[{"href":"https:\/\/uj.adatbank.ro\/lexikon\/wp-json\/wp\/v2\/product"}],"about":[{"href":"https:\/\/uj.adatbank.ro\/lexikon\/wp-json\/wp\/v2\/types\/product"}],"replies":[{"embeddable":true,"href":"https:\/\/uj.adatbank.ro\/lexikon\/wp-json\/wp\/v2\/comments?post=24592"}],"wp:attachment":[{"href":"https:\/\/uj.adatbank.ro\/lexikon\/wp-json\/wp\/v2\/media?parent=24592"}],"wp:term":[{"taxonomy":"product_brand","embeddable":true,"href":"https:\/\/uj.adatbank.ro\/lexikon\/wp-json\/wp\/v2\/product_brand?post=24592"},{"taxonomy":"product_cat","embeddable":true,"href":"https:\/\/uj.adatbank.ro\/lexikon\/wp-json\/wp\/v2\/product_cat?post=24592"},{"taxonomy":"product_tag","embeddable":true,"href":"https:\/\/uj.adatbank.ro\/lexikon\/wp-json\/wp\/v2\/product_tag?post=24592"}],"curies":[{"name":"wp","href":"https:\/\/api.w.org\/{rel}","templated":true}]}}