{"id":24594,"date":"2025-08-01T18:13:16","date_gmt":"2025-08-01T16:13:16","guid":{"rendered":"https:\/\/uj.adatbank.ro\/lexikon\/termek\/viragh-szabo-istvan\/"},"modified":"2025-08-01T18:13:16","modified_gmt":"2025-08-01T16:13:16","slug":"viragh-szabo-istvan","status":"publish","type":"product","link":"https:\/\/uj.adatbank.ro\/lexikon\/termek\/viragh-szabo-istvan\/","title":{"rendered":"Vir\u00e1gh Szab\u00f3 Istv\u00e1n"},"content":{"rendered":"<p>? \u2020\u00a0?: c\u00e9hmester. \u2013 A szab\u00f3k t\u00f6bbsz\u00f6ri c\u00e9hmestere nev\u00e9vel a c\u00e9h sz\u00e1mad\u00e1sk\u00f6nyveiben t\u00f6bbsz\u00f6r tal\u00e1lkozunk, le\u00e1nya Vir\u00e1gh Szab\u00f3 Kata s\u00edrk\u00f6ve (1625\u20131634) a ref. temet\u0151ben van. <br \/><strong>\u2013 Irod.:<\/strong> K.L. M\u0171v. t\u00f6rt. tan. 1.<\/br><\/p>\n","protected":false},"excerpt":{"rendered":"<p>? \u2020\u00a0?: c\u00e9hmester. \u2013 A szab\u00f3k t\u00f6bbsz\u00f6ri c\u00e9hmestere nev\u00e9vel a c\u00e9h sz\u00e1mad\u00e1sk\u00f6nyveiben t\u00f6bbsz\u00f6r tal\u00e1lkozunk, le\u00e1nya Vir\u00e1gh Szab\u00f3 Kata s\u00edrk\u00f6ve (1625\u20131634) a ref. temet\u0151ben van. \u2013 Irod.: K.L. M\u0171v. t\u00f6rt. tan. 1.<\/p>\n","protected":false},"featured_media":0,"comment_status":"open","ping_status":"closed","template":"","meta":[],"product_brand":[],"product_cat":[137],"product_tag":[],"class_list":{"0":"post-24594","1":"product","2":"type-product","3":"status-publish","5":"product_cat-maros-megyei-eletrajzi-lexikon","7":"first","8":"instock","9":"shipping-taxable","10":"product-type-simple"},"_links":{"self":[{"href":"https:\/\/uj.adatbank.ro\/lexikon\/wp-json\/wp\/v2\/product\/24594","targetHints":{"allow":["GET"]}}],"collection":[{"href":"https:\/\/uj.adatbank.ro\/lexikon\/wp-json\/wp\/v2\/product"}],"about":[{"href":"https:\/\/uj.adatbank.ro\/lexikon\/wp-json\/wp\/v2\/types\/product"}],"replies":[{"embeddable":true,"href":"https:\/\/uj.adatbank.ro\/lexikon\/wp-json\/wp\/v2\/comments?post=24594"}],"wp:attachment":[{"href":"https:\/\/uj.adatbank.ro\/lexikon\/wp-json\/wp\/v2\/media?parent=24594"}],"wp:term":[{"taxonomy":"product_brand","embeddable":true,"href":"https:\/\/uj.adatbank.ro\/lexikon\/wp-json\/wp\/v2\/product_brand?post=24594"},{"taxonomy":"product_cat","embeddable":true,"href":"https:\/\/uj.adatbank.ro\/lexikon\/wp-json\/wp\/v2\/product_cat?post=24594"},{"taxonomy":"product_tag","embeddable":true,"href":"https:\/\/uj.adatbank.ro\/lexikon\/wp-json\/wp\/v2\/product_tag?post=24594"}],"curies":[{"name":"wp","href":"https:\/\/api.w.org\/{rel}","templated":true}]}}