{"id":24603,"date":"2025-08-01T18:13:39","date_gmt":"2025-08-01T16:13:39","guid":{"rendered":"https:\/\/uj.adatbank.ro\/lexikon\/termek\/viski-pal-2\/"},"modified":"2025-08-01T18:13:39","modified_gmt":"2025-08-01T16:13:39","slug":"viski-pal-2","status":"publish","type":"product","link":"https:\/\/uj.adatbank.ro\/lexikon\/termek\/viski-pal-2\/","title":{"rendered":"VISKI P\u00e1l"},"content":{"rendered":"<p>Koronka, 1836. nov. 13., \u2020\u00a0?: esperes-lelk\u00e9sz, apja V. Zsigmond ref. lelk\u00e9sz \u00e9s egyh\u00e1zmegyei f\u0151jegyz\u0151 volt. \u2013 Tanul\u00e1s\u00e1t otthon kezdte \u00e9s a fels\u0151bb iskol\u00e1kban Mv.-en folytatta; ezek bev\u00e9gz\u00e9se ut\u00e1n Kv.-t lett hittanhallgat\u00f3 (1856\u2013). Nagyenyedre ker\u00fclt oszt\u00e1lytan\u00edt\u00f3nak s itt m\u0171k\u00f6d\u00f6tt (\u20131862. okt.), a mikor Zov\u00e1nyon lett lelk\u00e9sz; egyh\u00e1zmegyei \u00fcgyv\u00e9d (1865\u2013), k\u00e9s\u0151bb \u00f6zvegy-\u00e1rvai \u00e9s k\u00f6zp\u00e9nzt\u00e1rnok lett; egyh\u00e1zmegyei sz\u00e1mvev\u0151nek is megv\u00e1lasztott\u00e1k, s ezen hivatalokat viselte, m\u00edg egyh\u00e1zmegyei f\u0151jegyz\u0151 lett (1890); a Szil\u00e1gy-szolnoki ref. egyh\u00e1zmegye esperes\u00e9v\u00e9 v\u00e1lasztott\u00e1k (1893\u2013). N\u00e9h\u00e1ny cikke van az Erd\u00e9lyi Prot. K\u00f6zl\u00f6nyben \u00e9s Szil\u00e1gy-Somly\u00f3ban.  <strong>t\u00e1rssz.:<\/strong> K\u00f6z\u00f6ns\u00e9ges egyh\u00e1zi besz\u00e9dek. (Kv., 1875); \u00dcnnepi \u00e9s k\u00f6z\u00f6ns\u00e9ges egyh\u00e1zi besz\u00e9dek. II. f\u00fczet. (Szil\u00e1gysomly\u00f3, 1885); Esperesi Jelent\u00e9s a szil\u00e1gy-szolnoki ev. ref. egyh\u00e1zmegye vall\u00e1serk\u00f6lcsi, n\u00e9poktat\u00e1si \u00e9s vagyoni \u00e1llapot\u00e1r\u00f3l 1898\u201399. (Szil\u00e1gysomly\u00f3, 1899). Ugyanaz aug. 13. (Nagyv\u00e1rad, 1900). \u00e9s (Szil\u00e1gysomly\u00f3, 1901.); Sz\u00e1sz Domokos eml\u00e9kezete. Ima- \u00e9s eml\u00e9kbesz\u00e9d. (Szil\u00e1gysomly\u00f3, 1899.). <br \/><strong>\u2013 Irod.:<\/strong> Szinnyei.<\/br><\/p>\n","protected":false},"excerpt":{"rendered":"<p>Koronka, 1836. nov. 13., \u2020\u00a0?: esperes-lelk\u00e9sz, apja V. Zsigmond ref. lelk\u00e9sz \u00e9s egyh\u00e1zmegyei f\u0151jegyz\u0151 volt. \u2013 Tanul\u00e1s\u00e1t otthon kezdte \u00e9s a fels\u0151bb iskol\u00e1kban Mv.-en folytatta; ezek bev\u00e9gz\u00e9se ut\u00e1n Kv.-t lett hittanhallgat\u00f3 (1856\u2013). Nagyenyedre ker\u00fclt oszt\u00e1lytan\u00edt\u00f3nak s itt m\u0171k\u00f6d\u00f6tt (\u20131862. okt.), a mikor Zov\u00e1nyon lett lelk\u00e9sz; egyh\u00e1zmegyei \u00fcgyv\u00e9d (1865\u2013), k\u00e9s\u0151bb \u00f6zvegy-\u00e1rvai \u00e9s k\u00f6zp\u00e9nzt\u00e1rnok lett; egyh\u00e1zmegyei sz\u00e1mvev\u0151nek [&hellip;]<\/p>\n","protected":false},"featured_media":0,"comment_status":"open","ping_status":"closed","template":"","meta":[],"product_brand":[],"product_cat":[137],"product_tag":[],"class_list":{"0":"post-24603","1":"product","2":"type-product","3":"status-publish","5":"product_cat-maros-megyei-eletrajzi-lexikon","7":"first","8":"instock","9":"shipping-taxable","10":"product-type-simple"},"_links":{"self":[{"href":"https:\/\/uj.adatbank.ro\/lexikon\/wp-json\/wp\/v2\/product\/24603","targetHints":{"allow":["GET"]}}],"collection":[{"href":"https:\/\/uj.adatbank.ro\/lexikon\/wp-json\/wp\/v2\/product"}],"about":[{"href":"https:\/\/uj.adatbank.ro\/lexikon\/wp-json\/wp\/v2\/types\/product"}],"replies":[{"embeddable":true,"href":"https:\/\/uj.adatbank.ro\/lexikon\/wp-json\/wp\/v2\/comments?post=24603"}],"wp:attachment":[{"href":"https:\/\/uj.adatbank.ro\/lexikon\/wp-json\/wp\/v2\/media?parent=24603"}],"wp:term":[{"taxonomy":"product_brand","embeddable":true,"href":"https:\/\/uj.adatbank.ro\/lexikon\/wp-json\/wp\/v2\/product_brand?post=24603"},{"taxonomy":"product_cat","embeddable":true,"href":"https:\/\/uj.adatbank.ro\/lexikon\/wp-json\/wp\/v2\/product_cat?post=24603"},{"taxonomy":"product_tag","embeddable":true,"href":"https:\/\/uj.adatbank.ro\/lexikon\/wp-json\/wp\/v2\/product_tag?post=24603"}],"curies":[{"name":"wp","href":"https:\/\/api.w.org\/{rel}","templated":true}]}}