{"id":24608,"date":"2025-08-01T18:13:50","date_gmt":"2025-08-01T16:13:50","guid":{"rendered":"https:\/\/uj.adatbank.ro\/lexikon\/termek\/visky-gyula\/"},"modified":"2025-08-01T18:13:50","modified_gmt":"2025-08-01T16:13:50","slug":"visky-gyula","status":"publish","type":"product","link":"https:\/\/uj.adatbank.ro\/lexikon\/termek\/visky-gyula\/","title":{"rendered":"VISKY Gyula"},"content":{"rendered":"<p>Mez\u0151b\u00e1nd ? \u2020 ?: A Kem\u00e9ny Zsigmond Irodalmi T\u00e1rsas\u00e1g tagja (1929). <br \/><strong>\u2013 Irod.:<\/strong> \u00dcnnepi k\u00f6nyv.<\/br><\/p>\n","protected":false},"excerpt":{"rendered":"<p>Mez\u0151b\u00e1nd ? \u2020 ?: A Kem\u00e9ny Zsigmond Irodalmi T\u00e1rsas\u00e1g tagja (1929). \u2013 Irod.: \u00dcnnepi k\u00f6nyv.<\/p>\n","protected":false},"featured_media":0,"comment_status":"open","ping_status":"closed","template":"","meta":[],"product_brand":[],"product_cat":[137],"product_tag":[],"class_list":{"0":"post-24608","1":"product","2":"type-product","3":"status-publish","5":"product_cat-maros-megyei-eletrajzi-lexikon","7":"first","8":"instock","9":"shipping-taxable","10":"product-type-simple"},"_links":{"self":[{"href":"https:\/\/uj.adatbank.ro\/lexikon\/wp-json\/wp\/v2\/product\/24608","targetHints":{"allow":["GET"]}}],"collection":[{"href":"https:\/\/uj.adatbank.ro\/lexikon\/wp-json\/wp\/v2\/product"}],"about":[{"href":"https:\/\/uj.adatbank.ro\/lexikon\/wp-json\/wp\/v2\/types\/product"}],"replies":[{"embeddable":true,"href":"https:\/\/uj.adatbank.ro\/lexikon\/wp-json\/wp\/v2\/comments?post=24608"}],"wp:attachment":[{"href":"https:\/\/uj.adatbank.ro\/lexikon\/wp-json\/wp\/v2\/media?parent=24608"}],"wp:term":[{"taxonomy":"product_brand","embeddable":true,"href":"https:\/\/uj.adatbank.ro\/lexikon\/wp-json\/wp\/v2\/product_brand?post=24608"},{"taxonomy":"product_cat","embeddable":true,"href":"https:\/\/uj.adatbank.ro\/lexikon\/wp-json\/wp\/v2\/product_cat?post=24608"},{"taxonomy":"product_tag","embeddable":true,"href":"https:\/\/uj.adatbank.ro\/lexikon\/wp-json\/wp\/v2\/product_tag?post=24608"}],"curies":[{"name":"wp","href":"https:\/\/api.w.org\/{rel}","templated":true}]}}