{"id":24609,"date":"2025-08-01T18:13:52","date_gmt":"2025-08-01T16:13:52","guid":{"rendered":"https:\/\/uj.adatbank.ro\/lexikon\/termek\/visky-jozsef\/"},"modified":"2025-08-01T18:13:52","modified_gmt":"2025-08-01T16:13:52","slug":"visky-jozsef","status":"publish","type":"product","link":"https:\/\/uj.adatbank.ro\/lexikon\/termek\/visky-jozsef\/","title":{"rendered":"VISKY J\u00f3zsef"},"content":{"rendered":"<p>? \u2020 ?: f\u00e9nyk\u00e9p\u00e9sz \u2013 A radn\u00f3tf\u00e1ji, Pop Malom \u00e1llamos\u00edt\u00e1sakor kinevezett igazgat\u00f3ja (1948. j\u00fan. 17.). Tagja a RMP-nak. A malom Pop Mihail tulajdon\u00e1t k\u00e9pezte, (alap\u00edtotta 1890-ben), 9 alkalmazottal m\u0171k\u00f6d\u00f6tt. Az \u00e1llamos\u00edt\u00e1skor a malom a radn\u00f3tf\u00e1jai Tan\u00e1cs birtok\u00e1ba ker\u00fclt. <br \/><strong>\u2013 Irod.:<\/strong> Bartos Zolt\u00e1n.<\/br><\/p>\n","protected":false},"excerpt":{"rendered":"<p>? \u2020 ?: f\u00e9nyk\u00e9p\u00e9sz \u2013 A radn\u00f3tf\u00e1ji, Pop Malom \u00e1llamos\u00edt\u00e1sakor kinevezett igazgat\u00f3ja (1948. j\u00fan. 17.). Tagja a RMP-nak. A malom Pop Mihail tulajdon\u00e1t k\u00e9pezte, (alap\u00edtotta 1890-ben), 9 alkalmazottal m\u0171k\u00f6d\u00f6tt. Az \u00e1llamos\u00edt\u00e1skor a malom a radn\u00f3tf\u00e1jai Tan\u00e1cs birtok\u00e1ba ker\u00fclt. \u2013 Irod.: Bartos Zolt\u00e1n.<\/p>\n","protected":false},"featured_media":0,"comment_status":"open","ping_status":"closed","template":"","meta":[],"product_brand":[],"product_cat":[137],"product_tag":[],"class_list":{"0":"post-24609","1":"product","2":"type-product","3":"status-publish","5":"product_cat-maros-megyei-eletrajzi-lexikon","7":"first","8":"instock","9":"shipping-taxable","10":"product-type-simple"},"_links":{"self":[{"href":"https:\/\/uj.adatbank.ro\/lexikon\/wp-json\/wp\/v2\/product\/24609","targetHints":{"allow":["GET"]}}],"collection":[{"href":"https:\/\/uj.adatbank.ro\/lexikon\/wp-json\/wp\/v2\/product"}],"about":[{"href":"https:\/\/uj.adatbank.ro\/lexikon\/wp-json\/wp\/v2\/types\/product"}],"replies":[{"embeddable":true,"href":"https:\/\/uj.adatbank.ro\/lexikon\/wp-json\/wp\/v2\/comments?post=24609"}],"wp:attachment":[{"href":"https:\/\/uj.adatbank.ro\/lexikon\/wp-json\/wp\/v2\/media?parent=24609"}],"wp:term":[{"taxonomy":"product_brand","embeddable":true,"href":"https:\/\/uj.adatbank.ro\/lexikon\/wp-json\/wp\/v2\/product_brand?post=24609"},{"taxonomy":"product_cat","embeddable":true,"href":"https:\/\/uj.adatbank.ro\/lexikon\/wp-json\/wp\/v2\/product_cat?post=24609"},{"taxonomy":"product_tag","embeddable":true,"href":"https:\/\/uj.adatbank.ro\/lexikon\/wp-json\/wp\/v2\/product_tag?post=24609"}],"curies":[{"name":"wp","href":"https:\/\/api.w.org\/{rel}","templated":true}]}}