{"id":24613,"date":"2025-08-01T18:14:01","date_gmt":"2025-08-01T16:14:01","guid":{"rendered":"https:\/\/uj.adatbank.ro\/lexikon\/termek\/viszkrian-joreftein\/"},"modified":"2025-08-01T18:14:01","modified_gmt":"2025-08-01T16:14:01","slug":"viszkrian-joreftein","status":"publish","type":"product","link":"https:\/\/uj.adatbank.ro\/lexikon\/termek\/viszkrian-joreftein\/","title":{"rendered":"VISZKRI\u00c1N Joreftein"},"content":{"rendered":"<p>Sz\u00e1szk\u00e9zd, 1882., \u2020\u00a0?: g. kel. ortodox pap. \u2013 Tanulm\u00e1nyait Sz\u00e9kelyudvarhelyen \u00e9s Nagyszebenben v\u00e9gezte, papp\u00e1 szentelt\u00e9k (1908). Lelk\u00e9szi m\u0171k\u00f6d\u00e9s\u00e9t Keresden kezdte meg, majd Mez\u0151b\u00e1ndra ker\u00fclt (1924), ahol hitoktat\u00f3 is volt. <br \/><strong>\u2013 Irod.:<\/strong> Sz\u00e9kelyf\u00f6ld \u00ed. k.<\/br><\/p>\n","protected":false},"excerpt":{"rendered":"<p>Sz\u00e1szk\u00e9zd, 1882., \u2020\u00a0?: g. kel. ortodox pap. \u2013 Tanulm\u00e1nyait Sz\u00e9kelyudvarhelyen \u00e9s Nagyszebenben v\u00e9gezte, papp\u00e1 szentelt\u00e9k (1908). Lelk\u00e9szi m\u0171k\u00f6d\u00e9s\u00e9t Keresden kezdte meg, majd Mez\u0151b\u00e1ndra ker\u00fclt (1924), ahol hitoktat\u00f3 is volt. \u2013 Irod.: Sz\u00e9kelyf\u00f6ld \u00ed. k.<\/p>\n","protected":false},"featured_media":0,"comment_status":"open","ping_status":"closed","template":"","meta":[],"product_brand":[],"product_cat":[137],"product_tag":[],"class_list":{"0":"post-24613","1":"product","2":"type-product","3":"status-publish","5":"product_cat-maros-megyei-eletrajzi-lexikon","7":"first","8":"instock","9":"shipping-taxable","10":"product-type-simple"},"_links":{"self":[{"href":"https:\/\/uj.adatbank.ro\/lexikon\/wp-json\/wp\/v2\/product\/24613","targetHints":{"allow":["GET"]}}],"collection":[{"href":"https:\/\/uj.adatbank.ro\/lexikon\/wp-json\/wp\/v2\/product"}],"about":[{"href":"https:\/\/uj.adatbank.ro\/lexikon\/wp-json\/wp\/v2\/types\/product"}],"replies":[{"embeddable":true,"href":"https:\/\/uj.adatbank.ro\/lexikon\/wp-json\/wp\/v2\/comments?post=24613"}],"wp:attachment":[{"href":"https:\/\/uj.adatbank.ro\/lexikon\/wp-json\/wp\/v2\/media?parent=24613"}],"wp:term":[{"taxonomy":"product_brand","embeddable":true,"href":"https:\/\/uj.adatbank.ro\/lexikon\/wp-json\/wp\/v2\/product_brand?post=24613"},{"taxonomy":"product_cat","embeddable":true,"href":"https:\/\/uj.adatbank.ro\/lexikon\/wp-json\/wp\/v2\/product_cat?post=24613"},{"taxonomy":"product_tag","embeddable":true,"href":"https:\/\/uj.adatbank.ro\/lexikon\/wp-json\/wp\/v2\/product_tag?post=24613"}],"curies":[{"name":"wp","href":"https:\/\/api.w.org\/{rel}","templated":true}]}}