{"id":24615,"date":"2025-08-01T18:14:06","date_gmt":"2025-08-01T16:14:06","guid":{"rendered":"https:\/\/uj.adatbank.ro\/lexikon\/termek\/vita-gyorgy\/"},"modified":"2025-08-01T18:14:06","modified_gmt":"2025-08-01T16:14:06","slug":"vita-gyorgy","status":"publish","type":"product","link":"https:\/\/uj.adatbank.ro\/lexikon\/termek\/vita-gyorgy\/","title":{"rendered":"VITA Gy\u00f6rgy"},"content":{"rendered":"<p>?, \u2020\u00a0?: nemes. \u2013 \u201eC\u00edmeres\u201d nemes, aki Ny\u00e1r\u00e1dszentbenedeken h\u0171s\u00e9gesk\u00fct tett a cs\u00e1sz\u00e1rnak (1839). <br \/><strong>\u2013 Irod.:<\/strong> Ny\u00e1r\u00e1dszentbenedek.<\/br><\/p>\n","protected":false},"excerpt":{"rendered":"<p>?, \u2020\u00a0?: nemes. \u2013 \u201eC\u00edmeres\u201d nemes, aki Ny\u00e1r\u00e1dszentbenedeken h\u0171s\u00e9gesk\u00fct tett a cs\u00e1sz\u00e1rnak (1839). \u2013 Irod.: Ny\u00e1r\u00e1dszentbenedek.<\/p>\n","protected":false},"featured_media":0,"comment_status":"open","ping_status":"closed","template":"","meta":[],"product_brand":[],"product_cat":[137],"product_tag":[],"class_list":{"0":"post-24615","1":"product","2":"type-product","3":"status-publish","5":"product_cat-maros-megyei-eletrajzi-lexikon","7":"first","8":"instock","9":"shipping-taxable","10":"product-type-simple"},"_links":{"self":[{"href":"https:\/\/uj.adatbank.ro\/lexikon\/wp-json\/wp\/v2\/product\/24615","targetHints":{"allow":["GET"]}}],"collection":[{"href":"https:\/\/uj.adatbank.ro\/lexikon\/wp-json\/wp\/v2\/product"}],"about":[{"href":"https:\/\/uj.adatbank.ro\/lexikon\/wp-json\/wp\/v2\/types\/product"}],"replies":[{"embeddable":true,"href":"https:\/\/uj.adatbank.ro\/lexikon\/wp-json\/wp\/v2\/comments?post=24615"}],"wp:attachment":[{"href":"https:\/\/uj.adatbank.ro\/lexikon\/wp-json\/wp\/v2\/media?parent=24615"}],"wp:term":[{"taxonomy":"product_brand","embeddable":true,"href":"https:\/\/uj.adatbank.ro\/lexikon\/wp-json\/wp\/v2\/product_brand?post=24615"},{"taxonomy":"product_cat","embeddable":true,"href":"https:\/\/uj.adatbank.ro\/lexikon\/wp-json\/wp\/v2\/product_cat?post=24615"},{"taxonomy":"product_tag","embeddable":true,"href":"https:\/\/uj.adatbank.ro\/lexikon\/wp-json\/wp\/v2\/product_tag?post=24615"}],"curies":[{"name":"wp","href":"https:\/\/api.w.org\/{rel}","templated":true}]}}