{"id":24621,"date":"2025-08-01T18:14:20","date_gmt":"2025-08-01T16:14:20","guid":{"rendered":"https:\/\/uj.adatbank.ro\/lexikon\/termek\/vitalis-bela\/"},"modified":"2025-08-01T18:14:20","modified_gmt":"2025-08-01T16:14:20","slug":"vitalis-bela","status":"publish","type":"product","link":"https:\/\/uj.adatbank.ro\/lexikon\/termek\/vitalis-bela\/","title":{"rendered":"VIT\u00c1LIS B\u00e9la"},"content":{"rendered":"<p>Nagyernye, 1897. \u2020\u00a0?: asztalosmester, gazd\u00e1lkod\u00f3. \u2013 \u00c9desapja mellett az asztalosipart tanulta, felszabadult (1917). Az els\u0151 vh.-ban olasz fogs\u00e1gba esett, sebes\u00fclten ker\u00fclt haza (1920). \u00d6n\u00e1ll\u00f3 \u00e9p\u00fclet- \u00e9s b\u00fatorasztalos mester lett. A Fogy. Sz\u00f6v. eln\u00f6ke, \u00fcgyvezet\u0151 igazgat\u00f3ja, k\u00f6zbirtokoss\u00e1gi k\u00e9pvisel\u0151, esk\u00fcdt, az unit egyh\u00e1z megyeb\u00edr\u00f3ja volt. <br \/><strong>\u2013 Irod.:<\/strong> Sz\u00e9kelyf\u00f6ld \u00ed. k.<\/br><\/p>\n","protected":false},"excerpt":{"rendered":"<p>Nagyernye, 1897. \u2020\u00a0?: asztalosmester, gazd\u00e1lkod\u00f3. \u2013 \u00c9desapja mellett az asztalosipart tanulta, felszabadult (1917). Az els\u0151 vh.-ban olasz fogs\u00e1gba esett, sebes\u00fclten ker\u00fclt haza (1920). \u00d6n\u00e1ll\u00f3 \u00e9p\u00fclet- \u00e9s b\u00fatorasztalos mester lett. A Fogy. Sz\u00f6v. eln\u00f6ke, \u00fcgyvezet\u0151 igazgat\u00f3ja, k\u00f6zbirtokoss\u00e1gi k\u00e9pvisel\u0151, esk\u00fcdt, az unit egyh\u00e1z megyeb\u00edr\u00f3ja volt. \u2013 Irod.: Sz\u00e9kelyf\u00f6ld \u00ed. k.<\/p>\n","protected":false},"featured_media":0,"comment_status":"open","ping_status":"closed","template":"","meta":[],"product_brand":[],"product_cat":[137],"product_tag":[],"class_list":{"0":"post-24621","1":"product","2":"type-product","3":"status-publish","5":"product_cat-maros-megyei-eletrajzi-lexikon","7":"first","8":"instock","9":"shipping-taxable","10":"product-type-simple"},"_links":{"self":[{"href":"https:\/\/uj.adatbank.ro\/lexikon\/wp-json\/wp\/v2\/product\/24621","targetHints":{"allow":["GET"]}}],"collection":[{"href":"https:\/\/uj.adatbank.ro\/lexikon\/wp-json\/wp\/v2\/product"}],"about":[{"href":"https:\/\/uj.adatbank.ro\/lexikon\/wp-json\/wp\/v2\/types\/product"}],"replies":[{"embeddable":true,"href":"https:\/\/uj.adatbank.ro\/lexikon\/wp-json\/wp\/v2\/comments?post=24621"}],"wp:attachment":[{"href":"https:\/\/uj.adatbank.ro\/lexikon\/wp-json\/wp\/v2\/media?parent=24621"}],"wp:term":[{"taxonomy":"product_brand","embeddable":true,"href":"https:\/\/uj.adatbank.ro\/lexikon\/wp-json\/wp\/v2\/product_brand?post=24621"},{"taxonomy":"product_cat","embeddable":true,"href":"https:\/\/uj.adatbank.ro\/lexikon\/wp-json\/wp\/v2\/product_cat?post=24621"},{"taxonomy":"product_tag","embeddable":true,"href":"https:\/\/uj.adatbank.ro\/lexikon\/wp-json\/wp\/v2\/product_tag?post=24621"}],"curies":[{"name":"wp","href":"https:\/\/api.w.org\/{rel}","templated":true}]}}