{"id":24622,"date":"2025-08-01T18:14:23","date_gmt":"2025-08-01T16:14:23","guid":{"rendered":"https:\/\/uj.adatbank.ro\/lexikon\/termek\/vitalis-elek\/"},"modified":"2025-08-01T18:14:23","modified_gmt":"2025-08-01T16:14:23","slug":"vitalis-elek","status":"publish","type":"product","link":"https:\/\/uj.adatbank.ro\/lexikon\/termek\/vitalis-elek\/","title":{"rendered":"VIT\u00c1LIS Elek"},"content":{"rendered":"<p>Nagyernye, 19. sz. \u2020\u00a0?: tisztvisel\u0151. \u2013 Kv.-on tanult Sz\u00e9kelykereszt\u00faron tan\u00edtott (1880\u201383), az iskola seniora (1883\u201384). Tisztvisel\u0151 a takar\u00e9kp\u00e9nzt\u00e1rn\u00e1l (1885\u2013).<\/br><\/p>\n","protected":false},"excerpt":{"rendered":"<p>Nagyernye, 19. sz. \u2020\u00a0?: tisztvisel\u0151. \u2013 Kv.-on tanult Sz\u00e9kelykereszt\u00faron tan\u00edtott (1880\u201383), az iskola seniora (1883\u201384). Tisztvisel\u0151 a takar\u00e9kp\u00e9nzt\u00e1rn\u00e1l (1885\u2013).<\/p>\n","protected":false},"featured_media":0,"comment_status":"open","ping_status":"closed","template":"","meta":[],"product_brand":[],"product_cat":[137],"product_tag":[],"class_list":{"0":"post-24622","1":"product","2":"type-product","3":"status-publish","5":"product_cat-maros-megyei-eletrajzi-lexikon","7":"first","8":"instock","9":"shipping-taxable","10":"product-type-simple"},"_links":{"self":[{"href":"https:\/\/uj.adatbank.ro\/lexikon\/wp-json\/wp\/v2\/product\/24622","targetHints":{"allow":["GET"]}}],"collection":[{"href":"https:\/\/uj.adatbank.ro\/lexikon\/wp-json\/wp\/v2\/product"}],"about":[{"href":"https:\/\/uj.adatbank.ro\/lexikon\/wp-json\/wp\/v2\/types\/product"}],"replies":[{"embeddable":true,"href":"https:\/\/uj.adatbank.ro\/lexikon\/wp-json\/wp\/v2\/comments?post=24622"}],"wp:attachment":[{"href":"https:\/\/uj.adatbank.ro\/lexikon\/wp-json\/wp\/v2\/media?parent=24622"}],"wp:term":[{"taxonomy":"product_brand","embeddable":true,"href":"https:\/\/uj.adatbank.ro\/lexikon\/wp-json\/wp\/v2\/product_brand?post=24622"},{"taxonomy":"product_cat","embeddable":true,"href":"https:\/\/uj.adatbank.ro\/lexikon\/wp-json\/wp\/v2\/product_cat?post=24622"},{"taxonomy":"product_tag","embeddable":true,"href":"https:\/\/uj.adatbank.ro\/lexikon\/wp-json\/wp\/v2\/product_tag?post=24622"}],"curies":[{"name":"wp","href":"https:\/\/api.w.org\/{rel}","templated":true}]}}