{"id":24624,"date":"2025-08-01T18:14:27","date_gmt":"2025-08-01T16:14:27","guid":{"rendered":"https:\/\/uj.adatbank.ro\/lexikon\/termek\/vitalis-jeno\/"},"modified":"2025-08-01T18:14:27","modified_gmt":"2025-08-01T16:14:27","slug":"vitalis-jeno","status":"publish","type":"product","link":"https:\/\/uj.adatbank.ro\/lexikon\/termek\/vitalis-jeno\/","title":{"rendered":"VIT\u00c1LIS Jen\u0151"},"content":{"rendered":"<p>Nagyernye, ? \u2020\u00a0?: asztalos, gazd\u00e1lkod\u00f3. \u2013 Iskol\u00e1it Nagyenyeden v\u00e9gezte, a szakm\u00e1t \u00e9desapja mellett saj\u00e1t\u00edtotta el, Mv.-en \u00e9s Bp.-en gyarap\u00edtotta tud\u00e1s\u00e1t, \u00f6n\u00e1ll\u00f3 mester lett (1925), \u00e9p\u00fclet- \u00e9s b\u00fatorasztalos munk\u00e1kat v\u00e9gzett. A MP tagja, r\u00e9szt vett a sz\u00f6vetkezeti munk\u00e1ban. <br \/><strong>\u2013 Irod.:<\/strong> Sz\u00e9kelyf\u00f6ld \u00ed. k.<\/br><\/p>\n","protected":false},"excerpt":{"rendered":"<p>Nagyernye, ? \u2020\u00a0?: asztalos, gazd\u00e1lkod\u00f3. \u2013 Iskol\u00e1it Nagyenyeden v\u00e9gezte, a szakm\u00e1t \u00e9desapja mellett saj\u00e1t\u00edtotta el, Mv.-en \u00e9s Bp.-en gyarap\u00edtotta tud\u00e1s\u00e1t, \u00f6n\u00e1ll\u00f3 mester lett (1925), \u00e9p\u00fclet- \u00e9s b\u00fatorasztalos munk\u00e1kat v\u00e9gzett. A MP tagja, r\u00e9szt vett a sz\u00f6vetkezeti munk\u00e1ban. \u2013 Irod.: Sz\u00e9kelyf\u00f6ld \u00ed. k.<\/p>\n","protected":false},"featured_media":0,"comment_status":"open","ping_status":"closed","template":"","meta":[],"product_brand":[],"product_cat":[137],"product_tag":[],"class_list":{"0":"post-24624","1":"product","2":"type-product","3":"status-publish","5":"product_cat-maros-megyei-eletrajzi-lexikon","7":"first","8":"instock","9":"shipping-taxable","10":"product-type-simple"},"_links":{"self":[{"href":"https:\/\/uj.adatbank.ro\/lexikon\/wp-json\/wp\/v2\/product\/24624","targetHints":{"allow":["GET"]}}],"collection":[{"href":"https:\/\/uj.adatbank.ro\/lexikon\/wp-json\/wp\/v2\/product"}],"about":[{"href":"https:\/\/uj.adatbank.ro\/lexikon\/wp-json\/wp\/v2\/types\/product"}],"replies":[{"embeddable":true,"href":"https:\/\/uj.adatbank.ro\/lexikon\/wp-json\/wp\/v2\/comments?post=24624"}],"wp:attachment":[{"href":"https:\/\/uj.adatbank.ro\/lexikon\/wp-json\/wp\/v2\/media?parent=24624"}],"wp:term":[{"taxonomy":"product_brand","embeddable":true,"href":"https:\/\/uj.adatbank.ro\/lexikon\/wp-json\/wp\/v2\/product_brand?post=24624"},{"taxonomy":"product_cat","embeddable":true,"href":"https:\/\/uj.adatbank.ro\/lexikon\/wp-json\/wp\/v2\/product_cat?post=24624"},{"taxonomy":"product_tag","embeddable":true,"href":"https:\/\/uj.adatbank.ro\/lexikon\/wp-json\/wp\/v2\/product_tag?post=24624"}],"curies":[{"name":"wp","href":"https:\/\/api.w.org\/{rel}","templated":true}]}}