{"id":24626,"date":"2025-08-01T18:14:32","date_gmt":"2025-08-01T16:14:32","guid":{"rendered":"https:\/\/uj.adatbank.ro\/lexikon\/termek\/vitalis-karoly\/"},"modified":"2025-08-01T18:14:32","modified_gmt":"2025-08-01T16:14:32","slug":"vitalis-karoly","status":"publish","type":"product","link":"https:\/\/uj.adatbank.ro\/lexikon\/termek\/vitalis-karoly\/","title":{"rendered":"VIT\u00c1LIS K\u00e1roly"},"content":{"rendered":"<p>Ny\u00e1r\u00e1dszentm\u00e1rton, 1833. dec. 9., \u2020\u00a0Cs\u00edksomly\u00f3, 1891. febr. 9.: r. k. pap. \u2013 Sz\u00e9kelykereszt\u00faron, Kv.-on tanult (\u00e1tt\u00e9rt az unit. vall\u00e1sb\u00f3l, 1856), teol. tanulm\u00e1nyait Gyulafeh\u00e9rv\u00e1ron v\u00e9gezte, papp\u00e1 szentelt\u00e9k (1860. j\u00fal.15.). K\u00e1pl\u00e1n Cs\u00edksomly\u00f3n, Gyergy\u00f3\u00fajfaluban. Lelkip\u00e1sztor Ol\u00e1hl\u00e1poson (1862), Eheden (1870), Sz\u00e9kelyhodoson (1872), Atyh\u00e1ban, Cs\u00edknagyboldogasszonyon. <br \/><strong>\u2013 Irod.:<\/strong> Ferenczi S\u00e1ndor 2009.<\/br><\/p>\n","protected":false},"excerpt":{"rendered":"<p>Ny\u00e1r\u00e1dszentm\u00e1rton, 1833. dec. 9., \u2020\u00a0Cs\u00edksomly\u00f3, 1891. febr. 9.: r. k. pap. \u2013 Sz\u00e9kelykereszt\u00faron, Kv.-on tanult (\u00e1tt\u00e9rt az unit. vall\u00e1sb\u00f3l, 1856), teol. tanulm\u00e1nyait Gyulafeh\u00e9rv\u00e1ron v\u00e9gezte, papp\u00e1 szentelt\u00e9k (1860. j\u00fal.15.). K\u00e1pl\u00e1n Cs\u00edksomly\u00f3n, Gyergy\u00f3\u00fajfaluban. Lelkip\u00e1sztor Ol\u00e1hl\u00e1poson (1862), Eheden (1870), Sz\u00e9kelyhodoson (1872), Atyh\u00e1ban, Cs\u00edknagyboldogasszonyon. \u2013 Irod.: Ferenczi S\u00e1ndor 2009.<\/p>\n","protected":false},"featured_media":0,"comment_status":"open","ping_status":"closed","template":"","meta":[],"product_brand":[],"product_cat":[137],"product_tag":[],"class_list":{"0":"post-24626","1":"product","2":"type-product","3":"status-publish","5":"product_cat-maros-megyei-eletrajzi-lexikon","7":"first","8":"instock","9":"shipping-taxable","10":"product-type-simple"},"_links":{"self":[{"href":"https:\/\/uj.adatbank.ro\/lexikon\/wp-json\/wp\/v2\/product\/24626","targetHints":{"allow":["GET"]}}],"collection":[{"href":"https:\/\/uj.adatbank.ro\/lexikon\/wp-json\/wp\/v2\/product"}],"about":[{"href":"https:\/\/uj.adatbank.ro\/lexikon\/wp-json\/wp\/v2\/types\/product"}],"replies":[{"embeddable":true,"href":"https:\/\/uj.adatbank.ro\/lexikon\/wp-json\/wp\/v2\/comments?post=24626"}],"wp:attachment":[{"href":"https:\/\/uj.adatbank.ro\/lexikon\/wp-json\/wp\/v2\/media?parent=24626"}],"wp:term":[{"taxonomy":"product_brand","embeddable":true,"href":"https:\/\/uj.adatbank.ro\/lexikon\/wp-json\/wp\/v2\/product_brand?post=24626"},{"taxonomy":"product_cat","embeddable":true,"href":"https:\/\/uj.adatbank.ro\/lexikon\/wp-json\/wp\/v2\/product_cat?post=24626"},{"taxonomy":"product_tag","embeddable":true,"href":"https:\/\/uj.adatbank.ro\/lexikon\/wp-json\/wp\/v2\/product_tag?post=24626"}],"curies":[{"name":"wp","href":"https:\/\/api.w.org\/{rel}","templated":true}]}}