{"id":24631,"date":"2025-08-01T18:14:42","date_gmt":"2025-08-01T16:14:42","guid":{"rendered":"https:\/\/uj.adatbank.ro\/lexikon\/termek\/vitalyos-emma-gidofalvi-dolleschall-ervinne\/"},"modified":"2025-08-01T18:14:42","modified_gmt":"2025-08-01T16:14:42","slug":"vitalyos-emma-gidofalvi-dolleschall-ervinne","status":"publish","type":"product","link":"https:\/\/uj.adatbank.ro\/lexikon\/termek\/vitalyos-emma-gidofalvi-dolleschall-ervinne\/","title":{"rendered":"VIT\u00c1LYOS Emma, gid\u00f3falvi; Dolleschall Ervinn\u00e9"},"content":{"rendered":"<p>Sz\u00e1szr\u00e9gen, 1881., \u2020\u00a0?: k\u00f6lt\u0151. \u2013 Kir. \u00edt\u00e9l\u0151t\u00e1blai b\u00edr\u00f3 \u00f6zvegye. L\u00edrai k\u00f6ltem\u00e9nyeket \u00edrt, amelyekb\u0151l erd\u00e9lyi \u00e9s f\u0151v\u00e1rosi lapok k\u00f6z\u00f6ltek (1907\u2013), majd a Zord Id\u0151, P\u00e1sztort\u0171z, Brass\u00f3i Lapok-ban jelenetek meg versei. \u2013  <strong>F. m..:<\/strong> Hull\u00f3 r\u00f3zs\u00e1k (gr. Bethlen Bal\u00e1zsn\u00e9 b. J\u00f3sika Beatrix el\u0151szav\u00e1val, Mv., 1916). <br \/><strong>\u2013 Irod.:<\/strong> F\u00fcl\u00f6p\u2013Ferencz; MIL.<\/br><\/p>\n","protected":false},"excerpt":{"rendered":"<p>Sz\u00e1szr\u00e9gen, 1881., \u2020\u00a0?: k\u00f6lt\u0151. \u2013 Kir. \u00edt\u00e9l\u0151t\u00e1blai b\u00edr\u00f3 \u00f6zvegye. L\u00edrai k\u00f6ltem\u00e9nyeket \u00edrt, amelyekb\u0151l erd\u00e9lyi \u00e9s f\u0151v\u00e1rosi lapok k\u00f6z\u00f6ltek (1907\u2013), majd a Zord Id\u0151, P\u00e1sztort\u0171z, Brass\u00f3i Lapok-ban jelenetek meg versei. \u2013 F. m..: Hull\u00f3 r\u00f3zs\u00e1k (gr. Bethlen Bal\u00e1zsn\u00e9 b. J\u00f3sika Beatrix el\u0151szav\u00e1val, Mv., 1916). \u2013 Irod.: F\u00fcl\u00f6p\u2013Ferencz; MIL.<\/p>\n","protected":false},"featured_media":0,"comment_status":"open","ping_status":"closed","template":"","meta":[],"product_brand":[],"product_cat":[137],"product_tag":[],"class_list":{"0":"post-24631","1":"product","2":"type-product","3":"status-publish","5":"product_cat-maros-megyei-eletrajzi-lexikon","7":"first","8":"instock","9":"shipping-taxable","10":"product-type-simple"},"_links":{"self":[{"href":"https:\/\/uj.adatbank.ro\/lexikon\/wp-json\/wp\/v2\/product\/24631","targetHints":{"allow":["GET"]}}],"collection":[{"href":"https:\/\/uj.adatbank.ro\/lexikon\/wp-json\/wp\/v2\/product"}],"about":[{"href":"https:\/\/uj.adatbank.ro\/lexikon\/wp-json\/wp\/v2\/types\/product"}],"replies":[{"embeddable":true,"href":"https:\/\/uj.adatbank.ro\/lexikon\/wp-json\/wp\/v2\/comments?post=24631"}],"wp:attachment":[{"href":"https:\/\/uj.adatbank.ro\/lexikon\/wp-json\/wp\/v2\/media?parent=24631"}],"wp:term":[{"taxonomy":"product_brand","embeddable":true,"href":"https:\/\/uj.adatbank.ro\/lexikon\/wp-json\/wp\/v2\/product_brand?post=24631"},{"taxonomy":"product_cat","embeddable":true,"href":"https:\/\/uj.adatbank.ro\/lexikon\/wp-json\/wp\/v2\/product_cat?post=24631"},{"taxonomy":"product_tag","embeddable":true,"href":"https:\/\/uj.adatbank.ro\/lexikon\/wp-json\/wp\/v2\/product_tag?post=24631"}],"curies":[{"name":"wp","href":"https:\/\/api.w.org\/{rel}","templated":true}]}}