{"id":24632,"date":"2025-08-01T18:14:44","date_gmt":"2025-08-01T16:14:44","guid":{"rendered":"https:\/\/uj.adatbank.ro\/lexikon\/termek\/vitalyos-geza-gidofalvi\/"},"modified":"2025-08-01T18:14:44","modified_gmt":"2025-08-01T16:14:44","slug":"vitalyos-geza-gidofalvi","status":"publish","type":"product","link":"https:\/\/uj.adatbank.ro\/lexikon\/termek\/vitalyos-geza-gidofalvi\/","title":{"rendered":"VIT\u00c1LYOS G\u00e9za, gid\u00f3falvi"},"content":{"rendered":"<p>? \u2020\u00a0?: dr., f\u0151szolgab\u00edr\u00f3. \u2013 Feles\u00e9ge: Jankafalvi Csat\u00f3 Gizella (1877? \u2013 Mv., 1941. jan. 10.). Gyermekeik: Lili, dr. Kapusy Dezs\u0151n\u00e9; G\u00e9za, Iv\u00e1n. \u2013 Az EMKE alap\u00edt\u00f3 \u00e9s \u00f6r\u00f6k\u00f6s tagja. A Mv.-i Kaszin\u00f3 tagja (1932). <br \/><strong>\u2013 Irod.:<\/strong> Bi\u00e1s Istv\u00e1n; Gy\u00e1szjelent\u0151; S\u00e1ndor.<\/br><\/p>\n","protected":false},"excerpt":{"rendered":"<p>? \u2020\u00a0?: dr., f\u0151szolgab\u00edr\u00f3. \u2013 Feles\u00e9ge: Jankafalvi Csat\u00f3 Gizella (1877? \u2013 Mv., 1941. jan. 10.). Gyermekeik: Lili, dr. Kapusy Dezs\u0151n\u00e9; G\u00e9za, Iv\u00e1n. \u2013 Az EMKE alap\u00edt\u00f3 \u00e9s \u00f6r\u00f6k\u00f6s tagja. A Mv.-i Kaszin\u00f3 tagja (1932). \u2013 Irod.: Bi\u00e1s Istv\u00e1n; Gy\u00e1szjelent\u0151; S\u00e1ndor.<\/p>\n","protected":false},"featured_media":0,"comment_status":"open","ping_status":"closed","template":"","meta":[],"product_brand":[],"product_cat":[137],"product_tag":[],"class_list":{"0":"post-24632","1":"product","2":"type-product","3":"status-publish","5":"product_cat-maros-megyei-eletrajzi-lexikon","7":"first","8":"instock","9":"shipping-taxable","10":"product-type-simple"},"_links":{"self":[{"href":"https:\/\/uj.adatbank.ro\/lexikon\/wp-json\/wp\/v2\/product\/24632","targetHints":{"allow":["GET"]}}],"collection":[{"href":"https:\/\/uj.adatbank.ro\/lexikon\/wp-json\/wp\/v2\/product"}],"about":[{"href":"https:\/\/uj.adatbank.ro\/lexikon\/wp-json\/wp\/v2\/types\/product"}],"replies":[{"embeddable":true,"href":"https:\/\/uj.adatbank.ro\/lexikon\/wp-json\/wp\/v2\/comments?post=24632"}],"wp:attachment":[{"href":"https:\/\/uj.adatbank.ro\/lexikon\/wp-json\/wp\/v2\/media?parent=24632"}],"wp:term":[{"taxonomy":"product_brand","embeddable":true,"href":"https:\/\/uj.adatbank.ro\/lexikon\/wp-json\/wp\/v2\/product_brand?post=24632"},{"taxonomy":"product_cat","embeddable":true,"href":"https:\/\/uj.adatbank.ro\/lexikon\/wp-json\/wp\/v2\/product_cat?post=24632"},{"taxonomy":"product_tag","embeddable":true,"href":"https:\/\/uj.adatbank.ro\/lexikon\/wp-json\/wp\/v2\/product_tag?post=24632"}],"curies":[{"name":"wp","href":"https:\/\/api.w.org\/{rel}","templated":true}]}}