{"id":24633,"date":"2025-08-01T18:14:46","date_gmt":"2025-08-01T16:14:46","guid":{"rendered":"https:\/\/uj.adatbank.ro\/lexikon\/termek\/vitalyos-gidofalvi\/"},"modified":"2025-08-01T18:14:46","modified_gmt":"2025-08-01T16:14:46","slug":"vitalyos-gidofalvi","status":"publish","type":"product","link":"https:\/\/uj.adatbank.ro\/lexikon\/termek\/vitalyos-gidofalvi\/","title":{"rendered":"VIT\u00c1LYOS, gid\u00f3falvi"},"content":{"rendered":"<p>Az \u0151si sz\u00e9kely nemes csal\u00e1d sz\u00e1rmaz\u00e1sa H\u00e1romsz\u00e9k, V. J\u00e1nos c\u00edmeres nemeslevelet nyert R\u00e1k\u00f3czi Gy\u00f6rgyt\u0151l (1646. m\u00e1rc. 19.). <br \/><strong>\u2013 Irod.:<\/strong> P\u00e1lmay.<\/br><\/p>\n","protected":false},"excerpt":{"rendered":"<p>Az \u0151si sz\u00e9kely nemes csal\u00e1d sz\u00e1rmaz\u00e1sa H\u00e1romsz\u00e9k, V. J\u00e1nos c\u00edmeres nemeslevelet nyert R\u00e1k\u00f3czi Gy\u00f6rgyt\u0151l (1646. m\u00e1rc. 19.). \u2013 Irod.: P\u00e1lmay.<\/p>\n","protected":false},"featured_media":0,"comment_status":"open","ping_status":"closed","template":"","meta":[],"product_brand":[],"product_cat":[137],"product_tag":[],"class_list":{"0":"post-24633","1":"product","2":"type-product","3":"status-publish","5":"product_cat-maros-megyei-eletrajzi-lexikon","7":"first","8":"instock","9":"shipping-taxable","10":"product-type-simple"},"_links":{"self":[{"href":"https:\/\/uj.adatbank.ro\/lexikon\/wp-json\/wp\/v2\/product\/24633","targetHints":{"allow":["GET"]}}],"collection":[{"href":"https:\/\/uj.adatbank.ro\/lexikon\/wp-json\/wp\/v2\/product"}],"about":[{"href":"https:\/\/uj.adatbank.ro\/lexikon\/wp-json\/wp\/v2\/types\/product"}],"replies":[{"embeddable":true,"href":"https:\/\/uj.adatbank.ro\/lexikon\/wp-json\/wp\/v2\/comments?post=24633"}],"wp:attachment":[{"href":"https:\/\/uj.adatbank.ro\/lexikon\/wp-json\/wp\/v2\/media?parent=24633"}],"wp:term":[{"taxonomy":"product_brand","embeddable":true,"href":"https:\/\/uj.adatbank.ro\/lexikon\/wp-json\/wp\/v2\/product_brand?post=24633"},{"taxonomy":"product_cat","embeddable":true,"href":"https:\/\/uj.adatbank.ro\/lexikon\/wp-json\/wp\/v2\/product_cat?post=24633"},{"taxonomy":"product_tag","embeddable":true,"href":"https:\/\/uj.adatbank.ro\/lexikon\/wp-json\/wp\/v2\/product_tag?post=24633"}],"curies":[{"name":"wp","href":"https:\/\/api.w.org\/{rel}","templated":true}]}}