{"id":24635,"date":"2025-08-01T18:14:51","date_gmt":"2025-08-01T16:14:51","guid":{"rendered":"https:\/\/uj.adatbank.ro\/lexikon\/termek\/vitalyos-ivan\/"},"modified":"2025-08-01T18:14:51","modified_gmt":"2025-08-01T16:14:51","slug":"vitalyos-ivan","status":"publish","type":"product","link":"https:\/\/uj.adatbank.ro\/lexikon\/termek\/vitalyos-ivan\/","title":{"rendered":"VIT\u00c1LYOS Iv\u00e1n"},"content":{"rendered":"<p>? 1909., \u2020\u00a0Mv., 1989. nov. 19.: \u00fcgyv\u00e9d, dr., t\u00f6rv\u00e9nysz\u00e9ki b\u00edr\u00f3. <br \/><strong>\u2013 Irod.:<\/strong> [Nekrol\u00f3g] (V. Z., 1989. nov. 21.).<\/br><\/p>\n","protected":false},"excerpt":{"rendered":"<p>? 1909., \u2020\u00a0Mv., 1989. nov. 19.: \u00fcgyv\u00e9d, dr., t\u00f6rv\u00e9nysz\u00e9ki b\u00edr\u00f3. \u2013 Irod.: [Nekrol\u00f3g] (V. Z., 1989. nov. 21.).<\/p>\n","protected":false},"featured_media":0,"comment_status":"open","ping_status":"closed","template":"","meta":[],"product_brand":[],"product_cat":[137],"product_tag":[],"class_list":{"0":"post-24635","1":"product","2":"type-product","3":"status-publish","5":"product_cat-maros-megyei-eletrajzi-lexikon","7":"first","8":"instock","9":"shipping-taxable","10":"product-type-simple"},"_links":{"self":[{"href":"https:\/\/uj.adatbank.ro\/lexikon\/wp-json\/wp\/v2\/product\/24635","targetHints":{"allow":["GET"]}}],"collection":[{"href":"https:\/\/uj.adatbank.ro\/lexikon\/wp-json\/wp\/v2\/product"}],"about":[{"href":"https:\/\/uj.adatbank.ro\/lexikon\/wp-json\/wp\/v2\/types\/product"}],"replies":[{"embeddable":true,"href":"https:\/\/uj.adatbank.ro\/lexikon\/wp-json\/wp\/v2\/comments?post=24635"}],"wp:attachment":[{"href":"https:\/\/uj.adatbank.ro\/lexikon\/wp-json\/wp\/v2\/media?parent=24635"}],"wp:term":[{"taxonomy":"product_brand","embeddable":true,"href":"https:\/\/uj.adatbank.ro\/lexikon\/wp-json\/wp\/v2\/product_brand?post=24635"},{"taxonomy":"product_cat","embeddable":true,"href":"https:\/\/uj.adatbank.ro\/lexikon\/wp-json\/wp\/v2\/product_cat?post=24635"},{"taxonomy":"product_tag","embeddable":true,"href":"https:\/\/uj.adatbank.ro\/lexikon\/wp-json\/wp\/v2\/product_tag?post=24635"}],"curies":[{"name":"wp","href":"https:\/\/api.w.org\/{rel}","templated":true}]}}