{"id":24636,"date":"2025-08-01T18:14:55","date_gmt":"2025-08-01T16:14:55","guid":{"rendered":"https:\/\/uj.adatbank.ro\/lexikon\/termek\/vitalyos-samuel-gidofalvi\/"},"modified":"2025-08-01T18:14:55","modified_gmt":"2025-08-01T16:14:55","slug":"vitalyos-samuel-gidofalvi","status":"publish","type":"product","link":"https:\/\/uj.adatbank.ro\/lexikon\/termek\/vitalyos-samuel-gidofalvi\/","title":{"rendered":"VIT\u00c1LYOS S\u00e1muel, gid\u00f3falvi"},"content":{"rendered":"<p>? \u2020 1896: kir. k\u00f6zjegyz\u0151 Mv.-en. \u2013 Virilista (1887). A Mv.- i Tornaegyes\u00fclet (1884) alap\u00edt\u00f3tagja, az EMKE alap\u00edt\u00f3 \u00e9s \u00f6r\u00f6k\u00f6s tagja (1885\u2013). <br \/><strong>\u2013 Irod.:<\/strong> P\u00e1lmay; S\u00e1ndor; Sikl\u00f3ssy.<\/br><\/p>\n","protected":false},"excerpt":{"rendered":"<p>? \u2020 1896: kir. k\u00f6zjegyz\u0151 Mv.-en. \u2013 Virilista (1887). A Mv.- i Tornaegyes\u00fclet (1884) alap\u00edt\u00f3tagja, az EMKE alap\u00edt\u00f3 \u00e9s \u00f6r\u00f6k\u00f6s tagja (1885\u2013). \u2013 Irod.: P\u00e1lmay; S\u00e1ndor; Sikl\u00f3ssy.<\/p>\n","protected":false},"featured_media":0,"comment_status":"open","ping_status":"closed","template":"","meta":[],"product_brand":[],"product_cat":[137],"product_tag":[],"class_list":{"0":"post-24636","1":"product","2":"type-product","3":"status-publish","5":"product_cat-maros-megyei-eletrajzi-lexikon","7":"first","8":"instock","9":"shipping-taxable","10":"product-type-simple"},"_links":{"self":[{"href":"https:\/\/uj.adatbank.ro\/lexikon\/wp-json\/wp\/v2\/product\/24636","targetHints":{"allow":["GET"]}}],"collection":[{"href":"https:\/\/uj.adatbank.ro\/lexikon\/wp-json\/wp\/v2\/product"}],"about":[{"href":"https:\/\/uj.adatbank.ro\/lexikon\/wp-json\/wp\/v2\/types\/product"}],"replies":[{"embeddable":true,"href":"https:\/\/uj.adatbank.ro\/lexikon\/wp-json\/wp\/v2\/comments?post=24636"}],"wp:attachment":[{"href":"https:\/\/uj.adatbank.ro\/lexikon\/wp-json\/wp\/v2\/media?parent=24636"}],"wp:term":[{"taxonomy":"product_brand","embeddable":true,"href":"https:\/\/uj.adatbank.ro\/lexikon\/wp-json\/wp\/v2\/product_brand?post=24636"},{"taxonomy":"product_cat","embeddable":true,"href":"https:\/\/uj.adatbank.ro\/lexikon\/wp-json\/wp\/v2\/product_cat?post=24636"},{"taxonomy":"product_tag","embeddable":true,"href":"https:\/\/uj.adatbank.ro\/lexikon\/wp-json\/wp\/v2\/product_tag?post=24636"}],"curies":[{"name":"wp","href":"https:\/\/api.w.org\/{rel}","templated":true}]}}