{"id":24641,"date":"2025-08-01T18:15:05","date_gmt":"2025-08-01T16:15:05","guid":{"rendered":"https:\/\/uj.adatbank.ro\/lexikon\/termek\/vitos-domokos\/"},"modified":"2025-08-01T18:15:05","modified_gmt":"2025-08-01T16:15:05","slug":"vitos-domokos","status":"publish","type":"product","link":"https:\/\/uj.adatbank.ro\/lexikon\/termek\/vitos-domokos\/","title":{"rendered":"VITOS Domokos"},"content":{"rendered":"<p>? \u2020 ?: tan\u00edt\u00f3. \u2013 A g\u00f6rg\u00e9nyszentimrei \u00faj \u00e1llami iskola tan\u00edt\u00f3ja (1912\u201322). <br \/><strong>\u2013 Irod.:<\/strong> Gurghiul.<\/br><\/p>\n","protected":false},"excerpt":{"rendered":"<p>? \u2020 ?: tan\u00edt\u00f3. \u2013 A g\u00f6rg\u00e9nyszentimrei \u00faj \u00e1llami iskola tan\u00edt\u00f3ja (1912\u201322). \u2013 Irod.: Gurghiul.<\/p>\n","protected":false},"featured_media":0,"comment_status":"open","ping_status":"closed","template":"","meta":[],"product_brand":[],"product_cat":[137],"product_tag":[],"class_list":{"0":"post-24641","1":"product","2":"type-product","3":"status-publish","5":"product_cat-maros-megyei-eletrajzi-lexikon","7":"first","8":"instock","9":"shipping-taxable","10":"product-type-simple"},"_links":{"self":[{"href":"https:\/\/uj.adatbank.ro\/lexikon\/wp-json\/wp\/v2\/product\/24641","targetHints":{"allow":["GET"]}}],"collection":[{"href":"https:\/\/uj.adatbank.ro\/lexikon\/wp-json\/wp\/v2\/product"}],"about":[{"href":"https:\/\/uj.adatbank.ro\/lexikon\/wp-json\/wp\/v2\/types\/product"}],"replies":[{"embeddable":true,"href":"https:\/\/uj.adatbank.ro\/lexikon\/wp-json\/wp\/v2\/comments?post=24641"}],"wp:attachment":[{"href":"https:\/\/uj.adatbank.ro\/lexikon\/wp-json\/wp\/v2\/media?parent=24641"}],"wp:term":[{"taxonomy":"product_brand","embeddable":true,"href":"https:\/\/uj.adatbank.ro\/lexikon\/wp-json\/wp\/v2\/product_brand?post=24641"},{"taxonomy":"product_cat","embeddable":true,"href":"https:\/\/uj.adatbank.ro\/lexikon\/wp-json\/wp\/v2\/product_cat?post=24641"},{"taxonomy":"product_tag","embeddable":true,"href":"https:\/\/uj.adatbank.ro\/lexikon\/wp-json\/wp\/v2\/product_tag?post=24641"}],"curies":[{"name":"wp","href":"https:\/\/api.w.org\/{rel}","templated":true}]}}