{"id":24642,"date":"2025-08-01T18:15:07","date_gmt":"2025-08-01T16:15:07","guid":{"rendered":"https:\/\/uj.adatbank.ro\/lexikon\/termek\/vitos-janos\/"},"modified":"2025-08-01T18:15:07","modified_gmt":"2025-08-01T16:15:07","slug":"vitos-janos","status":"publish","type":"product","link":"https:\/\/uj.adatbank.ro\/lexikon\/termek\/vitos-janos\/","title":{"rendered":"VITOS J\u00e1nos"},"content":{"rendered":"<p>Szentegyh\u00e1zasfalu, 1772. j\u00fan. 9. \u2020 1852. dec. 6.: r. k. pap. \u2013 Papp\u00e1 szentelt\u00e9k (1792. \u00e1pr. 28.). Pl\u00e9b\u00e1nos Kerel\u0151szentp\u00e1lon (1801\u201313), Bar\u00f3ton (1813). Nyugd\u00edjas Szentegyh\u00e1zasfaluban (1843\u2013). <br \/><strong>\u2013 Irod.:<\/strong> Ferenczi S\u00e1ndor 2009.<\/br><\/p>\n","protected":false},"excerpt":{"rendered":"<p>Szentegyh\u00e1zasfalu, 1772. j\u00fan. 9. \u2020 1852. dec. 6.: r. k. pap. \u2013 Papp\u00e1 szentelt\u00e9k (1792. \u00e1pr. 28.). Pl\u00e9b\u00e1nos Kerel\u0151szentp\u00e1lon (1801\u201313), Bar\u00f3ton (1813). Nyugd\u00edjas Szentegyh\u00e1zasfaluban (1843\u2013). \u2013 Irod.: Ferenczi S\u00e1ndor 2009.<\/p>\n","protected":false},"featured_media":0,"comment_status":"open","ping_status":"closed","template":"","meta":[],"product_brand":[],"product_cat":[137],"product_tag":[],"class_list":{"0":"post-24642","1":"product","2":"type-product","3":"status-publish","5":"product_cat-maros-megyei-eletrajzi-lexikon","7":"first","8":"instock","9":"shipping-taxable","10":"product-type-simple"},"_links":{"self":[{"href":"https:\/\/uj.adatbank.ro\/lexikon\/wp-json\/wp\/v2\/product\/24642","targetHints":{"allow":["GET"]}}],"collection":[{"href":"https:\/\/uj.adatbank.ro\/lexikon\/wp-json\/wp\/v2\/product"}],"about":[{"href":"https:\/\/uj.adatbank.ro\/lexikon\/wp-json\/wp\/v2\/types\/product"}],"replies":[{"embeddable":true,"href":"https:\/\/uj.adatbank.ro\/lexikon\/wp-json\/wp\/v2\/comments?post=24642"}],"wp:attachment":[{"href":"https:\/\/uj.adatbank.ro\/lexikon\/wp-json\/wp\/v2\/media?parent=24642"}],"wp:term":[{"taxonomy":"product_brand","embeddable":true,"href":"https:\/\/uj.adatbank.ro\/lexikon\/wp-json\/wp\/v2\/product_brand?post=24642"},{"taxonomy":"product_cat","embeddable":true,"href":"https:\/\/uj.adatbank.ro\/lexikon\/wp-json\/wp\/v2\/product_cat?post=24642"},{"taxonomy":"product_tag","embeddable":true,"href":"https:\/\/uj.adatbank.ro\/lexikon\/wp-json\/wp\/v2\/product_tag?post=24642"}],"curies":[{"name":"wp","href":"https:\/\/api.w.org\/{rel}","templated":true}]}}