{"id":24646,"date":"2025-08-01T18:15:14","date_gmt":"2025-08-01T16:15:14","guid":{"rendered":"https:\/\/uj.adatbank.ro\/lexikon\/termek\/vitus-jozsef\/"},"modified":"2025-08-01T18:15:14","modified_gmt":"2025-08-01T16:15:14","slug":"vitus-jozsef","status":"publish","type":"product","link":"https:\/\/uj.adatbank.ro\/lexikon\/termek\/vitus-jozsef\/","title":{"rendered":"VITUS J\u00f3zsef"},"content":{"rendered":"<p>Backamadaras, 1809, \u2020 Kisf\u00fclp\u00f6s, 1870. aug. 15.: ref. lelkip\u00e1sztor. \u2013 Lp. Nagyid\u00e1n (1836\u201357) \u00e9s Kisf\u00fclp\u00f6s\u00f6n (1858\u201370). <br \/><strong>\u2013 Irod.:<\/strong> B\u00f6jthe Andor: A G\u00f6rg\u00e9nyi ev. ref. egyh\u00e1zmegye t\u00f6rt\u00e9nete [k\u00e9zirat].<\/br><\/p>\n","protected":false},"excerpt":{"rendered":"<p>Backamadaras, 1809, \u2020 Kisf\u00fclp\u00f6s, 1870. aug. 15.: ref. lelkip\u00e1sztor. \u2013 Lp. Nagyid\u00e1n (1836\u201357) \u00e9s Kisf\u00fclp\u00f6s\u00f6n (1858\u201370). \u2013 Irod.: B\u00f6jthe Andor: A G\u00f6rg\u00e9nyi ev. ref. egyh\u00e1zmegye t\u00f6rt\u00e9nete [k\u00e9zirat].<\/p>\n","protected":false},"featured_media":0,"comment_status":"open","ping_status":"closed","template":"","meta":[],"product_brand":[],"product_cat":[137],"product_tag":[],"class_list":{"0":"post-24646","1":"product","2":"type-product","3":"status-publish","5":"product_cat-maros-megyei-eletrajzi-lexikon","7":"first","8":"instock","9":"shipping-taxable","10":"product-type-simple"},"_links":{"self":[{"href":"https:\/\/uj.adatbank.ro\/lexikon\/wp-json\/wp\/v2\/product\/24646","targetHints":{"allow":["GET"]}}],"collection":[{"href":"https:\/\/uj.adatbank.ro\/lexikon\/wp-json\/wp\/v2\/product"}],"about":[{"href":"https:\/\/uj.adatbank.ro\/lexikon\/wp-json\/wp\/v2\/types\/product"}],"replies":[{"embeddable":true,"href":"https:\/\/uj.adatbank.ro\/lexikon\/wp-json\/wp\/v2\/comments?post=24646"}],"wp:attachment":[{"href":"https:\/\/uj.adatbank.ro\/lexikon\/wp-json\/wp\/v2\/media?parent=24646"}],"wp:term":[{"taxonomy":"product_brand","embeddable":true,"href":"https:\/\/uj.adatbank.ro\/lexikon\/wp-json\/wp\/v2\/product_brand?post=24646"},{"taxonomy":"product_cat","embeddable":true,"href":"https:\/\/uj.adatbank.ro\/lexikon\/wp-json\/wp\/v2\/product_cat?post=24646"},{"taxonomy":"product_tag","embeddable":true,"href":"https:\/\/uj.adatbank.ro\/lexikon\/wp-json\/wp\/v2\/product_tag?post=24646"}],"curies":[{"name":"wp","href":"https:\/\/api.w.org\/{rel}","templated":true}]}}