{"id":24648,"date":"2025-08-01T18:15:19","date_gmt":"2025-08-01T16:15:19","guid":{"rendered":"https:\/\/uj.adatbank.ro\/lexikon\/termek\/vizaknai-ferenc\/"},"modified":"2025-08-01T18:15:19","modified_gmt":"2025-08-01T16:15:19","slug":"vizaknai-ferenc","status":"publish","type":"product","link":"https:\/\/uj.adatbank.ro\/lexikon\/termek\/vizaknai-ferenc\/","title":{"rendered":"V\u00cdZAKNAI Ferenc"},"content":{"rendered":"<p>? \u2020\u00a0?: birtokos. \u2013 Bog\u00e1thi L\u00e1szl\u00f3 ludasi Birtokost\u00f3l v\u00e1s\u00e1rolta meg a ludasi r\u00e9szbirtokait. Feh\u00e9regyh\u00e1z\u00e1n a csal\u00e1d birtok\u00e1n l\u00e9tezett a ferences kolostortemplom (1444), felt\u00e9telezhet\u0151, hogy el\u0151bb a segesv\u00e1ri domonkosokhoz tartozott, mert a domonkosok t\u0151le ig\u00e9nyelt\u00e9k a feh\u00e9regyh\u00e1zi birtok fel\u00e9t (1480), de M\u00e1ty\u00e1s kir\u00e1ly letiltotta \u0151ket. <br \/><strong>\u2013 Irod.:<\/strong> L\u00e9sty\u00e1n \u2013 templomok; Szekeres Ad\u00e9l: Ludas a XV \u2013 XVIII. sz\u00e1zad k\u00f6z\u00f6tt (N\u00fa., 1996. m\u00e1rc. 13.).<\/br><\/p>\n","protected":false},"excerpt":{"rendered":"<p>? \u2020\u00a0?: birtokos. \u2013 Bog\u00e1thi L\u00e1szl\u00f3 ludasi Birtokost\u00f3l v\u00e1s\u00e1rolta meg a ludasi r\u00e9szbirtokait. Feh\u00e9regyh\u00e1z\u00e1n a csal\u00e1d birtok\u00e1n l\u00e9tezett a ferences kolostortemplom (1444), felt\u00e9telezhet\u0151, hogy el\u0151bb a segesv\u00e1ri domonkosokhoz tartozott, mert a domonkosok t\u0151le ig\u00e9nyelt\u00e9k a feh\u00e9regyh\u00e1zi birtok fel\u00e9t (1480), de M\u00e1ty\u00e1s kir\u00e1ly letiltotta \u0151ket. \u2013 Irod.: L\u00e9sty\u00e1n \u2013 templomok; Szekeres Ad\u00e9l: Ludas a XV \u2013 [&hellip;]<\/p>\n","protected":false},"featured_media":0,"comment_status":"open","ping_status":"closed","template":"","meta":[],"product_brand":[],"product_cat":[137],"product_tag":[],"class_list":{"0":"post-24648","1":"product","2":"type-product","3":"status-publish","5":"product_cat-maros-megyei-eletrajzi-lexikon","7":"first","8":"instock","9":"shipping-taxable","10":"product-type-simple"},"_links":{"self":[{"href":"https:\/\/uj.adatbank.ro\/lexikon\/wp-json\/wp\/v2\/product\/24648","targetHints":{"allow":["GET"]}}],"collection":[{"href":"https:\/\/uj.adatbank.ro\/lexikon\/wp-json\/wp\/v2\/product"}],"about":[{"href":"https:\/\/uj.adatbank.ro\/lexikon\/wp-json\/wp\/v2\/types\/product"}],"replies":[{"embeddable":true,"href":"https:\/\/uj.adatbank.ro\/lexikon\/wp-json\/wp\/v2\/comments?post=24648"}],"wp:attachment":[{"href":"https:\/\/uj.adatbank.ro\/lexikon\/wp-json\/wp\/v2\/media?parent=24648"}],"wp:term":[{"taxonomy":"product_brand","embeddable":true,"href":"https:\/\/uj.adatbank.ro\/lexikon\/wp-json\/wp\/v2\/product_brand?post=24648"},{"taxonomy":"product_cat","embeddable":true,"href":"https:\/\/uj.adatbank.ro\/lexikon\/wp-json\/wp\/v2\/product_cat?post=24648"},{"taxonomy":"product_tag","embeddable":true,"href":"https:\/\/uj.adatbank.ro\/lexikon\/wp-json\/wp\/v2\/product_tag?post=24648"}],"curies":[{"name":"wp","href":"https:\/\/api.w.org\/{rel}","templated":true}]}}