{"id":24652,"date":"2025-08-01T18:15:26","date_gmt":"2025-08-01T16:15:26","guid":{"rendered":"https:\/\/uj.adatbank.ro\/lexikon\/termek\/vizaknai-vilmos\/"},"modified":"2025-08-01T18:15:26","modified_gmt":"2025-08-01T16:15:26","slug":"vizaknai-vilmos","status":"publish","type":"product","link":"https:\/\/uj.adatbank.ro\/lexikon\/termek\/vizaknai-vilmos\/","title":{"rendered":"VIZAKNAI Vilmos"},"content":{"rendered":"<p>? \u2020\u00a0?: erd\u00e9lyi alvajda (1446, 1451). \u2013 Hunyadi J\u00e1nos Marossz\u00e9kbe k\u00fcldte Ving\u00e1rti Ger\u00e9b J\u00e1nossal egy\u00fctt, hogy a sz\u00e9k f\u0151tisztjeivel \u00e9s 24 t\u00e1blab\u00edr\u00e1j\u00e1val v\u00e9gz\u00e9st hozzanak a sz\u00e9kely \u00f6r\u00f6k\u00f6s\u00f6d\u00e9s k\u00e9rd\u00e9s\u00e9ben (1451) <br \/><strong>\u2013 Irod.:<\/strong> SzOkl, 1.<\/br><\/p>\n","protected":false},"excerpt":{"rendered":"<p>? \u2020\u00a0?: erd\u00e9lyi alvajda (1446, 1451). \u2013 Hunyadi J\u00e1nos Marossz\u00e9kbe k\u00fcldte Ving\u00e1rti Ger\u00e9b J\u00e1nossal egy\u00fctt, hogy a sz\u00e9k f\u0151tisztjeivel \u00e9s 24 t\u00e1blab\u00edr\u00e1j\u00e1val v\u00e9gz\u00e9st hozzanak a sz\u00e9kely \u00f6r\u00f6k\u00f6s\u00f6d\u00e9s k\u00e9rd\u00e9s\u00e9ben (1451) \u2013 Irod.: SzOkl, 1.<\/p>\n","protected":false},"featured_media":0,"comment_status":"open","ping_status":"closed","template":"","meta":[],"product_brand":[],"product_cat":[137],"product_tag":[],"class_list":{"0":"post-24652","1":"product","2":"type-product","3":"status-publish","5":"product_cat-maros-megyei-eletrajzi-lexikon","7":"first","8":"instock","9":"shipping-taxable","10":"product-type-simple"},"_links":{"self":[{"href":"https:\/\/uj.adatbank.ro\/lexikon\/wp-json\/wp\/v2\/product\/24652","targetHints":{"allow":["GET"]}}],"collection":[{"href":"https:\/\/uj.adatbank.ro\/lexikon\/wp-json\/wp\/v2\/product"}],"about":[{"href":"https:\/\/uj.adatbank.ro\/lexikon\/wp-json\/wp\/v2\/types\/product"}],"replies":[{"embeddable":true,"href":"https:\/\/uj.adatbank.ro\/lexikon\/wp-json\/wp\/v2\/comments?post=24652"}],"wp:attachment":[{"href":"https:\/\/uj.adatbank.ro\/lexikon\/wp-json\/wp\/v2\/media?parent=24652"}],"wp:term":[{"taxonomy":"product_brand","embeddable":true,"href":"https:\/\/uj.adatbank.ro\/lexikon\/wp-json\/wp\/v2\/product_brand?post=24652"},{"taxonomy":"product_cat","embeddable":true,"href":"https:\/\/uj.adatbank.ro\/lexikon\/wp-json\/wp\/v2\/product_cat?post=24652"},{"taxonomy":"product_tag","embeddable":true,"href":"https:\/\/uj.adatbank.ro\/lexikon\/wp-json\/wp\/v2\/product_tag?post=24652"}],"curies":[{"name":"wp","href":"https:\/\/api.w.org\/{rel}","templated":true}]}}