{"id":24656,"date":"2025-08-01T18:15:34","date_gmt":"2025-08-01T16:15:34","guid":{"rendered":"https:\/\/uj.adatbank.ro\/lexikon\/termek\/vizi-janos-2\/"},"modified":"2025-08-01T18:15:34","modified_gmt":"2025-08-01T16:15:34","slug":"vizi-janos-2","status":"publish","type":"product","link":"https:\/\/uj.adatbank.ro\/lexikon\/termek\/vizi-janos-2\/","title":{"rendered":"V\u00cdZI J\u00e1nos"},"content":{"rendered":"<p>Mv., 1847. m\u00e1j. 27., \u2020 Csejd, 1913. febr.: ref. lelk\u00e9sz. \u2013 Feles\u00e9ge: Kiss Roz\u00e1lia (1879\u2013). Fiaik: Endre \u00e9s B\u00e9la. \u2013 Bed\u00e9ben szolg\u00e1lt (1882\u201384), Iklandon v\u00e9gezte a papi teend\u0151ket (1878\u201381), Csejden szolg\u00e1lt (1893\u20131913). Temett\u00e9k Jenei S\u00e1ndor nagyernyei \u00e9s Erd\u00e9lyi B\u00e9la iklandi lelk\u00e9szek (1913. febr. 5.). <br \/><strong>\u2013 Irod.:<\/strong> Cs\u00e1ky; Csejd \u2013 T\u00f3falva; P\u00e1lmay J\u00f3zsef.<\/br><\/p>\n","protected":false},"excerpt":{"rendered":"<p>Mv., 1847. m\u00e1j. 27., \u2020 Csejd, 1913. febr.: ref. lelk\u00e9sz. \u2013 Feles\u00e9ge: Kiss Roz\u00e1lia (1879\u2013). Fiaik: Endre \u00e9s B\u00e9la. \u2013 Bed\u00e9ben szolg\u00e1lt (1882\u201384), Iklandon v\u00e9gezte a papi teend\u0151ket (1878\u201381), Csejden szolg\u00e1lt (1893\u20131913). Temett\u00e9k Jenei S\u00e1ndor nagyernyei \u00e9s Erd\u00e9lyi B\u00e9la iklandi lelk\u00e9szek (1913. febr. 5.). \u2013 Irod.: Cs\u00e1ky; Csejd \u2013 T\u00f3falva; P\u00e1lmay J\u00f3zsef.<\/p>\n","protected":false},"featured_media":0,"comment_status":"open","ping_status":"closed","template":"","meta":[],"product_brand":[],"product_cat":[137],"product_tag":[],"class_list":{"0":"post-24656","1":"product","2":"type-product","3":"status-publish","5":"product_cat-maros-megyei-eletrajzi-lexikon","7":"first","8":"instock","9":"shipping-taxable","10":"product-type-simple"},"_links":{"self":[{"href":"https:\/\/uj.adatbank.ro\/lexikon\/wp-json\/wp\/v2\/product\/24656","targetHints":{"allow":["GET"]}}],"collection":[{"href":"https:\/\/uj.adatbank.ro\/lexikon\/wp-json\/wp\/v2\/product"}],"about":[{"href":"https:\/\/uj.adatbank.ro\/lexikon\/wp-json\/wp\/v2\/types\/product"}],"replies":[{"embeddable":true,"href":"https:\/\/uj.adatbank.ro\/lexikon\/wp-json\/wp\/v2\/comments?post=24656"}],"wp:attachment":[{"href":"https:\/\/uj.adatbank.ro\/lexikon\/wp-json\/wp\/v2\/media?parent=24656"}],"wp:term":[{"taxonomy":"product_brand","embeddable":true,"href":"https:\/\/uj.adatbank.ro\/lexikon\/wp-json\/wp\/v2\/product_brand?post=24656"},{"taxonomy":"product_cat","embeddable":true,"href":"https:\/\/uj.adatbank.ro\/lexikon\/wp-json\/wp\/v2\/product_cat?post=24656"},{"taxonomy":"product_tag","embeddable":true,"href":"https:\/\/uj.adatbank.ro\/lexikon\/wp-json\/wp\/v2\/product_tag?post=24656"}],"curies":[{"name":"wp","href":"https:\/\/api.w.org\/{rel}","templated":true}]}}