{"id":24658,"date":"2025-08-01T18:15:39","date_gmt":"2025-08-01T16:15:39","guid":{"rendered":"https:\/\/uj.adatbank.ro\/lexikon\/termek\/viziknai-miklos\/"},"modified":"2025-08-01T18:15:39","modified_gmt":"2025-08-01T16:15:39","slug":"viziknai-miklos","status":"publish","type":"product","link":"https:\/\/uj.adatbank.ro\/lexikon\/termek\/viziknai-miklos\/","title":{"rendered":"V\u00cdZ\u00cdKNAI Mikl\u00f3s"},"content":{"rendered":"<p>? \u2020\u00a0?: alkorm\u00e1nyz\u00f3. \u2013 A erd\u00e9lyi r\u00e9szek alkorm\u00e1nyz\u00f3ja (1450 k.) \u00e9s g\u00f6rg\u00e9nyi v\u00e1rnagy. V\u00edzaknai Mikl\u00f3s g\u00f6rg\u00e9nyi v\u00e1rnaggyal \u00edr\u00e1sba foglalt\u00e1k a mv.-i sz\u00e9kely gy\u0171l\u00e9snek a sz\u00e9kely \u00f6r\u00f6ks\u00e9gre vonatkoz\u00f3 hat\u00e1rozatait (1451. j\u00fan. 17.). <br \/><strong>\u2013 Irod.:<\/strong> Egyed \u00c1. 2013; Sz\u00e9kelys\u00e9g.<\/br><\/p>\n","protected":false},"excerpt":{"rendered":"<p>? \u2020\u00a0?: alkorm\u00e1nyz\u00f3. \u2013 A erd\u00e9lyi r\u00e9szek alkorm\u00e1nyz\u00f3ja (1450 k.) \u00e9s g\u00f6rg\u00e9nyi v\u00e1rnagy. V\u00edzaknai Mikl\u00f3s g\u00f6rg\u00e9nyi v\u00e1rnaggyal \u00edr\u00e1sba foglalt\u00e1k a mv.-i sz\u00e9kely gy\u0171l\u00e9snek a sz\u00e9kely \u00f6r\u00f6ks\u00e9gre vonatkoz\u00f3 hat\u00e1rozatait (1451. j\u00fan. 17.). \u2013 Irod.: Egyed \u00c1. 2013; Sz\u00e9kelys\u00e9g.<\/p>\n","protected":false},"featured_media":0,"comment_status":"open","ping_status":"closed","template":"","meta":[],"product_brand":[],"product_cat":[137],"product_tag":[],"class_list":{"0":"post-24658","1":"product","2":"type-product","3":"status-publish","5":"product_cat-maros-megyei-eletrajzi-lexikon","7":"first","8":"instock","9":"shipping-taxable","10":"product-type-simple"},"_links":{"self":[{"href":"https:\/\/uj.adatbank.ro\/lexikon\/wp-json\/wp\/v2\/product\/24658","targetHints":{"allow":["GET"]}}],"collection":[{"href":"https:\/\/uj.adatbank.ro\/lexikon\/wp-json\/wp\/v2\/product"}],"about":[{"href":"https:\/\/uj.adatbank.ro\/lexikon\/wp-json\/wp\/v2\/types\/product"}],"replies":[{"embeddable":true,"href":"https:\/\/uj.adatbank.ro\/lexikon\/wp-json\/wp\/v2\/comments?post=24658"}],"wp:attachment":[{"href":"https:\/\/uj.adatbank.ro\/lexikon\/wp-json\/wp\/v2\/media?parent=24658"}],"wp:term":[{"taxonomy":"product_brand","embeddable":true,"href":"https:\/\/uj.adatbank.ro\/lexikon\/wp-json\/wp\/v2\/product_brand?post=24658"},{"taxonomy":"product_cat","embeddable":true,"href":"https:\/\/uj.adatbank.ro\/lexikon\/wp-json\/wp\/v2\/product_cat?post=24658"},{"taxonomy":"product_tag","embeddable":true,"href":"https:\/\/uj.adatbank.ro\/lexikon\/wp-json\/wp\/v2\/product_tag?post=24658"}],"curies":[{"name":"wp","href":"https:\/\/api.w.org\/{rel}","templated":true}]}}