{"id":24662,"date":"2025-08-01T18:15:46","date_gmt":"2025-08-01T16:15:46","guid":{"rendered":"https:\/\/uj.adatbank.ro\/lexikon\/termek\/vlad-ioachim\/"},"modified":"2025-08-01T18:15:46","modified_gmt":"2025-08-01T16:15:46","slug":"vlad-ioachim","status":"publish","type":"product","link":"https:\/\/uj.adatbank.ro\/lexikon\/termek\/vlad-ioachim\/","title":{"rendered":"VLAD, Ioachim"},"content":{"rendered":"<p>P\u00e1n\u00e1d, 1910, jan 20.\u2020\u00a0?: tisztvisel\u0151, politikai fogoly. \u2013 A Faliboga-\u00f6sszeesk\u00fcv\u00e9s egyik vezet\u0151je. Mv.-en tart\u00f3ztatt\u00e1k le (1956. nov. 5). Hal\u00e1lra \u00edt\u00e9lt\u00e9k, de Gh. Dej megkegyelmezett neki \u00e9s m\u00e1s 67 t\u00e1rs\u00e1nak (1967). <br \/><strong>\u2013 Irod.:<\/strong> \u00c1ldozatok; Balint.<\/br><\/p>\n","protected":false},"excerpt":{"rendered":"<p>P\u00e1n\u00e1d, 1910, jan 20.\u2020\u00a0?: tisztvisel\u0151, politikai fogoly. \u2013 A Faliboga-\u00f6sszeesk\u00fcv\u00e9s egyik vezet\u0151je. Mv.-en tart\u00f3ztatt\u00e1k le (1956. nov. 5). Hal\u00e1lra \u00edt\u00e9lt\u00e9k, de Gh. Dej megkegyelmezett neki \u00e9s m\u00e1s 67 t\u00e1rs\u00e1nak (1967). \u2013 Irod.: \u00c1ldozatok; Balint.<\/p>\n","protected":false},"featured_media":0,"comment_status":"open","ping_status":"closed","template":"","meta":[],"product_brand":[],"product_cat":[137],"product_tag":[],"class_list":{"0":"post-24662","1":"product","2":"type-product","3":"status-publish","5":"product_cat-maros-megyei-eletrajzi-lexikon","7":"first","8":"instock","9":"shipping-taxable","10":"product-type-simple"},"_links":{"self":[{"href":"https:\/\/uj.adatbank.ro\/lexikon\/wp-json\/wp\/v2\/product\/24662","targetHints":{"allow":["GET"]}}],"collection":[{"href":"https:\/\/uj.adatbank.ro\/lexikon\/wp-json\/wp\/v2\/product"}],"about":[{"href":"https:\/\/uj.adatbank.ro\/lexikon\/wp-json\/wp\/v2\/types\/product"}],"replies":[{"embeddable":true,"href":"https:\/\/uj.adatbank.ro\/lexikon\/wp-json\/wp\/v2\/comments?post=24662"}],"wp:attachment":[{"href":"https:\/\/uj.adatbank.ro\/lexikon\/wp-json\/wp\/v2\/media?parent=24662"}],"wp:term":[{"taxonomy":"product_brand","embeddable":true,"href":"https:\/\/uj.adatbank.ro\/lexikon\/wp-json\/wp\/v2\/product_brand?post=24662"},{"taxonomy":"product_cat","embeddable":true,"href":"https:\/\/uj.adatbank.ro\/lexikon\/wp-json\/wp\/v2\/product_cat?post=24662"},{"taxonomy":"product_tag","embeddable":true,"href":"https:\/\/uj.adatbank.ro\/lexikon\/wp-json\/wp\/v2\/product_tag?post=24662"}],"curies":[{"name":"wp","href":"https:\/\/api.w.org\/{rel}","templated":true}]}}