{"id":24664,"date":"2025-08-01T18:15:50","date_gmt":"2025-08-01T16:15:50","guid":{"rendered":"https:\/\/uj.adatbank.ro\/lexikon\/termek\/vlad-ionel-v-iosif-victor-vlad\/"},"modified":"2025-08-01T18:15:50","modified_gmt":"2025-08-01T16:15:50","slug":"vlad-ionel-v-iosif-victor-vlad","status":"publish","type":"product","link":"https:\/\/uj.adatbank.ro\/lexikon\/termek\/vlad-ionel-v-iosif-victor-vlad\/","title":{"rendered":"VLAD, Ionel V; Iosif Victor Vlad"},"content":{"rendered":"<p>? \u2020\u00a0?: \u00e9p\u00edt\u00e9sz. \u2013 Tervez\u0151je a mv.-i nagy ortodox sz\u00e9kesegyh\u00e1znak (1925\u201334 k\u00f6z\u00f6tt \u00e9p\u00fclt, R\u00f3zs\u00e1k tere \/ Trandafirilor, 1.). \u2013  <strong>F. m..:<\/strong> t\u00e1rssz: Cod administrativ (Tg. M., 1936). <br \/><strong>\u2013 Irod.:<\/strong> F\u00fcl\u00f6p\u2013Ferencz; Man: Tg. M., 3.; Maros megye; Mv.-Bal\u00e1s; \u015eincan\u2013B\u0103ciu\u0163 2006; Tg.-Mure\u0219 \u2013 Mv.<\/br><\/p>\n","protected":false},"excerpt":{"rendered":"<p>? \u2020\u00a0?: \u00e9p\u00edt\u00e9sz. \u2013 Tervez\u0151je a mv.-i nagy ortodox sz\u00e9kesegyh\u00e1znak (1925\u201334 k\u00f6z\u00f6tt \u00e9p\u00fclt, R\u00f3zs\u00e1k tere \/ Trandafirilor, 1.). \u2013 F. m..: t\u00e1rssz: Cod administrativ (Tg. M., 1936). \u2013 Irod.: F\u00fcl\u00f6p\u2013Ferencz; Man: Tg. M., 3.; Maros megye; Mv.-Bal\u00e1s; \u015eincan\u2013B\u0103ciu\u0163 2006; Tg.-Mure\u0219 \u2013 Mv.<\/p>\n","protected":false},"featured_media":0,"comment_status":"open","ping_status":"closed","template":"","meta":[],"product_brand":[],"product_cat":[137],"product_tag":[],"class_list":{"0":"post-24664","1":"product","2":"type-product","3":"status-publish","5":"product_cat-maros-megyei-eletrajzi-lexikon","7":"first","8":"instock","9":"shipping-taxable","10":"product-type-simple"},"_links":{"self":[{"href":"https:\/\/uj.adatbank.ro\/lexikon\/wp-json\/wp\/v2\/product\/24664","targetHints":{"allow":["GET"]}}],"collection":[{"href":"https:\/\/uj.adatbank.ro\/lexikon\/wp-json\/wp\/v2\/product"}],"about":[{"href":"https:\/\/uj.adatbank.ro\/lexikon\/wp-json\/wp\/v2\/types\/product"}],"replies":[{"embeddable":true,"href":"https:\/\/uj.adatbank.ro\/lexikon\/wp-json\/wp\/v2\/comments?post=24664"}],"wp:attachment":[{"href":"https:\/\/uj.adatbank.ro\/lexikon\/wp-json\/wp\/v2\/media?parent=24664"}],"wp:term":[{"taxonomy":"product_brand","embeddable":true,"href":"https:\/\/uj.adatbank.ro\/lexikon\/wp-json\/wp\/v2\/product_brand?post=24664"},{"taxonomy":"product_cat","embeddable":true,"href":"https:\/\/uj.adatbank.ro\/lexikon\/wp-json\/wp\/v2\/product_cat?post=24664"},{"taxonomy":"product_tag","embeddable":true,"href":"https:\/\/uj.adatbank.ro\/lexikon\/wp-json\/wp\/v2\/product_tag?post=24664"}],"curies":[{"name":"wp","href":"https:\/\/api.w.org\/{rel}","templated":true}]}}