{"id":24675,"date":"2025-08-01T18:16:18","date_gmt":"2025-08-01T16:16:18","guid":{"rendered":"https:\/\/uj.adatbank.ro\/lexikon\/termek\/vlasa-ilie-2\/"},"modified":"2025-08-01T18:16:18","modified_gmt":"2025-08-01T16:16:18","slug":"vlasa-ilie-2","status":"publish","type":"product","link":"https:\/\/uj.adatbank.ro\/lexikon\/termek\/vlasa-ilie-2\/","title":{"rendered":"VLASA, Ilie"},"content":{"rendered":"<p>Mez\u0151ceked, 1916. aug. 17., \u2020 Csan\u00e1los (Szatm\u00e1r), 1944. okt. 23.: gazd\u00e1lkod\u00f3, katona. \u2013 Mint katona r\u00e9szt vett r\u00e9szt vett a II. vh.-ban. Harcolt Erd\u00e9ly felszabad\u00edt\u00e1s\u00e1\u00e9rt a Fogaras\u2013Sepsiszentgy\u00f6rgy, Marosv.\u2013Kv.\u2013Szatm\u00e1rn\u00e9meti vonalon. A Csan\u00e1los felszabad\u00edt\u00e1s\u00e1\u00e9rt v\u00edvott harcban esett el. <br \/><strong>\u2013 Irod.:<\/strong> MMK.<\/br><\/p>\n","protected":false},"excerpt":{"rendered":"<p>Mez\u0151ceked, 1916. aug. 17., \u2020 Csan\u00e1los (Szatm\u00e1r), 1944. okt. 23.: gazd\u00e1lkod\u00f3, katona. \u2013 Mint katona r\u00e9szt vett r\u00e9szt vett a II. vh.-ban. Harcolt Erd\u00e9ly felszabad\u00edt\u00e1s\u00e1\u00e9rt a Fogaras\u2013Sepsiszentgy\u00f6rgy, Marosv.\u2013Kv.\u2013Szatm\u00e1rn\u00e9meti vonalon. A Csan\u00e1los felszabad\u00edt\u00e1s\u00e1\u00e9rt v\u00edvott harcban esett el. \u2013 Irod.: MMK.<\/p>\n","protected":false},"featured_media":0,"comment_status":"open","ping_status":"closed","template":"","meta":[],"product_brand":[],"product_cat":[137],"product_tag":[],"class_list":{"0":"post-24675","1":"product","2":"type-product","3":"status-publish","5":"product_cat-maros-megyei-eletrajzi-lexikon","7":"first","8":"instock","9":"shipping-taxable","10":"product-type-simple"},"_links":{"self":[{"href":"https:\/\/uj.adatbank.ro\/lexikon\/wp-json\/wp\/v2\/product\/24675","targetHints":{"allow":["GET"]}}],"collection":[{"href":"https:\/\/uj.adatbank.ro\/lexikon\/wp-json\/wp\/v2\/product"}],"about":[{"href":"https:\/\/uj.adatbank.ro\/lexikon\/wp-json\/wp\/v2\/types\/product"}],"replies":[{"embeddable":true,"href":"https:\/\/uj.adatbank.ro\/lexikon\/wp-json\/wp\/v2\/comments?post=24675"}],"wp:attachment":[{"href":"https:\/\/uj.adatbank.ro\/lexikon\/wp-json\/wp\/v2\/media?parent=24675"}],"wp:term":[{"taxonomy":"product_brand","embeddable":true,"href":"https:\/\/uj.adatbank.ro\/lexikon\/wp-json\/wp\/v2\/product_brand?post=24675"},{"taxonomy":"product_cat","embeddable":true,"href":"https:\/\/uj.adatbank.ro\/lexikon\/wp-json\/wp\/v2\/product_cat?post=24675"},{"taxonomy":"product_tag","embeddable":true,"href":"https:\/\/uj.adatbank.ro\/lexikon\/wp-json\/wp\/v2\/product_tag?post=24675"}],"curies":[{"name":"wp","href":"https:\/\/api.w.org\/{rel}","templated":true}]}}