{"id":24677,"date":"2025-08-01T18:16:26","date_gmt":"2025-08-01T16:16:26","guid":{"rendered":"https:\/\/uj.adatbank.ro\/lexikon\/termek\/vlasa-valer\/"},"modified":"2025-08-01T18:16:26","modified_gmt":"2025-08-01T16:16:26","slug":"vlasa-valer","status":"publish","type":"product","link":"https:\/\/uj.adatbank.ro\/lexikon\/termek\/vlasa-valer\/","title":{"rendered":"VLASA, Valer"},"content":{"rendered":"<p>Maroslekence, 1871. nov. 8., \u2020 Maroslekence, 1944. szept. 28: CFR munk\u00e1s. \u2013 A b\u00e9csi d\u00f6nt\u00e9s ut\u00e1n a rom\u00e1n r\u00e9szen lakott 5 km-re a demark\u00e1ci\u00f3s vonalt\u00f3l. Amikor a horthysta csapatok elfoglalt\u00e1k a k\u00f6zeli rom\u00e1n falvakat (1944. szept. 5.), t\u00f6bb falubelij\u00e9vel egy\u00fctt inform\u00e1ci\u00f3kat szolg\u00e1ltatott a rom\u00e1n hadseregnek az ellens\u00e9gr\u0151l, elfogt\u00e1k \u00e9s helyben kiv\u00e9gezt\u00e9k. <br \/><strong>\u2013 Irod.:<\/strong> MMK.<\/br><\/p>\n","protected":false},"excerpt":{"rendered":"<p>Maroslekence, 1871. nov. 8., \u2020 Maroslekence, 1944. szept. 28: CFR munk\u00e1s. \u2013 A b\u00e9csi d\u00f6nt\u00e9s ut\u00e1n a rom\u00e1n r\u00e9szen lakott 5 km-re a demark\u00e1ci\u00f3s vonalt\u00f3l. Amikor a horthysta csapatok elfoglalt\u00e1k a k\u00f6zeli rom\u00e1n falvakat (1944. szept. 5.), t\u00f6bb falubelij\u00e9vel egy\u00fctt inform\u00e1ci\u00f3kat szolg\u00e1ltatott a rom\u00e1n hadseregnek az ellens\u00e9gr\u0151l, elfogt\u00e1k \u00e9s helyben kiv\u00e9gezt\u00e9k. \u2013 Irod.: MMK.<\/p>\n","protected":false},"featured_media":0,"comment_status":"open","ping_status":"closed","template":"","meta":[],"product_brand":[],"product_cat":[137],"product_tag":[],"class_list":{"0":"post-24677","1":"product","2":"type-product","3":"status-publish","5":"product_cat-maros-megyei-eletrajzi-lexikon","7":"first","8":"instock","9":"shipping-taxable","10":"product-type-simple"},"_links":{"self":[{"href":"https:\/\/uj.adatbank.ro\/lexikon\/wp-json\/wp\/v2\/product\/24677","targetHints":{"allow":["GET"]}}],"collection":[{"href":"https:\/\/uj.adatbank.ro\/lexikon\/wp-json\/wp\/v2\/product"}],"about":[{"href":"https:\/\/uj.adatbank.ro\/lexikon\/wp-json\/wp\/v2\/types\/product"}],"replies":[{"embeddable":true,"href":"https:\/\/uj.adatbank.ro\/lexikon\/wp-json\/wp\/v2\/comments?post=24677"}],"wp:attachment":[{"href":"https:\/\/uj.adatbank.ro\/lexikon\/wp-json\/wp\/v2\/media?parent=24677"}],"wp:term":[{"taxonomy":"product_brand","embeddable":true,"href":"https:\/\/uj.adatbank.ro\/lexikon\/wp-json\/wp\/v2\/product_brand?post=24677"},{"taxonomy":"product_cat","embeddable":true,"href":"https:\/\/uj.adatbank.ro\/lexikon\/wp-json\/wp\/v2\/product_cat?post=24677"},{"taxonomy":"product_tag","embeddable":true,"href":"https:\/\/uj.adatbank.ro\/lexikon\/wp-json\/wp\/v2\/product_tag?post=24677"}],"curies":[{"name":"wp","href":"https:\/\/api.w.org\/{rel}","templated":true}]}}