{"id":24678,"date":"2025-08-01T18:16:29","date_gmt":"2025-08-01T16:16:29","guid":{"rendered":"https:\/\/uj.adatbank.ro\/lexikon\/termek\/vlascovici-marcu\/"},"modified":"2025-08-01T18:16:29","modified_gmt":"2025-08-01T16:16:29","slug":"vlascovici-marcu","status":"publish","type":"product","link":"https:\/\/uj.adatbank.ro\/lexikon\/termek\/vlascovici-marcu\/","title":{"rendered":"VLA\u015eCOVICI, Marcu"},"content":{"rendered":"<p>? \u2020 ?: ikonfest\u0151 \u00e9s pap. \u2013 Szentandr\u00e1son festett templomot (1740), de teljes bizonyoss\u00e1ggal \u0151 festette a mez\u0151szentm\u00e1rtoni templom belsej\u00e9t, a g\u00f6rg\u00e9nys\u00f3aknai k\u00e9t J\u00e9zus, a tan\u00edt\u00f3 (1778 \u00e9s 1783) c. ikonokat, a mez\u0151banyicai templomajt\u00f3kat, amelyeken nincs d\u00e1tum. Kisszederjesen festette a cs\u00e1sz\u00e1ri k\u00e9peket \u00e9s az ajt\u00f3kon lev\u0151 k\u00e9peket is (kb.1770\u20131780), a g\u00f6rg\u00e9nyn\u00e1dasi apostolok k\u00e9peit (1775). <br \/><strong>\u2013 Irod.:<\/strong> Regh. Cult. 9.<\/br><\/p>\n","protected":false},"excerpt":{"rendered":"<p>? \u2020 ?: ikonfest\u0151 \u00e9s pap. \u2013 Szentandr\u00e1son festett templomot (1740), de teljes bizonyoss\u00e1ggal \u0151 festette a mez\u0151szentm\u00e1rtoni templom belsej\u00e9t, a g\u00f6rg\u00e9nys\u00f3aknai k\u00e9t J\u00e9zus, a tan\u00edt\u00f3 (1778 \u00e9s 1783) c. ikonokat, a mez\u0151banyicai templomajt\u00f3kat, amelyeken nincs d\u00e1tum. Kisszederjesen festette a cs\u00e1sz\u00e1ri k\u00e9peket \u00e9s az ajt\u00f3kon lev\u0151 k\u00e9peket is (kb.1770\u20131780), a g\u00f6rg\u00e9nyn\u00e1dasi apostolok k\u00e9peit (1775). \u2013 [&hellip;]<\/p>\n","protected":false},"featured_media":0,"comment_status":"open","ping_status":"closed","template":"","meta":[],"product_brand":[],"product_cat":[137],"product_tag":[],"class_list":{"0":"post-24678","1":"product","2":"type-product","3":"status-publish","5":"product_cat-maros-megyei-eletrajzi-lexikon","7":"first","8":"instock","9":"shipping-taxable","10":"product-type-simple"},"_links":{"self":[{"href":"https:\/\/uj.adatbank.ro\/lexikon\/wp-json\/wp\/v2\/product\/24678","targetHints":{"allow":["GET"]}}],"collection":[{"href":"https:\/\/uj.adatbank.ro\/lexikon\/wp-json\/wp\/v2\/product"}],"about":[{"href":"https:\/\/uj.adatbank.ro\/lexikon\/wp-json\/wp\/v2\/types\/product"}],"replies":[{"embeddable":true,"href":"https:\/\/uj.adatbank.ro\/lexikon\/wp-json\/wp\/v2\/comments?post=24678"}],"wp:attachment":[{"href":"https:\/\/uj.adatbank.ro\/lexikon\/wp-json\/wp\/v2\/media?parent=24678"}],"wp:term":[{"taxonomy":"product_brand","embeddable":true,"href":"https:\/\/uj.adatbank.ro\/lexikon\/wp-json\/wp\/v2\/product_brand?post=24678"},{"taxonomy":"product_cat","embeddable":true,"href":"https:\/\/uj.adatbank.ro\/lexikon\/wp-json\/wp\/v2\/product_cat?post=24678"},{"taxonomy":"product_tag","embeddable":true,"href":"https:\/\/uj.adatbank.ro\/lexikon\/wp-json\/wp\/v2\/product_tag?post=24678"}],"curies":[{"name":"wp","href":"https:\/\/api.w.org\/{rel}","templated":true}]}}