{"id":24681,"date":"2025-08-01T18:16:35","date_gmt":"2025-08-01T16:16:35","guid":{"rendered":"https:\/\/uj.adatbank.ro\/lexikon\/termek\/vlasiu-ion-%c2%a7-eredeti-neve-vlas-ioan-alnevei-lukian-vlasiu-saul-palaghia-gheorghe-scridon\/"},"modified":"2025-08-01T18:16:35","modified_gmt":"2025-08-01T16:16:35","slug":"vlasiu-ion-%c2%a7-eredeti-neve-vlas-ioan-alnevei-lukian-vlasiu-saul-palaghia-gheorghe-scridon","status":"publish","type":"product","link":"https:\/\/uj.adatbank.ro\/lexikon\/termek\/vlasiu-ion-%c2%a7-eredeti-neve-vlas-ioan-alnevei-lukian-vlasiu-saul-palaghia-gheorghe-scridon\/","title":{"rendered":"VLASIU, Ion, \u00a7 eredeti neve: Vlas Ioan; \u00e1lnevei: Lukian Vlasiu, Saul Palaghia, Gheorghe Scridon"},"content":{"rendered":"<p>Maroslekence (Maros), 1908. m\u00e1j. 6., \u2020 Buk., 1997. dec. 18: szobr\u00e1sz, \u00edr\u00f3, fest\u0151. \u2013 Tanult sz\u00fcl\u0151faluj\u00e1ban \u00e9s Ugr\u00e1n a nagysz\u00fcl\u0151k gy\u00e1ms\u00e1ga alatt, mert \u00e1rva volt. Tanulm\u00e1nyait a mv.-i Fa- \u00e9s F\u00e9mipari Iskola asztalos r\u00e9szleg\u00e9n folytatta (1921\u201326). Nev\u00e9t Vlasiura v\u00e1ltoztatta (1921). F\u0151szerkeszt\u0151je az Arta plastica foly\u00f3iratnak (1922\u201327), Kv.-on a Sz\u00e9pm\u0171v\u00e9szeti Akad. szobr\u00e1sz szak\u00e1n tanult (1928\u201331), tan\u00e1rai Romulus Ladea, Catul Bogdan, Aurel Ciupe. Faragott k\u0151be, m\u00e1rv\u00e1nyba, f\u00e1ba, festett \u00e9s rajzolt. Verssel Kv.-on jelentkezett az O lume nou\u0103 c. foly\u00f3iratban (1930). Erd\u00e9lyi tev\u00e9kenys\u00e9g\u00e9nek helysz\u00ednei Lekence, Marosugra \u00e9s Bisztra. Mv. egy\u00e9ni szobr\u00e1szati ki\u00e1ll\u00edt\u00e1ssal deb\u00fct\u00e1lt Lukian Vlasiu n\u00e9ven (1932). T\u00f6bb m\u0171v\u00e9sszel k\u00f6z\u00f6sen szerkesztette a Herald c. avantgarde foly\u00f3iratot (1933), amelyben Saul Palaghia n\u00e9ven k\u00f6z\u00f6lt. R\u00e9szt vett a Dimitrie Gusti \u00e1ltal szervezett ter\u00fcletkutat\u00f3 kamp\u00e1nyban M\u00f3zes k\u00f6zs\u00e9gben az Avasban (1936). Kv.-on megnyitott egy szobr\u00e1sz szabadiskol\u00e1t (1936). Tanulm\u00e1nyutat tett Eur\u00f3pa t\u00f6bb v\u00e1ros\u00e1ban: Pr\u00e1ga, Belgr\u00e1d, Bp., Z\u00e1gr\u00e1b, Velence, Mil\u00e1n\u00f3 \u00e9s P\u00e1rizs, ahol megismerkedett Br\u00e2ncu\u015fi-sal (1937\u2013). Ki\u00e1ll\u00edtott P\u00e1rizsban is, majd a vil\u00e1g t\u00f6bb m\u00e1s orsz\u00e1g\u00e1ban, foly\u00f3iratokban publik\u00e1lt. P\u00e1rizsban meg\u00edrta \u00f6n\u00e9letrajzi reg\u00e9ny\u00e9t Am plecat din sat c.-mel (1938). Kv.-ra k\u00f6lt\u00f6z\u00f6tt (1939). B\u00e9csi Dikt\u00e1tum ut\u00e1n Buk.-ben telepedett le (1940), \u00e9s minden hivatalos m\u0171v\u00e9szeti szalonban r\u00e9szt vett. Tagja lett az \u00cdr\u00f3sz\u00f6vets\u00e9gnek. Saj\u00e1t k\u00f6lts\u00e9g\u00e9n adja ki a Poveste cu n\u0103luci c. k\u00f6tet\u00e9t (1941). Elk\u00e9sz\u00edtette Ion Antonescu szobr\u00e1t, szobrokkal vett r\u00e9szt a rom\u00e1n \u00e1llam \u00e1ltal Drezd\u00e1ban, Z\u00fcrichben \u00e9s Stockholmban szervezett ki\u00e1ll\u00edt\u00e1son (1943). A K\u00e9pz\u0151m\u0171v\u00e9szek Test\u00fclete (Corpul Arti\u015ftilor Plastici) a Hivatalos K\u00f6zl\u00f6nyben k\u00f6z\u00f6lte a 175 tagja nev\u00e9t (1943. febr. 27) \u00e9s k\u00f6zt\u00fck szerepelt I. V. is. Annak a komisszi\u00f3nak a tagja volt, amelynek feladata a berlini rom\u00e1n vall\u00e1sos m\u00fazeum fel\u00e1ll\u00edt\u00e1sa, ez\u00e9rt a katonas\u00e1g al\u00f3l is felmentett\u00e9k (1943). A M\u0171v\u00e9szeti Miniszt\u00e9rium inspektora (1945\u201347?). T\u00f6bb hazai ki\u00e1ll\u00edt\u00e1st szervezett, eml\u00e9km\u0171veket val\u00f3s\u00edtott meg, a K\u00e9pz\u0151m\u0171v\u00e9szek Sz\u00f6vets\u00e9ge foly\u00f3irat\u00e1nak, az Art\u00e1nak, a f\u0151szerkeszt\u0151je (1963). Munkat\u00e1rsa volt t\u00f6bb id\u0151szakos kiadv\u00e1nynak: Ac\u0163iunea, Piatra, G\u00e2nd rom\u00e2nesc, Caleidoscop, Societatea de m\u00e2ine, Revista literar\u0103, Rom\u00e2nia nou\u0103, Na\u0163iunea, Sympozion, \u0162ara nou\u0103, \u0162ara noastr\u0103, Dacia, Dacia rediviva, Fapta, Ardealul, Lumin\u0103 \u015fi culoare, Hyperion, Arta plastic\u0103, A H\u00e9t, Via\u0163a studen\u0163easc\u0103, St. r., Vatra stb. A M\u0171kritikusok Nemzetk\u00f6zi Egyes\u00fclete tagjai k\u00f6z\u00e9 v\u00e1lasztotta. A kv.-i BBTE \u201eDoktor Honoris Causa\u201d c\u00edmet adom\u00e1nyozott neki (1993). Mv. V\u00e1ros D\u00edszpolg\u00e1r\u00e1v\u00e1 avatt\u00e1k (1997).. A rom\u00e1n t\u00f6rt\u00e9nelemb\u0151l \u00e9s n\u00e9pm\u0171v\u00e9szetb\u0151l mer\u00edtette legt\u00f6bb t\u00e9m\u00e1j\u00e1t, megtal\u00e1lva hozz\u00e1 a legmegfelel\u0151bb anyagot, legyen az k\u0151, m\u00e1rv\u00e1ny vagy bronz. Sz\u00e1mtalan m\u0171v\u00e9szeti \u00e9s irodalmi d\u00edjban, kit\u00fcntet\u00e9sben r\u00e9szes\u00fclt: az Akad\u00e9mia szobr\u00e1szati d\u00edja (1928), a Rom\u00e1n Akad\u00e9mia irodalmi d\u00edja az Am plecat din sat c. reg\u00e9ny\u00e9\u00e9rt (1939); II. D\u00edj szobr\u00e1szat\u00e9rt az Erd\u00e9lyi K\u00e9pz\u0151m\u0171v\u00e9szeti Ki\u00e1ll\u00edt\u00e1son: 1919\u20131939, amelyet az ASTRA szervezett Kv.-on (1939), \u201eAnastasie Simu\u201d D\u00edj szobr\u00e1szat\u00e9rt (1942, Buk.-ben a Salonul Oficial-on, 1943), I. D\u00edj Puskin mellszobr\u00e1\u00e9rt (1945), Kult\u00far\u00e1lis \u00c9rdem (Meritul Cultural, II. oszt., 1968), az \u00c9rdemes M\u0171v\u00e9sz c. \u00e9s az \u201eEminescu-Creang\u0103\u201d Eml\u00e9k\u00e9rem (1969), Kultur\u00e1lis \u00c9rdem \u00e9s med\u00e1lion (Meritul Cultural, I. oszt. \u00e9s az \u201eA 50-a aniversare a PCR \u201e, 1971), A K\u00f6zt\u00e1rsas\u00e1g kiki\u00e1lt\u00e1s\u00e1nak 25. \u00e9vfordul\u00f3ja (\u201eA 25-a aniversare a proclam\u0103rii Republicii\u201d) \u00e9rem (1972, a \u201e23 August\u201d III-oszt. kit\u00fcntet\u00e9s a Horia, Clo\u015fca, Cri\u015fan eml\u00e9km\u0171\u00e9rt Kv.-on (1974), a Rom\u00e1nia fasiszta uralom aloli felszabadul\u00e1s\u00e1\u00e9rt \u00e9rem (\u201e30 de ani de la eliberarea Rom\u00e2niei de sub domina\u0163ia fa\u015fcist\u0103\u201d) a bal\u00e1zsfalvi Monumentul Unirii eml\u00e9km\u0171\u00e9rt (1975), Munka \u00c9rdemrend (Ordinul Muncii, II. oszt. a Piatra Neam\u0163-i Ion Creang\u0103 eml\u00e9km\u0171\u00e9rt (1983), az \u00cdr\u00f3sz\u00f6vets\u00e9g D\u00edja a \u201eCartea de toate zilele\u201d c. k\u00f6tet\u00e9\u00e9rt (1987). \u2013  <strong>F. ki\u00e1ll.:<\/strong> Mv. (1932\u201335), Kv. (1932\u201335, 1939; sz\u00fclet\u00e9s\u00e9nek 75. \u00e9vfordul\u00f3j\u00e1n fest\u00e9szeti \u00e9s szobr\u00e1szati ki\u00e1ll., 1983. m\u00e1j.); P\u00e1rizs (h\u00e1rom f\u00e1ba v\u00e9sett szobr\u00e1t a Nemzetk\u00f6zi Jelenkori Ki\u00e1ll\u00edt\u00e1son mutatt\u00e1k be, szem\u00e9lyes fest\u00e9szeti ki\u00e1ll\u00edt\u00e1sa volt, k\u0151szoborral \u00e9s festm\u00e9nyekkel vett r\u00e9szt a \u201eSalon des Tuileries\u201d-en, 1937\u201338); Buk. (Dalles terem, 1942, 1944; C\u0103minul Artei, 1943; Brezoianu u.-i k\u00f6nyves\u00fczletben Aurel Cojan fest\u0151vel, 1943), Odesa (1942), P\u00e1rizs, Drezda, Z\u00fcrich, Stockholm, Belgr\u00e1d (1945), Bp.(1945), Moszkva, Torino; Middelheim (Belgium, a Nemzetk\u00f6zi Szabadt\u00e9ri Szobr\u00e1szati Szalonban, 1967); P\u00e1rizs (Br\u00e2ncu\u015fi Eml\u00e9kki\u00e1ll\u00edt\u00e1son, 1967); Velence, Bienn\u00e1l\u00e9 (1976); a szocialista orsz\u00e1gok 30 gy\u0151zedelmes \u00e9v v\u00e1ndorki\u00e1ll\u00edt\u00e1s\u00e1n Moszkv\u00e1ban, Pr\u00e1g\u00e1ban, Bp.-en, Sz\u00f3fi\u00e1ban, Plodvivban, Vars\u00f3ban \u00e9s Buk.-ben (1976); Vars\u00f3 (1977); Pireu (G\u00f6r\u00f6go., 1979); Buc. (1980); k\u00f6zt\u00e9ri szobrai: Segesv\u00e1ron Zaharia Boiu, Ilarie Chendi, Nicolae Filipescu mellszobor \u00e9s a v\u00e1ros l\u00edceuma r\u00e9sz\u00e9re k\u00e9sz\u00edtette M. Eminescu \u00e9s O. Gog\u00e1\u00e9t (1939) \u00e9s k\u0151be faragta George Boldea k\u00f6lt\u0151 s\u00edreml\u00e9k\u00e9t is (1937). Horea, Clo\u015fca \u00e9s Cri\u015fan eml\u00e9km\u0171 \u00e9s az 1907-es parasztfelkel\u00e9s c. Kv.-on, a bal\u00e1zsfalvi Szabads\u00e1g Mezej\u00e9n B\u0103rnu\u0163iu \u00e9s Alexandri mellszobor, a gyulafeh\u00e9rv\u00e1ri Gy\u0151zelem eml\u00e9km\u0171, Buk.-ben a Bellu Temet\u0151ben a George Co\u015fbuc s\u00edreml\u00e9ke (1944), a Ion Creang\u0103 szoborcsoport a Herestr\u0103u Parkban (1971), a sz\u00e1szr\u00e9geni Petru Maior mellszobor, Aurel Vlaicu szobra a mv.-i rep\u00fcl\u0151t\u00e9ren (1976); a Constantin Romanu Vivu szobor, amely marosszentgy\u00f6rgyi iskola el\u0151tt \u00e1ll (1980-as \u00e9vek v\u00e9g\u00e9n), Marosludason Eminescu \u00e9s Co\u015fbuc mellszobra \u00e9s Gheorghe \u015eincai mellszobra a hasonl\u00f3 nev\u0171 iskola el\u0151tt (1996). Sz\u00e1szr\u00e9gen k\u00f6zponti parkj\u00e1ban Mihai Eminescu szobr\u00e1t leplezt\u00e9k le (2000. j\u00fal. 9.). Portr\u00e9i neves rom\u00e1n szem\u00e9lyis\u00e9gekr\u0151l: Sadoveanu, Eminescu, Bacovia, Creang\u0103, Luchian \u00e9s m\u00e1sok, \u00e9rz\u00e9kenyen mint\u00e1zta meg a n\u0151i portr\u00e9kat \u00e9s szobrokat is. 120 m\u0171v\u00e9t Mv.-nek adom\u00e1nyozta (1986) ). \u2013  <strong>F. m..:<\/strong> Am plecat din sat (Sighi\u015foara, 1938; Buc., 1957; 1979; 1988; Tg. M., 2008); Poveste cu n\u0103luci (Buc., 1941); Amintiri (Buc., 1942); Drum spre oameni 1\u20133. (Buc., 1961; 1970); Puiul de veveri\u0163\u0103 (Buc., 1962); O singur\u0103 iubire (Buc., 1965; 1977); \u00cen spa\u0163iu \u015fi timp: 1\u20134. (Buc., 1970, 1971, 1973, 1987); Lumea pove\u015ftilor (Buc., 1972; 1978); Ghicitori, ghicitori, ghicitori (Buc., 1973); Cartea de toate zilele (Cluj-N., 1984); Copil fermecat (reg.; Buc., 1984); Succes moral (reg.; Buc., 1985); Monolog asimetric (Buc.; 1988); Obraze \u015fi m\u0103\u015fti (Buc., 1995); Casa de sub stejari \u2013 Jurnal 1976\u20131977 (Buc., 1999); Vl\u0103siile (versek; Tg. M., 2000); Vl\u0103siile \u015fi alte poeme (Tg. M., 2004); <strong>k\u00e9zirata:<\/strong> Nebunul din turn (reg\u00e9ny, amelyen t\u00f6bb mint 20 \u00e9vig dolgozott);  <strong>t\u00e1rssz.:<\/strong> Antologia poe\u0163ilor tineri din Ardeal (ill.; Cluj, 1940); Din viea\u0163a satului transilv\u0103nean: culegere de povestiri din mai mul\u0163i autori (Cluj, 1942); Pagini mure\u015fene (Tg. M., 1980); \u0162uculescu, Ion: Album (el\u0151sz\u00f3; Buc., 1966). <br \/><strong>\u2013 Irod.:<\/strong> B\u0103ciu\u0163, Nicolae: Ion Vlasiu, dincoace de spa\u0163iu \u015fi timp (Tg. M., 2008; Boldea Iulian: Scriitori rom. cont (1996); Borda, Dorin \u2013 Romeo, Soare: Galaxia valorilor (Tg. M., 2007); Bota, Sorina; Breazu, Ion: Literatura Transilvaniei (Buc., 1944); C.l. (2000. szept. 19; 2002 \u00e1pr. 2.; 2003, m\u00e1j. 6\u20137); Ciuc\u0103, Valentin: Colocvii pentru pentru mai t\u00eerziu (Ia\u015fi, 1980); Colocvii: Expozi\u0163ia de pictur\u0103 \u015fi sculptur\u0103 a lui I. V. (Convorbiri literare, 1944, 2. sz.); Cosma; DSR; Husar; Izs\u00e1k M\u00e1rton: I. V. szobr\u00e1szm\u0171v\u00e9sz 75 \u00e9ves (V. Z., 1983. m\u00e1j. 14.); Megny\u00edlt I. V. szobr\u00e1szm\u0171v\u00e9sz ki\u00e1ll\u00edt\u00e1sa (V. Z., 1983. m\u00e1j. 21.); Micu D.: Scurt\u0103 istorie a lit. rom vol. 2; Mure\u015f, jude\u0163; Mv. m\u0171v. v\u00e1r.; Ogra; Pelin; R. Pene\u015f: K\u00f6sz\u00f6ntj\u00fck a 70 esztend\u0151s I. V.-t (V. Z., 1978. m\u00e1j. 17.); Radio, Almanah; Siebenb\u00fcrgen (Buk., 1943); Sepsisz\u00e9ki; \u015eerban, Melinte: I. V. gy\u0171jtem\u00e9nyes ki\u00e1ll\u00edt\u00e1sa (V. Z., 1984. febr. 26.); Todea 2013; Vianu, Tudor: I. V. (Revista rom\u00e2n\u0103, 1942, 1\u20133. sz.); Vlasiu, Ion: Vlasiu (album, bev. Dan Grigorescu; Buc., 1970); Vlasiu, Ion: Vlasiu (album, bev. Ion Frunzetti; Cluj, 1973); Vlasiu, Ion: I. V.: album (bev. C\u0103lin Demetrescu; Buc., 1984).<\/br><\/p>\n","protected":false},"excerpt":{"rendered":"<p>Maroslekence (Maros), 1908. m\u00e1j. 6., \u2020 Buk., 1997. dec. 18: szobr\u00e1sz, \u00edr\u00f3, fest\u0151. \u2013 Tanult sz\u00fcl\u0151faluj\u00e1ban \u00e9s Ugr\u00e1n a nagysz\u00fcl\u0151k gy\u00e1ms\u00e1ga alatt, mert \u00e1rva volt. Tanulm\u00e1nyait a mv.-i Fa- \u00e9s F\u00e9mipari Iskola asztalos r\u00e9szleg\u00e9n folytatta (1921\u201326). Nev\u00e9t Vlasiura v\u00e1ltoztatta (1921). F\u0151szerkeszt\u0151je az Arta plastica foly\u00f3iratnak (1922\u201327), Kv.-on a Sz\u00e9pm\u0171v\u00e9szeti Akad. szobr\u00e1sz szak\u00e1n tanult (1928\u201331), tan\u00e1rai [&hellip;]<\/p>\n","protected":false},"featured_media":0,"comment_status":"open","ping_status":"closed","template":"","meta":[],"product_brand":[],"product_cat":[137],"product_tag":[],"class_list":{"0":"post-24681","1":"product","2":"type-product","3":"status-publish","5":"product_cat-maros-megyei-eletrajzi-lexikon","7":"first","8":"instock","9":"shipping-taxable","10":"product-type-simple"},"_links":{"self":[{"href":"https:\/\/uj.adatbank.ro\/lexikon\/wp-json\/wp\/v2\/product\/24681","targetHints":{"allow":["GET"]}}],"collection":[{"href":"https:\/\/uj.adatbank.ro\/lexikon\/wp-json\/wp\/v2\/product"}],"about":[{"href":"https:\/\/uj.adatbank.ro\/lexikon\/wp-json\/wp\/v2\/types\/product"}],"replies":[{"embeddable":true,"href":"https:\/\/uj.adatbank.ro\/lexikon\/wp-json\/wp\/v2\/comments?post=24681"}],"wp:attachment":[{"href":"https:\/\/uj.adatbank.ro\/lexikon\/wp-json\/wp\/v2\/media?parent=24681"}],"wp:term":[{"taxonomy":"product_brand","embeddable":true,"href":"https:\/\/uj.adatbank.ro\/lexikon\/wp-json\/wp\/v2\/product_brand?post=24681"},{"taxonomy":"product_cat","embeddable":true,"href":"https:\/\/uj.adatbank.ro\/lexikon\/wp-json\/wp\/v2\/product_cat?post=24681"},{"taxonomy":"product_tag","embeddable":true,"href":"https:\/\/uj.adatbank.ro\/lexikon\/wp-json\/wp\/v2\/product_tag?post=24681"}],"curies":[{"name":"wp","href":"https:\/\/api.w.org\/{rel}","templated":true}]}}