{"id":24687,"date":"2025-08-01T18:16:52","date_gmt":"2025-08-01T16:16:52","guid":{"rendered":"https:\/\/uj.adatbank.ro\/lexikon\/termek\/voda-ioan\/"},"modified":"2025-08-01T18:16:52","modified_gmt":"2025-08-01T16:16:52","slug":"voda-ioan","status":"publish","type":"product","link":"https:\/\/uj.adatbank.ro\/lexikon\/termek\/voda-ioan\/","title":{"rendered":"VOD\u0102, Ioan"},"content":{"rendered":"<p>? \u2020 ?: g. kat. pap. \u2013 D\u00e9d\u00e1n szolg\u00e1lt (1907\u201313), helyettes\u00edtette a betegesked\u0151 \u015eag\u0103u esperest. Naponta kellett jelentkeznie a marosk\u00f6vesdi kancell\u00e1ri\u00e1n. <br \/><strong>\u2013 Irod.:<\/strong> Reghin, Protopopiat.<\/br><\/p>\n","protected":false},"excerpt":{"rendered":"<p>? \u2020 ?: g. kat. pap. \u2013 D\u00e9d\u00e1n szolg\u00e1lt (1907\u201313), helyettes\u00edtette a betegesked\u0151 \u015eag\u0103u esperest. Naponta kellett jelentkeznie a marosk\u00f6vesdi kancell\u00e1ri\u00e1n. \u2013 Irod.: Reghin, Protopopiat.<\/p>\n","protected":false},"featured_media":0,"comment_status":"open","ping_status":"closed","template":"","meta":[],"product_brand":[],"product_cat":[137],"product_tag":[],"class_list":{"0":"post-24687","1":"product","2":"type-product","3":"status-publish","5":"product_cat-maros-megyei-eletrajzi-lexikon","7":"first","8":"instock","9":"shipping-taxable","10":"product-type-simple"},"_links":{"self":[{"href":"https:\/\/uj.adatbank.ro\/lexikon\/wp-json\/wp\/v2\/product\/24687","targetHints":{"allow":["GET"]}}],"collection":[{"href":"https:\/\/uj.adatbank.ro\/lexikon\/wp-json\/wp\/v2\/product"}],"about":[{"href":"https:\/\/uj.adatbank.ro\/lexikon\/wp-json\/wp\/v2\/types\/product"}],"replies":[{"embeddable":true,"href":"https:\/\/uj.adatbank.ro\/lexikon\/wp-json\/wp\/v2\/comments?post=24687"}],"wp:attachment":[{"href":"https:\/\/uj.adatbank.ro\/lexikon\/wp-json\/wp\/v2\/media?parent=24687"}],"wp:term":[{"taxonomy":"product_brand","embeddable":true,"href":"https:\/\/uj.adatbank.ro\/lexikon\/wp-json\/wp\/v2\/product_brand?post=24687"},{"taxonomy":"product_cat","embeddable":true,"href":"https:\/\/uj.adatbank.ro\/lexikon\/wp-json\/wp\/v2\/product_cat?post=24687"},{"taxonomy":"product_tag","embeddable":true,"href":"https:\/\/uj.adatbank.ro\/lexikon\/wp-json\/wp\/v2\/product_tag?post=24687"}],"curies":[{"name":"wp","href":"https:\/\/api.w.org\/{rel}","templated":true}]}}