{"id":24688,"date":"2025-08-01T18:16:54","date_gmt":"2025-08-01T16:16:54","guid":{"rendered":"https:\/\/uj.adatbank.ro\/lexikon\/termek\/voda-pompeius\/"},"modified":"2025-08-01T18:16:54","modified_gmt":"2025-08-01T16:16:54","slug":"voda-pompeius","status":"publish","type":"product","link":"https:\/\/uj.adatbank.ro\/lexikon\/termek\/voda-pompeius\/","title":{"rendered":"VODA, Pompeius"},"content":{"rendered":"<p>Mez\u0151\u00fajfalu, 1893. \u00e1pr. 18., \u2020 ?: orvos. \u2013 Bal\u00e1zsfalv\u00e1n tanult G.-kat. Gimn.-ban, Kv.-on a FJTE-en (1912\u201319). <br \/><strong>\u2013 Irod.:<\/strong> Sigmirean.<\/br><\/p>\n","protected":false},"excerpt":{"rendered":"<p>Mez\u0151\u00fajfalu, 1893. \u00e1pr. 18., \u2020 ?: orvos. \u2013 Bal\u00e1zsfalv\u00e1n tanult G.-kat. Gimn.-ban, Kv.-on a FJTE-en (1912\u201319). \u2013 Irod.: Sigmirean.<\/p>\n","protected":false},"featured_media":0,"comment_status":"open","ping_status":"closed","template":"","meta":[],"product_brand":[],"product_cat":[137],"product_tag":[],"class_list":{"0":"post-24688","1":"product","2":"type-product","3":"status-publish","5":"product_cat-maros-megyei-eletrajzi-lexikon","7":"first","8":"instock","9":"shipping-taxable","10":"product-type-simple"},"_links":{"self":[{"href":"https:\/\/uj.adatbank.ro\/lexikon\/wp-json\/wp\/v2\/product\/24688","targetHints":{"allow":["GET"]}}],"collection":[{"href":"https:\/\/uj.adatbank.ro\/lexikon\/wp-json\/wp\/v2\/product"}],"about":[{"href":"https:\/\/uj.adatbank.ro\/lexikon\/wp-json\/wp\/v2\/types\/product"}],"replies":[{"embeddable":true,"href":"https:\/\/uj.adatbank.ro\/lexikon\/wp-json\/wp\/v2\/comments?post=24688"}],"wp:attachment":[{"href":"https:\/\/uj.adatbank.ro\/lexikon\/wp-json\/wp\/v2\/media?parent=24688"}],"wp:term":[{"taxonomy":"product_brand","embeddable":true,"href":"https:\/\/uj.adatbank.ro\/lexikon\/wp-json\/wp\/v2\/product_brand?post=24688"},{"taxonomy":"product_cat","embeddable":true,"href":"https:\/\/uj.adatbank.ro\/lexikon\/wp-json\/wp\/v2\/product_cat?post=24688"},{"taxonomy":"product_tag","embeddable":true,"href":"https:\/\/uj.adatbank.ro\/lexikon\/wp-json\/wp\/v2\/product_tag?post=24688"}],"curies":[{"name":"wp","href":"https:\/\/api.w.org\/{rel}","templated":true}]}}