{"id":24689,"date":"2025-08-01T18:16:57","date_gmt":"2025-08-01T16:16:57","guid":{"rendered":"https:\/\/uj.adatbank.ro\/lexikon\/termek\/vofkori-jozsef\/"},"modified":"2025-08-01T18:16:57","modified_gmt":"2025-08-01T16:16:57","slug":"vofkori-jozsef","status":"publish","type":"product","link":"https:\/\/uj.adatbank.ro\/lexikon\/termek\/vofkori-jozsef\/","title":{"rendered":"VOFKORI J\u00f3zsef"},"content":{"rendered":"<p>Brass\u00f3, 1936 m\u00e1rc. 28., \u2020 Sz\u00e9kelyudvarhely, 1998. dec. 24: orvos. \u2013 Sz\u00fcl\u0151v\u00e1ros\u00e1ban \u00e9retts\u00e9gizett, a MOGYI \u00c1ltal\u00e1nos orvosi kar\u00e1n szerzett oklevelet (1960); doktor\u00e1lt (1978). Gyakorl\u00f3 orvos a MOGYI-n (1960\u201363); a j\u00e1szv\u00e1s\u00e1ri OGYI Anat\u00f3mia Tansz\u00e9k\u00e9n gyakorl\u00f3 orvos (1963\u201365); Sz\u00e9kelyudvarhelyen iskolaorvos (1966\u201367); tan\u00e1rseg\u00e9d a MOGYI-n (1967\u201381); Sz\u00e9kelyudvarhelyen f\u0151orvos a V\u00e1rosi K\u00f3rh\u00e1z S\u00fcrg\u0151ss\u00e9gi oszt\u00e1ly\u00e1n (1981\u2013). Kb. 200 sz\u00e1raz \u00e9s nedves prepar\u00e1tumot k\u00e9sz\u00edtett a MOGYI Anat\u00f3miai M\u00fazeuma sz\u00e1m\u00e1ra. A mv.-i Orvos K\u00e9pz\u0151m\u0171v. Sz\u00f6vet.-nek tagja, ki\u00e1ll\u00edt\u00e1sainak \u00e1lland\u00f3 r\u00e9sztvev\u0151je (1971\u201381). Az INFOMED szerkeszt\u0151je (1991); Az OTT (1960\u201391), az EME (1991\u2013) tagja. Kutat\u00e1si ter\u00fclete: k\u00eds\u00e9rleti onkol\u00f3gia, sz\u00f6veti regener\u00e1ci\u00f3, \u00f6sszehasonl\u00edt\u00f3 anat\u00f3mia, a sz\u00edvizom makroszkopikus strukt\u00far\u00e1ja, a sz\u00edv fejl\u0151d\u00e9si rendelleness\u00e9gei. Cikkei: Neoplasma, Tan\u00fcgyi \u00dajs\u00e1g, Rev. \u00cenv\u0103\u0163\u0103m\u00e2ntului Superior, Korunk, M\u0171vel\u0151d\u00e9s.A Bolyaiakkal foglalkoz\u00f3 tanulm\u00e1nyai k\u00e9ziratban maradtak \u2013  <strong>F. m..:<\/strong> Dic\u0163ionar anatomic latin-rom\u00e2n. (TgM., 1975.) Nomina anatomica parisiensis: Nomenclatura anatomiei umane cu explica\u0163ii lexicale. (Tg. M., 1976.); Nomina anatomica parisiensia: Regiones corpis humani. (TgM., 1976.).; S\u00fcrg\u0151ss\u00e9gi diagnostica \u00e9s therapia ment\u0151orvosok sz\u00e1m\u00e1ra. 1. k\u00f6t. (Sz\u00e9kelyudvarhely, 1990.); Az ember bonctana \u00e9s \u00e9lettana: Eg\u00e9szs\u00e9g\u00fcgyi l\u00edceumok tanul\u00f3i sz\u00e1m\u00e1ra. (Sz\u00e9kelyudvarhely, 1990.); Az ember bonctana \u00e9s \u00e9lettana. (Sz\u00e9kelyudvarhely 1991.), Anex\u0103: Nomina anatomica: Latin-magyar anat\u00f3miai sz\u00f3t\u00e1r; A sz\u00edv fejl\u0151d\u00e9si rendelleness\u00e9geinek oszt\u00e1lyoz\u00e1sa. (Sz\u00e9kelyudvarhely, 1994.). <br \/><strong>\u2013 Irod.:<\/strong> KKACs; RMKK; Todea.<\/br><\/p>\n","protected":false},"excerpt":{"rendered":"<p>Brass\u00f3, 1936 m\u00e1rc. 28., \u2020 Sz\u00e9kelyudvarhely, 1998. dec. 24: orvos. \u2013 Sz\u00fcl\u0151v\u00e1ros\u00e1ban \u00e9retts\u00e9gizett, a MOGYI \u00c1ltal\u00e1nos orvosi kar\u00e1n szerzett oklevelet (1960); doktor\u00e1lt (1978). Gyakorl\u00f3 orvos a MOGYI-n (1960\u201363); a j\u00e1szv\u00e1s\u00e1ri OGYI Anat\u00f3mia Tansz\u00e9k\u00e9n gyakorl\u00f3 orvos (1963\u201365); Sz\u00e9kelyudvarhelyen iskolaorvos (1966\u201367); tan\u00e1rseg\u00e9d a MOGYI-n (1967\u201381); Sz\u00e9kelyudvarhelyen f\u0151orvos a V\u00e1rosi K\u00f3rh\u00e1z S\u00fcrg\u0151ss\u00e9gi oszt\u00e1ly\u00e1n (1981\u2013). Kb. 200 sz\u00e1raz \u00e9s [&hellip;]<\/p>\n","protected":false},"featured_media":0,"comment_status":"open","ping_status":"closed","template":"","meta":[],"product_brand":[],"product_cat":[137],"product_tag":[],"class_list":{"0":"post-24689","1":"product","2":"type-product","3":"status-publish","5":"product_cat-maros-megyei-eletrajzi-lexikon","7":"first","8":"instock","9":"shipping-taxable","10":"product-type-simple"},"_links":{"self":[{"href":"https:\/\/uj.adatbank.ro\/lexikon\/wp-json\/wp\/v2\/product\/24689","targetHints":{"allow":["GET"]}}],"collection":[{"href":"https:\/\/uj.adatbank.ro\/lexikon\/wp-json\/wp\/v2\/product"}],"about":[{"href":"https:\/\/uj.adatbank.ro\/lexikon\/wp-json\/wp\/v2\/types\/product"}],"replies":[{"embeddable":true,"href":"https:\/\/uj.adatbank.ro\/lexikon\/wp-json\/wp\/v2\/comments?post=24689"}],"wp:attachment":[{"href":"https:\/\/uj.adatbank.ro\/lexikon\/wp-json\/wp\/v2\/media?parent=24689"}],"wp:term":[{"taxonomy":"product_brand","embeddable":true,"href":"https:\/\/uj.adatbank.ro\/lexikon\/wp-json\/wp\/v2\/product_brand?post=24689"},{"taxonomy":"product_cat","embeddable":true,"href":"https:\/\/uj.adatbank.ro\/lexikon\/wp-json\/wp\/v2\/product_cat?post=24689"},{"taxonomy":"product_tag","embeddable":true,"href":"https:\/\/uj.adatbank.ro\/lexikon\/wp-json\/wp\/v2\/product_tag?post=24689"}],"curies":[{"name":"wp","href":"https:\/\/api.w.org\/{rel}","templated":true}]}}