{"id":24694,"date":"2025-08-01T18:17:10","date_gmt":"2025-08-01T16:17:10","guid":{"rendered":"https:\/\/uj.adatbank.ro\/lexikon\/termek\/voiculescu-natalia-%c2%a7\/"},"modified":"2025-08-01T18:17:10","modified_gmt":"2025-08-01T16:17:10","slug":"voiculescu-natalia-%c2%a7","status":"publish","type":"product","link":"https:\/\/uj.adatbank.ro\/lexikon\/termek\/voiculescu-natalia-%c2%a7\/","title":{"rendered":"VOICULESCU, Natalia, \u00a7"},"content":{"rendered":"<p>? \u2020\u00a0?: tan\u00edt\u00f3n\u0151. \u2013 A ny\u00e1r\u00e1dt\u0151i elemi iskola tan\u00edt\u00f3n\u0151je (1939\u201340). <br \/><strong>\u2013 Irod.:<\/strong> Bosoanc\u0103\u2013Opri\u015f.<\/br><\/p>\n","protected":false},"excerpt":{"rendered":"<p>? \u2020\u00a0?: tan\u00edt\u00f3n\u0151. \u2013 A ny\u00e1r\u00e1dt\u0151i elemi iskola tan\u00edt\u00f3n\u0151je (1939\u201340). \u2013 Irod.: Bosoanc\u0103\u2013Opri\u015f.<\/p>\n","protected":false},"featured_media":0,"comment_status":"open","ping_status":"closed","template":"","meta":[],"product_brand":[],"product_cat":[137],"product_tag":[],"class_list":{"0":"post-24694","1":"product","2":"type-product","3":"status-publish","5":"product_cat-maros-megyei-eletrajzi-lexikon","7":"first","8":"instock","9":"shipping-taxable","10":"product-type-simple"},"_links":{"self":[{"href":"https:\/\/uj.adatbank.ro\/lexikon\/wp-json\/wp\/v2\/product\/24694","targetHints":{"allow":["GET"]}}],"collection":[{"href":"https:\/\/uj.adatbank.ro\/lexikon\/wp-json\/wp\/v2\/product"}],"about":[{"href":"https:\/\/uj.adatbank.ro\/lexikon\/wp-json\/wp\/v2\/types\/product"}],"replies":[{"embeddable":true,"href":"https:\/\/uj.adatbank.ro\/lexikon\/wp-json\/wp\/v2\/comments?post=24694"}],"wp:attachment":[{"href":"https:\/\/uj.adatbank.ro\/lexikon\/wp-json\/wp\/v2\/media?parent=24694"}],"wp:term":[{"taxonomy":"product_brand","embeddable":true,"href":"https:\/\/uj.adatbank.ro\/lexikon\/wp-json\/wp\/v2\/product_brand?post=24694"},{"taxonomy":"product_cat","embeddable":true,"href":"https:\/\/uj.adatbank.ro\/lexikon\/wp-json\/wp\/v2\/product_cat?post=24694"},{"taxonomy":"product_tag","embeddable":true,"href":"https:\/\/uj.adatbank.ro\/lexikon\/wp-json\/wp\/v2\/product_tag?post=24694"}],"curies":[{"name":"wp","href":"https:\/\/api.w.org\/{rel}","templated":true}]}}