{"id":24695,"date":"2025-08-01T18:17:12","date_gmt":"2025-08-01T16:17:12","guid":{"rendered":"https:\/\/uj.adatbank.ro\/lexikon\/termek\/voileanu-mateiu\/"},"modified":"2025-08-01T18:17:12","modified_gmt":"2025-08-01T16:17:12","slug":"voileanu-mateiu","status":"publish","type":"product","link":"https:\/\/uj.adatbank.ro\/lexikon\/termek\/voileanu-mateiu\/","title":{"rendered":"VOILEANU, Mateiu"},"content":{"rendered":"<p>K\u00fck\u00fcll\u0151solymos, 1852. aug. 17., \u2020 Kv., 1933. j\u00fal. 20.: tan\u00e1r, ortodox lelk\u00e9sz, jog\u00e1sz. \u2013 Elemit, gimn\u00e1ziumot \u00e9s l\u00edceumot Mv.-en v\u00e9gzett a Ref. Koll.-ban, \u00e9retts\u00e9gizett (1876), teol\u00f3gi\u00e1t Szebenben (1876\u201379), majd jogot tanult B\u00e9csben (1879\u201383). Szebenben lett hivatalnok a konziszt\u00f3riumn\u00e1l, a Telegraful rom\u00e2n c.lap szerkeszt\u0151je (1883\u201386; 1919\u201320). Pap, egyh\u00e1ztan\u00e1csi \u00fcln\u00f6k (1886\u201331). A p\u00fcsp\u00f6ki zsinat \u00e9s az Egyh\u00e1zi Nemzeti Kongresszusok k\u00fcld\u00f6tte, egyh\u00e1ztan\u00e1csbeli \u00fcln\u00f6kk\u00e9 v\u00e1lasztott\u00e1k az iskolai szen\u00e1tusban, fel\u00fcgyel\u0151je lett az \u00f6sszes iskol\u00e1nak (1886\u2013). Hitoktat\u00f3 a szebeni le\u00e1nyiskol\u00e1ban (1898\u20131918). Eln\u00f6ke a Szebeni rom\u00e1n zen\u00e9szek egyes\u00fclet\u00e9nek, az ASTRA t\u00f6rt\u00e9nelmi tagozat\u00e1nak levelez\u0151 tagja. K\u00f6zrem\u0171k\u00f6d\u00f6tt a szebeni Enciclopedia Rom\u00e2n\u0103-nek az Afrik\u00e1r\u00f3l sz\u00f3l\u00f3 cikkeket \u00edrta. (Szeben 1898\u20131904). K\u00f6z\u00f6lt essz\u00e9ket, n\u00e9pk\u00f6lt\u00e9si gy\u0171jt\u00e9seket, ford\u00edt\u00e1sokat a Telegraful Rom\u00e2n, Calendarul Arhiepiscopiei Sibiului-ban \u2013  <strong>F. m..:<\/strong> Codicele Mateiu Voileanu: scrieri din prima jum\u0103tate din veacului trecut (Sibiu, 1891); Momente memorabile (Sibiu, 1899); Momente din via\u0163a bisericeasc\u0103 a rom\u00e2nilor ortodoc\u015fi din Transilvania (Sibiu, 1902); 25 de ani din via\u0163a Reuniunii rom\u00e2ne de muzic\u0103 din Sibiu (Sibiu, 19]5); Cuv\u00e2nt\u0103ri ocazionale (Sibiu, 1906); Icoane din via\u0163a bisericii. Anul 1800 (Sibiu, 1926); S\u0103 se fac\u0103 lumin\u0103. Biserica rom\u00e2nilor din Ardeal \u00een ceacul al XVIII-lea (Sibiu, 1926); Contribu\u0163iune la istoria bisericii din Ardeal (1928). <br \/><strong>\u2013 Irod.:<\/strong> F\u00fcl\u00f6p\u2013Ferencz; P\u0103curariu; Predescu; Protocolul Congresului Nat. Bisericesc Ordinar intrunit la Sibiu 17\u201330 iulie 1916 (Sibiu, 1917); Sigmirean; Todea 2013.<\/br><\/p>\n","protected":false},"excerpt":{"rendered":"<p>K\u00fck\u00fcll\u0151solymos, 1852. aug. 17., \u2020 Kv., 1933. j\u00fal. 20.: tan\u00e1r, ortodox lelk\u00e9sz, jog\u00e1sz. \u2013 Elemit, gimn\u00e1ziumot \u00e9s l\u00edceumot Mv.-en v\u00e9gzett a Ref. Koll.-ban, \u00e9retts\u00e9gizett (1876), teol\u00f3gi\u00e1t Szebenben (1876\u201379), majd jogot tanult B\u00e9csben (1879\u201383). Szebenben lett hivatalnok a konziszt\u00f3riumn\u00e1l, a Telegraful rom\u00e2n c.lap szerkeszt\u0151je (1883\u201386; 1919\u201320). Pap, egyh\u00e1ztan\u00e1csi \u00fcln\u00f6k (1886\u201331). A p\u00fcsp\u00f6ki zsinat \u00e9s az Egyh\u00e1zi [&hellip;]<\/p>\n","protected":false},"featured_media":0,"comment_status":"open","ping_status":"closed","template":"","meta":[],"product_brand":[],"product_cat":[137],"product_tag":[],"class_list":{"0":"post-24695","1":"product","2":"type-product","3":"status-publish","5":"product_cat-maros-megyei-eletrajzi-lexikon","7":"first","8":"instock","9":"shipping-taxable","10":"product-type-simple"},"_links":{"self":[{"href":"https:\/\/uj.adatbank.ro\/lexikon\/wp-json\/wp\/v2\/product\/24695","targetHints":{"allow":["GET"]}}],"collection":[{"href":"https:\/\/uj.adatbank.ro\/lexikon\/wp-json\/wp\/v2\/product"}],"about":[{"href":"https:\/\/uj.adatbank.ro\/lexikon\/wp-json\/wp\/v2\/types\/product"}],"replies":[{"embeddable":true,"href":"https:\/\/uj.adatbank.ro\/lexikon\/wp-json\/wp\/v2\/comments?post=24695"}],"wp:attachment":[{"href":"https:\/\/uj.adatbank.ro\/lexikon\/wp-json\/wp\/v2\/media?parent=24695"}],"wp:term":[{"taxonomy":"product_brand","embeddable":true,"href":"https:\/\/uj.adatbank.ro\/lexikon\/wp-json\/wp\/v2\/product_brand?post=24695"},{"taxonomy":"product_cat","embeddable":true,"href":"https:\/\/uj.adatbank.ro\/lexikon\/wp-json\/wp\/v2\/product_cat?post=24695"},{"taxonomy":"product_tag","embeddable":true,"href":"https:\/\/uj.adatbank.ro\/lexikon\/wp-json\/wp\/v2\/product_tag?post=24695"}],"curies":[{"name":"wp","href":"https:\/\/api.w.org\/{rel}","templated":true}]}}