{"id":24697,"date":"2025-08-01T18:17:15","date_gmt":"2025-08-01T16:17:15","guid":{"rendered":"https:\/\/uj.adatbank.ro\/lexikon\/termek\/voinea-marius\/"},"modified":"2025-08-01T18:17:15","modified_gmt":"2025-08-01T16:17:15","slug":"voinea-marius","status":"publish","type":"product","link":"https:\/\/uj.adatbank.ro\/lexikon\/termek\/voinea-marius\/","title":{"rendered":"VOINEA, Marius"},"content":{"rendered":"<p>? \u2020 ?: ort. pap. \u2013 Szentp\u00e1lban (1969\u201383), szolg\u00e1lati idej\u00e9ben \u00e9p\u00edtett\u00e9k a papi lakot (1977). <br \/><strong>\u2013 Irod.:<\/strong> \u015eincan 2006.<\/br><\/p>\n","protected":false},"excerpt":{"rendered":"<p>? \u2020 ?: ort. pap. \u2013 Szentp\u00e1lban (1969\u201383), szolg\u00e1lati idej\u00e9ben \u00e9p\u00edtett\u00e9k a papi lakot (1977). \u2013 Irod.: \u015eincan 2006.<\/p>\n","protected":false},"featured_media":0,"comment_status":"open","ping_status":"closed","template":"","meta":[],"product_brand":[],"product_cat":[137],"product_tag":[],"class_list":{"0":"post-24697","1":"product","2":"type-product","3":"status-publish","5":"product_cat-maros-megyei-eletrajzi-lexikon","7":"first","8":"instock","9":"shipping-taxable","10":"product-type-simple"},"_links":{"self":[{"href":"https:\/\/uj.adatbank.ro\/lexikon\/wp-json\/wp\/v2\/product\/24697","targetHints":{"allow":["GET"]}}],"collection":[{"href":"https:\/\/uj.adatbank.ro\/lexikon\/wp-json\/wp\/v2\/product"}],"about":[{"href":"https:\/\/uj.adatbank.ro\/lexikon\/wp-json\/wp\/v2\/types\/product"}],"replies":[{"embeddable":true,"href":"https:\/\/uj.adatbank.ro\/lexikon\/wp-json\/wp\/v2\/comments?post=24697"}],"wp:attachment":[{"href":"https:\/\/uj.adatbank.ro\/lexikon\/wp-json\/wp\/v2\/media?parent=24697"}],"wp:term":[{"taxonomy":"product_brand","embeddable":true,"href":"https:\/\/uj.adatbank.ro\/lexikon\/wp-json\/wp\/v2\/product_brand?post=24697"},{"taxonomy":"product_cat","embeddable":true,"href":"https:\/\/uj.adatbank.ro\/lexikon\/wp-json\/wp\/v2\/product_cat?post=24697"},{"taxonomy":"product_tag","embeddable":true,"href":"https:\/\/uj.adatbank.ro\/lexikon\/wp-json\/wp\/v2\/product_tag?post=24697"}],"curies":[{"name":"wp","href":"https:\/\/api.w.org\/{rel}","templated":true}]}}