{"id":24701,"date":"2025-08-01T18:17:24","date_gmt":"2025-08-01T16:17:24","guid":{"rendered":"https:\/\/uj.adatbank.ro\/lexikon\/termek\/voith-mano\/"},"modified":"2025-08-01T18:17:24","modified_gmt":"2025-08-01T16:17:24","slug":"voith-mano","status":"publish","type":"product","link":"https:\/\/uj.adatbank.ro\/lexikon\/termek\/voith-mano\/","title":{"rendered":"VOITH Man\u00f3"},"content":{"rendered":"<p>? 1927. ? \u2020\u00a0?: mez\u0151s\u00e1msondi. <br \/><strong>\u2013 Irod.:<\/strong> Eml\u00e9kk\u00f6nyv a Kir. M. Term\u00e9szettudom\u00e1nyi T\u00e1rsulat f\u00e9lsz\u00e1zados jubileum\u00e1n (Bp., 1892).<\/br><\/p>\n","protected":false},"excerpt":{"rendered":"<p>? 1927. ? \u2020\u00a0?: mez\u0151s\u00e1msondi. \u2013 Irod.: Eml\u00e9kk\u00f6nyv a Kir. M. Term\u00e9szettudom\u00e1nyi T\u00e1rsulat f\u00e9lsz\u00e1zados jubileum\u00e1n (Bp., 1892).<\/p>\n","protected":false},"featured_media":0,"comment_status":"open","ping_status":"closed","template":"","meta":[],"product_brand":[],"product_cat":[137],"product_tag":[],"class_list":{"0":"post-24701","1":"product","2":"type-product","3":"status-publish","5":"product_cat-maros-megyei-eletrajzi-lexikon","7":"first","8":"instock","9":"shipping-taxable","10":"product-type-simple"},"_links":{"self":[{"href":"https:\/\/uj.adatbank.ro\/lexikon\/wp-json\/wp\/v2\/product\/24701","targetHints":{"allow":["GET"]}}],"collection":[{"href":"https:\/\/uj.adatbank.ro\/lexikon\/wp-json\/wp\/v2\/product"}],"about":[{"href":"https:\/\/uj.adatbank.ro\/lexikon\/wp-json\/wp\/v2\/types\/product"}],"replies":[{"embeddable":true,"href":"https:\/\/uj.adatbank.ro\/lexikon\/wp-json\/wp\/v2\/comments?post=24701"}],"wp:attachment":[{"href":"https:\/\/uj.adatbank.ro\/lexikon\/wp-json\/wp\/v2\/media?parent=24701"}],"wp:term":[{"taxonomy":"product_brand","embeddable":true,"href":"https:\/\/uj.adatbank.ro\/lexikon\/wp-json\/wp\/v2\/product_brand?post=24701"},{"taxonomy":"product_cat","embeddable":true,"href":"https:\/\/uj.adatbank.ro\/lexikon\/wp-json\/wp\/v2\/product_cat?post=24701"},{"taxonomy":"product_tag","embeddable":true,"href":"https:\/\/uj.adatbank.ro\/lexikon\/wp-json\/wp\/v2\/product_tag?post=24701"}],"curies":[{"name":"wp","href":"https:\/\/api.w.org\/{rel}","templated":true}]}}