{"id":24706,"date":"2025-08-01T18:17:37","date_gmt":"2025-08-01T16:17:37","guid":{"rendered":"https:\/\/uj.adatbank.ro\/lexikon\/termek\/vorell-janos-worell-janos\/"},"modified":"2025-08-01T18:17:37","modified_gmt":"2025-08-01T16:17:37","slug":"vorell-janos-worell-janos","status":"publish","type":"product","link":"https:\/\/uj.adatbank.ro\/lexikon\/termek\/vorell-janos-worell-janos\/","title":{"rendered":"VORELL J\u00e1nos, Worell J\u00e1nos,"},"content":{"rendered":"<p>Mv., 1829. j\u00fan. 25. (v. 15?) \u2020\u00a01857. m\u00e1rc. 24.: r. k. pap. \u2013 Teol. tanulm\u00e1nyait Pesten \u00e9s a b\u00e9csi P\u00e1zm\u00e1neumban v\u00e9gezte (1851\u201352), papp\u00e1 szentelt\u00e9k (1852. aug. 24.). Tan\u00e1r Nagyszebenben, P\u00fcsp\u00f6ki sz\u00e1mvev\u0151 \u00e9s ceremoni\u00e1lis Gyulafeh\u00e9rv\u00e1ron (1854), p\u00fcsp\u00f6ki titk\u00e1r (1857). <br \/><strong>\u2013 Irod.:<\/strong> Ferenczi S\u00e1ndor 2009.<\/br><\/p>\n","protected":false},"excerpt":{"rendered":"<p>Mv., 1829. j\u00fan. 25. (v. 15?) \u2020\u00a01857. m\u00e1rc. 24.: r. k. pap. \u2013 Teol. tanulm\u00e1nyait Pesten \u00e9s a b\u00e9csi P\u00e1zm\u00e1neumban v\u00e9gezte (1851\u201352), papp\u00e1 szentelt\u00e9k (1852. aug. 24.). Tan\u00e1r Nagyszebenben, P\u00fcsp\u00f6ki sz\u00e1mvev\u0151 \u00e9s ceremoni\u00e1lis Gyulafeh\u00e9rv\u00e1ron (1854), p\u00fcsp\u00f6ki titk\u00e1r (1857). \u2013 Irod.: Ferenczi S\u00e1ndor 2009.<\/p>\n","protected":false},"featured_media":0,"comment_status":"open","ping_status":"closed","template":"","meta":[],"product_brand":[],"product_cat":[137],"product_tag":[],"class_list":{"0":"post-24706","1":"product","2":"type-product","3":"status-publish","5":"product_cat-maros-megyei-eletrajzi-lexikon","7":"first","8":"instock","9":"shipping-taxable","10":"product-type-simple"},"_links":{"self":[{"href":"https:\/\/uj.adatbank.ro\/lexikon\/wp-json\/wp\/v2\/product\/24706","targetHints":{"allow":["GET"]}}],"collection":[{"href":"https:\/\/uj.adatbank.ro\/lexikon\/wp-json\/wp\/v2\/product"}],"about":[{"href":"https:\/\/uj.adatbank.ro\/lexikon\/wp-json\/wp\/v2\/types\/product"}],"replies":[{"embeddable":true,"href":"https:\/\/uj.adatbank.ro\/lexikon\/wp-json\/wp\/v2\/comments?post=24706"}],"wp:attachment":[{"href":"https:\/\/uj.adatbank.ro\/lexikon\/wp-json\/wp\/v2\/media?parent=24706"}],"wp:term":[{"taxonomy":"product_brand","embeddable":true,"href":"https:\/\/uj.adatbank.ro\/lexikon\/wp-json\/wp\/v2\/product_brand?post=24706"},{"taxonomy":"product_cat","embeddable":true,"href":"https:\/\/uj.adatbank.ro\/lexikon\/wp-json\/wp\/v2\/product_cat?post=24706"},{"taxonomy":"product_tag","embeddable":true,"href":"https:\/\/uj.adatbank.ro\/lexikon\/wp-json\/wp\/v2\/product_tag?post=24706"}],"curies":[{"name":"wp","href":"https:\/\/api.w.org\/{rel}","templated":true}]}}