{"id":24708,"date":"2025-08-01T18:17:41","date_gmt":"2025-08-01T16:17:41","guid":{"rendered":"https:\/\/uj.adatbank.ro\/lexikon\/termek\/vucskits-jeno\/"},"modified":"2025-08-01T18:17:41","modified_gmt":"2025-08-01T16:17:41","slug":"vucskits-jeno","status":"publish","type":"product","link":"https:\/\/uj.adatbank.ro\/lexikon\/termek\/vucskits-jeno\/","title":{"rendered":"VUCSKITS Jen\u0151"},"content":{"rendered":"<p>? \u2020\u00a0?: ? . \u2013  <strong>F. m..:<\/strong> Egy t\u00f6rt\u00e9nelmi alak k\u00e9t k\u00f6lt\u0151i feldolgoz\u00e1sban (Mv., 1905). <br \/><strong>\u2013 Irod.:<\/strong> F\u00fcl\u00f6p-Ferenc.<\/br><\/p>\n","protected":false},"excerpt":{"rendered":"<p>? \u2020\u00a0?: ? . \u2013 F. m..: Egy t\u00f6rt\u00e9nelmi alak k\u00e9t k\u00f6lt\u0151i feldolgoz\u00e1sban (Mv., 1905). \u2013 Irod.: F\u00fcl\u00f6p-Ferenc.<\/p>\n","protected":false},"featured_media":0,"comment_status":"open","ping_status":"closed","template":"","meta":[],"product_brand":[],"product_cat":[137],"product_tag":[],"class_list":{"0":"post-24708","1":"product","2":"type-product","3":"status-publish","5":"product_cat-maros-megyei-eletrajzi-lexikon","7":"first","8":"instock","9":"shipping-taxable","10":"product-type-simple"},"_links":{"self":[{"href":"https:\/\/uj.adatbank.ro\/lexikon\/wp-json\/wp\/v2\/product\/24708","targetHints":{"allow":["GET"]}}],"collection":[{"href":"https:\/\/uj.adatbank.ro\/lexikon\/wp-json\/wp\/v2\/product"}],"about":[{"href":"https:\/\/uj.adatbank.ro\/lexikon\/wp-json\/wp\/v2\/types\/product"}],"replies":[{"embeddable":true,"href":"https:\/\/uj.adatbank.ro\/lexikon\/wp-json\/wp\/v2\/comments?post=24708"}],"wp:attachment":[{"href":"https:\/\/uj.adatbank.ro\/lexikon\/wp-json\/wp\/v2\/media?parent=24708"}],"wp:term":[{"taxonomy":"product_brand","embeddable":true,"href":"https:\/\/uj.adatbank.ro\/lexikon\/wp-json\/wp\/v2\/product_brand?post=24708"},{"taxonomy":"product_cat","embeddable":true,"href":"https:\/\/uj.adatbank.ro\/lexikon\/wp-json\/wp\/v2\/product_cat?post=24708"},{"taxonomy":"product_tag","embeddable":true,"href":"https:\/\/uj.adatbank.ro\/lexikon\/wp-json\/wp\/v2\/product_tag?post=24708"}],"curies":[{"name":"wp","href":"https:\/\/api.w.org\/{rel}","templated":true}]}}