{"id":24709,"date":"2025-08-01T18:17:43","date_gmt":"2025-08-01T16:17:43","guid":{"rendered":"https:\/\/uj.adatbank.ro\/lexikon\/termek\/vuica-nicolae\/"},"modified":"2025-08-01T18:17:43","modified_gmt":"2025-08-01T16:17:43","slug":"vuica-nicolae","status":"publish","type":"product","link":"https:\/\/uj.adatbank.ro\/lexikon\/termek\/vuica-nicolae\/","title":{"rendered":"VUIC\u0102, Nicolae"},"content":{"rendered":"<p>Szemlak, 1916. dec. 18. \u2020\u00a0?: tisztvisel\u0151. \u2013 Mv.-en az URCM-n\u00e9l dolgozott. A Faliboga-f\u00e9le szervezked\u00e9s II. cs.-nak tagja. Letart\u00f3ztatt\u00e1k (1957. jan. 16.). <br \/><strong>\u2013 Irod.:<\/strong> \u00c1ldozatok.<\/br><\/p>\n","protected":false},"excerpt":{"rendered":"<p>Szemlak, 1916. dec. 18. \u2020\u00a0?: tisztvisel\u0151. \u2013 Mv.-en az URCM-n\u00e9l dolgozott. A Faliboga-f\u00e9le szervezked\u00e9s II. cs.-nak tagja. Letart\u00f3ztatt\u00e1k (1957. jan. 16.). \u2013 Irod.: \u00c1ldozatok.<\/p>\n","protected":false},"featured_media":0,"comment_status":"open","ping_status":"closed","template":"","meta":[],"product_brand":[],"product_cat":[137],"product_tag":[],"class_list":{"0":"post-24709","1":"product","2":"type-product","3":"status-publish","5":"product_cat-maros-megyei-eletrajzi-lexikon","7":"first","8":"instock","9":"shipping-taxable","10":"product-type-simple"},"_links":{"self":[{"href":"https:\/\/uj.adatbank.ro\/lexikon\/wp-json\/wp\/v2\/product\/24709","targetHints":{"allow":["GET"]}}],"collection":[{"href":"https:\/\/uj.adatbank.ro\/lexikon\/wp-json\/wp\/v2\/product"}],"about":[{"href":"https:\/\/uj.adatbank.ro\/lexikon\/wp-json\/wp\/v2\/types\/product"}],"replies":[{"embeddable":true,"href":"https:\/\/uj.adatbank.ro\/lexikon\/wp-json\/wp\/v2\/comments?post=24709"}],"wp:attachment":[{"href":"https:\/\/uj.adatbank.ro\/lexikon\/wp-json\/wp\/v2\/media?parent=24709"}],"wp:term":[{"taxonomy":"product_brand","embeddable":true,"href":"https:\/\/uj.adatbank.ro\/lexikon\/wp-json\/wp\/v2\/product_brand?post=24709"},{"taxonomy":"product_cat","embeddable":true,"href":"https:\/\/uj.adatbank.ro\/lexikon\/wp-json\/wp\/v2\/product_cat?post=24709"},{"taxonomy":"product_tag","embeddable":true,"href":"https:\/\/uj.adatbank.ro\/lexikon\/wp-json\/wp\/v2\/product_tag?post=24709"}],"curies":[{"name":"wp","href":"https:\/\/api.w.org\/{rel}","templated":true}]}}