{"id":24714,"date":"2025-08-01T18:17:55","date_gmt":"2025-08-01T16:17:55","guid":{"rendered":"https:\/\/uj.adatbank.ro\/lexikon\/termek\/vulcutiu-csalad\/"},"modified":"2025-08-01T18:17:55","modified_gmt":"2025-08-01T16:17:55","slug":"vulcutiu-csalad","status":"publish","type":"product","link":"https:\/\/uj.adatbank.ro\/lexikon\/termek\/vulcutiu-csalad\/","title":{"rendered":"VULCU\u0162IU csal\u00e1d"},"content":{"rendered":"<p>Dics\u0151szentm\u00e1rtoni csal\u00e1d kondole\u00e1l\u00f3 levele. <br \/><strong>\u2013 Irod.:<\/strong> F\u00fcl\u00f6p\u2013Ferencz; S\u0103v\u00e2r\u015firea din via\u0163\u0103 \u015fi punerea \u00een morm\u00e2nt a Ep. Nocolae Ivan (Cluj, 1936).<\/br><\/p>\n","protected":false},"excerpt":{"rendered":"<p>Dics\u0151szentm\u00e1rtoni csal\u00e1d kondole\u00e1l\u00f3 levele. \u2013 Irod.: F\u00fcl\u00f6p\u2013Ferencz; S\u0103v\u00e2r\u015firea din via\u0163\u0103 \u015fi punerea \u00een morm\u00e2nt a Ep. Nocolae Ivan (Cluj, 1936).<\/p>\n","protected":false},"featured_media":0,"comment_status":"open","ping_status":"closed","template":"","meta":[],"product_brand":[],"product_cat":[137],"product_tag":[],"class_list":{"0":"post-24714","1":"product","2":"type-product","3":"status-publish","5":"product_cat-maros-megyei-eletrajzi-lexikon","7":"first","8":"instock","9":"shipping-taxable","10":"product-type-simple"},"_links":{"self":[{"href":"https:\/\/uj.adatbank.ro\/lexikon\/wp-json\/wp\/v2\/product\/24714","targetHints":{"allow":["GET"]}}],"collection":[{"href":"https:\/\/uj.adatbank.ro\/lexikon\/wp-json\/wp\/v2\/product"}],"about":[{"href":"https:\/\/uj.adatbank.ro\/lexikon\/wp-json\/wp\/v2\/types\/product"}],"replies":[{"embeddable":true,"href":"https:\/\/uj.adatbank.ro\/lexikon\/wp-json\/wp\/v2\/comments?post=24714"}],"wp:attachment":[{"href":"https:\/\/uj.adatbank.ro\/lexikon\/wp-json\/wp\/v2\/media?parent=24714"}],"wp:term":[{"taxonomy":"product_brand","embeddable":true,"href":"https:\/\/uj.adatbank.ro\/lexikon\/wp-json\/wp\/v2\/product_brand?post=24714"},{"taxonomy":"product_cat","embeddable":true,"href":"https:\/\/uj.adatbank.ro\/lexikon\/wp-json\/wp\/v2\/product_cat?post=24714"},{"taxonomy":"product_tag","embeddable":true,"href":"https:\/\/uj.adatbank.ro\/lexikon\/wp-json\/wp\/v2\/product_tag?post=24714"}],"curies":[{"name":"wp","href":"https:\/\/api.w.org\/{rel}","templated":true}]}}