{"id":24716,"date":"2025-08-01T18:17:59","date_gmt":"2025-08-01T16:17:59","guid":{"rendered":"https:\/\/uj.adatbank.ro\/lexikon\/termek\/vulkan-bela\/"},"modified":"2025-08-01T18:17:59","modified_gmt":"2025-08-01T16:17:59","slug":"vulkan-bela","status":"publish","type":"product","link":"https:\/\/uj.adatbank.ro\/lexikon\/termek\/vulkan-bela\/","title":{"rendered":"VULK\u00c1N B\u00e9la"},"content":{"rendered":"<p>V\u00edzakna, 1921., \u2020\u00a0Mv., 2004. m\u00e1j. 4.: term\u00e9szetrajz szakos tan\u00e1r (?), tan\u00edt\u00f3. \u2013 A k\u00f6z\u00e9piskol\u00e1t Sz\u00e9kelyudvarhelyen, a tan\u00edt\u00f3k\u00e9pz\u0151t Mv.-en v\u00e9gezte, Kislekenc\u00e9n tan\u00edtott (1940\u2013). <br \/><strong>\u2013 Irod.:<\/strong> Sz\u00e9kelyf\u00f6ld \u00ed. k.<\/br><\/p>\n","protected":false},"excerpt":{"rendered":"<p>V\u00edzakna, 1921., \u2020\u00a0Mv., 2004. m\u00e1j. 4.: term\u00e9szetrajz szakos tan\u00e1r (?), tan\u00edt\u00f3. \u2013 A k\u00f6z\u00e9piskol\u00e1t Sz\u00e9kelyudvarhelyen, a tan\u00edt\u00f3k\u00e9pz\u0151t Mv.-en v\u00e9gezte, Kislekenc\u00e9n tan\u00edtott (1940\u2013). \u2013 Irod.: Sz\u00e9kelyf\u00f6ld \u00ed. k.<\/p>\n","protected":false},"featured_media":0,"comment_status":"open","ping_status":"closed","template":"","meta":[],"product_brand":[],"product_cat":[137],"product_tag":[],"class_list":{"0":"post-24716","1":"product","2":"type-product","3":"status-publish","5":"product_cat-maros-megyei-eletrajzi-lexikon","7":"first","8":"instock","9":"shipping-taxable","10":"product-type-simple"},"_links":{"self":[{"href":"https:\/\/uj.adatbank.ro\/lexikon\/wp-json\/wp\/v2\/product\/24716","targetHints":{"allow":["GET"]}}],"collection":[{"href":"https:\/\/uj.adatbank.ro\/lexikon\/wp-json\/wp\/v2\/product"}],"about":[{"href":"https:\/\/uj.adatbank.ro\/lexikon\/wp-json\/wp\/v2\/types\/product"}],"replies":[{"embeddable":true,"href":"https:\/\/uj.adatbank.ro\/lexikon\/wp-json\/wp\/v2\/comments?post=24716"}],"wp:attachment":[{"href":"https:\/\/uj.adatbank.ro\/lexikon\/wp-json\/wp\/v2\/media?parent=24716"}],"wp:term":[{"taxonomy":"product_brand","embeddable":true,"href":"https:\/\/uj.adatbank.ro\/lexikon\/wp-json\/wp\/v2\/product_brand?post=24716"},{"taxonomy":"product_cat","embeddable":true,"href":"https:\/\/uj.adatbank.ro\/lexikon\/wp-json\/wp\/v2\/product_cat?post=24716"},{"taxonomy":"product_tag","embeddable":true,"href":"https:\/\/uj.adatbank.ro\/lexikon\/wp-json\/wp\/v2\/product_tag?post=24716"}],"curies":[{"name":"wp","href":"https:\/\/api.w.org\/{rel}","templated":true}]}}