{"id":24719,"date":"2025-08-01T18:18:05","date_gmt":"2025-08-01T16:18:05","guid":{"rendered":"https:\/\/uj.adatbank.ro\/lexikon\/termek\/vultur-ion\/"},"modified":"2025-08-01T18:18:05","modified_gmt":"2025-08-01T16:18:05","slug":"vultur-ion","status":"publish","type":"product","link":"https:\/\/uj.adatbank.ro\/lexikon\/termek\/vultur-ion\/","title":{"rendered":"VULTUR, Ion"},"content":{"rendered":"<p>Mez\u0151harasztos, 1826., \u2020\u00a0?: felcser, seb\u00e9sz, borbely. \u2013 Tanul\u00f3 volt Mv.-en; Brass\u00f3ban felcser (1848\u201351), szimpatiz\u00e1lt a 48-as forradalm\u00e1rokkal. Buk.-ben felcser a Filantropia k\u00f3rh\u00e1zban T\u00f6r\u00f6k J\u00e1nos \u00e1ln\u00e9ven mert seg\u00edtette, t\u00e1mogatta a Havasalf\u00f6ldre menek\u00fclt Kossuth L. vezette forradalmi emigr\u00e1ci\u00f3t, kapcsolatot biztos\u00edtva vagy mened\u00e9ket adva a forradalm\u00e1roknak. Amikor az \u00f6sszeesk\u00fcv\u00e9st leleplezt\u00e9k letart\u00f3ztatt\u00e1k \u00e9s el\u00edt\u00e9lt\u00e9k. <br \/><strong>\u2013 Irod.:<\/strong> MMK.<\/br><\/p>\n","protected":false},"excerpt":{"rendered":"<p>Mez\u0151harasztos, 1826., \u2020\u00a0?: felcser, seb\u00e9sz, borbely. \u2013 Tanul\u00f3 volt Mv.-en; Brass\u00f3ban felcser (1848\u201351), szimpatiz\u00e1lt a 48-as forradalm\u00e1rokkal. Buk.-ben felcser a Filantropia k\u00f3rh\u00e1zban T\u00f6r\u00f6k J\u00e1nos \u00e1ln\u00e9ven mert seg\u00edtette, t\u00e1mogatta a Havasalf\u00f6ldre menek\u00fclt Kossuth L. vezette forradalmi emigr\u00e1ci\u00f3t, kapcsolatot biztos\u00edtva vagy mened\u00e9ket adva a forradalm\u00e1roknak. Amikor az \u00f6sszeesk\u00fcv\u00e9st leleplezt\u00e9k letart\u00f3ztatt\u00e1k \u00e9s el\u00edt\u00e9lt\u00e9k. \u2013 Irod.: MMK.<\/p>\n","protected":false},"featured_media":0,"comment_status":"open","ping_status":"closed","template":"","meta":[],"product_brand":[],"product_cat":[137],"product_tag":[],"class_list":{"0":"post-24719","1":"product","2":"type-product","3":"status-publish","5":"product_cat-maros-megyei-eletrajzi-lexikon","7":"first","8":"instock","9":"shipping-taxable","10":"product-type-simple"},"_links":{"self":[{"href":"https:\/\/uj.adatbank.ro\/lexikon\/wp-json\/wp\/v2\/product\/24719","targetHints":{"allow":["GET"]}}],"collection":[{"href":"https:\/\/uj.adatbank.ro\/lexikon\/wp-json\/wp\/v2\/product"}],"about":[{"href":"https:\/\/uj.adatbank.ro\/lexikon\/wp-json\/wp\/v2\/types\/product"}],"replies":[{"embeddable":true,"href":"https:\/\/uj.adatbank.ro\/lexikon\/wp-json\/wp\/v2\/comments?post=24719"}],"wp:attachment":[{"href":"https:\/\/uj.adatbank.ro\/lexikon\/wp-json\/wp\/v2\/media?parent=24719"}],"wp:term":[{"taxonomy":"product_brand","embeddable":true,"href":"https:\/\/uj.adatbank.ro\/lexikon\/wp-json\/wp\/v2\/product_brand?post=24719"},{"taxonomy":"product_cat","embeddable":true,"href":"https:\/\/uj.adatbank.ro\/lexikon\/wp-json\/wp\/v2\/product_cat?post=24719"},{"taxonomy":"product_tag","embeddable":true,"href":"https:\/\/uj.adatbank.ro\/lexikon\/wp-json\/wp\/v2\/product_tag?post=24719"}],"curies":[{"name":"wp","href":"https:\/\/api.w.org\/{rel}","templated":true}]}}