{"id":24722,"date":"2025-08-01T18:18:13","date_gmt":"2025-08-01T16:18:13","guid":{"rendered":"https:\/\/uj.adatbank.ro\/lexikon\/termek\/vutskits-gyorgy\/"},"modified":"2025-08-01T18:18:13","modified_gmt":"2025-08-01T16:18:13","slug":"vutskits-gyorgy","status":"publish","type":"product","link":"https:\/\/uj.adatbank.ro\/lexikon\/termek\/vutskits-gyorgy\/","title":{"rendered":"VUTSKITS Gy\u00f6rgy"},"content":{"rendered":"<p>Zernest, 1858. \u00e1pr. 1., \u2020 Keszthely, 1929. okt. 21.: zool\u00f3gus, pedag\u00f3gus. \u2013 A kv.-i egy.-en term\u00e9szetrajz-f\u00f6ldrajz szakos tan\u00e1ri, b\u00f6lcs\u00e9szdoktori oklevelet szerzett (1885). A kv.-i egy. \u00c1sv\u00e1ny-F\u00f6ldtani Int.-\u00e9ben tan\u00e1rseg\u00e9d (1884\u201385). A mv.-i gimn.-ban r. tan\u00e1r (1884\u201390), vil\u00e1gi tan\u00e1rk\u00e9nt a keszthelyi premontrei gimn.-ban tan\u00edtott nyugd\u00edjaz\u00e1s\u00e1ig (1891\u201321). A mo.-i halkutat\u00e1s jelent\u0151s alakja; a m. halfauna \u00e9s a halak biol\u00f3gi\u00e1j\u00e1nak k\u00e9rd\u00e9seivel foglalkozott. \u00c1llattani K\u00f6zlm., Keszthelyi kat. gimn. \u00c9rt. k\u00f6z\u00f6lte szakcikkeit. \u2013  <strong>F. m..:<\/strong> A Magyar-Csesztve melletti Maros porondj\u00e1nak \u00e1sv\u00e1nytani \u00f6sszet\u00e9tele (Kv., 1880); Erd\u00e9ly nummulitjeir\u0151l (Kv., 1883); Pisces (Fauna Regni Hung\u00e1ri\u00e1\u00e9. Bp., 1896); A kurta baing (Leucaspius delmeatus Heck.) term\u00e9szetrajza (Bp., 1903); Faun\u00e1nk egy \u00faj halfaja (Bp., 1911); A magyar hal\u00e1szat \u00e9s az ichthyologia t\u00f6rt\u00e9nete az utols\u00f3 25 \u00e9v alatt (Bp., 1916). <br \/><strong>\u2013 Irod.:<\/strong> RNL; \u00daM\u00c9L.<\/br><\/p>\n","protected":false},"excerpt":{"rendered":"<p>Zernest, 1858. \u00e1pr. 1., \u2020 Keszthely, 1929. okt. 21.: zool\u00f3gus, pedag\u00f3gus. \u2013 A kv.-i egy.-en term\u00e9szetrajz-f\u00f6ldrajz szakos tan\u00e1ri, b\u00f6lcs\u00e9szdoktori oklevelet szerzett (1885). A kv.-i egy. \u00c1sv\u00e1ny-F\u00f6ldtani Int.-\u00e9ben tan\u00e1rseg\u00e9d (1884\u201385). A mv.-i gimn.-ban r. tan\u00e1r (1884\u201390), vil\u00e1gi tan\u00e1rk\u00e9nt a keszthelyi premontrei gimn.-ban tan\u00edtott nyugd\u00edjaz\u00e1s\u00e1ig (1891\u201321). A mo.-i halkutat\u00e1s jelent\u0151s alakja; a m. halfauna \u00e9s a halak [&hellip;]<\/p>\n","protected":false},"featured_media":0,"comment_status":"open","ping_status":"closed","template":"","meta":[],"product_brand":[],"product_cat":[137],"product_tag":[],"class_list":{"0":"post-24722","1":"product","2":"type-product","3":"status-publish","5":"product_cat-maros-megyei-eletrajzi-lexikon","7":"first","8":"instock","9":"shipping-taxable","10":"product-type-simple"},"_links":{"self":[{"href":"https:\/\/uj.adatbank.ro\/lexikon\/wp-json\/wp\/v2\/product\/24722","targetHints":{"allow":["GET"]}}],"collection":[{"href":"https:\/\/uj.adatbank.ro\/lexikon\/wp-json\/wp\/v2\/product"}],"about":[{"href":"https:\/\/uj.adatbank.ro\/lexikon\/wp-json\/wp\/v2\/types\/product"}],"replies":[{"embeddable":true,"href":"https:\/\/uj.adatbank.ro\/lexikon\/wp-json\/wp\/v2\/comments?post=24722"}],"wp:attachment":[{"href":"https:\/\/uj.adatbank.ro\/lexikon\/wp-json\/wp\/v2\/media?parent=24722"}],"wp:term":[{"taxonomy":"product_brand","embeddable":true,"href":"https:\/\/uj.adatbank.ro\/lexikon\/wp-json\/wp\/v2\/product_brand?post=24722"},{"taxonomy":"product_cat","embeddable":true,"href":"https:\/\/uj.adatbank.ro\/lexikon\/wp-json\/wp\/v2\/product_cat?post=24722"},{"taxonomy":"product_tag","embeddable":true,"href":"https:\/\/uj.adatbank.ro\/lexikon\/wp-json\/wp\/v2\/product_tag?post=24722"}],"curies":[{"name":"wp","href":"https:\/\/api.w.org\/{rel}","templated":true}]}}