{"id":24723,"date":"2025-08-01T18:18:14","date_gmt":"2025-08-01T16:18:14","guid":{"rendered":"https:\/\/uj.adatbank.ro\/lexikon\/termek\/wachner-arnold\/"},"modified":"2025-08-01T18:18:14","modified_gmt":"2025-08-01T16:18:14","slug":"wachner-arnold","status":"publish","type":"product","link":"https:\/\/uj.adatbank.ro\/lexikon\/termek\/wachner-arnold\/","title":{"rendered":"WACHNER Arnold"},"content":{"rendered":"<p>Sz\u00e1szr\u00e9gen, 1890., \u2020\u00a0?: fogorvos. \u2013 Tanulm\u00e1nyait Kv.-on, Grazban, Berlinben \u00e9s M\u00fcnchenben v\u00e9gezte, doktor\u00e1t Kv.-on (1914). Berlinben praktiz\u00e1lt, az els\u0151 vh.-ban mint katonaorvos teljes\u00edtett szolg\u00e1latot, a rom\u00e1n hadseregben 13 h\u00f3napot mint fogorvos m\u0171k\u00f6d\u00f6tt. Segesv\u00e1ron seg\u00e9dorvos, majd Sz\u00e1szr\u00e9genben gyakorl\u00f3 orvos lett (1922\u2013). Cikkei jelentek meg szakfoly\u00f3iratokban. <br \/><strong>\u2013 Irod.:<\/strong> Ki kicsoda?<\/br><\/p>\n","protected":false},"excerpt":{"rendered":"<p>Sz\u00e1szr\u00e9gen, 1890., \u2020\u00a0?: fogorvos. \u2013 Tanulm\u00e1nyait Kv.-on, Grazban, Berlinben \u00e9s M\u00fcnchenben v\u00e9gezte, doktor\u00e1t Kv.-on (1914). Berlinben praktiz\u00e1lt, az els\u0151 vh.-ban mint katonaorvos teljes\u00edtett szolg\u00e1latot, a rom\u00e1n hadseregben 13 h\u00f3napot mint fogorvos m\u0171k\u00f6d\u00f6tt. Segesv\u00e1ron seg\u00e9dorvos, majd Sz\u00e1szr\u00e9genben gyakorl\u00f3 orvos lett (1922\u2013). Cikkei jelentek meg szakfoly\u00f3iratokban. \u2013 Irod.: Ki kicsoda?<\/p>\n","protected":false},"featured_media":0,"comment_status":"open","ping_status":"closed","template":"","meta":[],"product_brand":[],"product_cat":[137],"product_tag":[],"class_list":{"0":"post-24723","1":"product","2":"type-product","3":"status-publish","5":"product_cat-maros-megyei-eletrajzi-lexikon","7":"first","8":"instock","9":"shipping-taxable","10":"product-type-simple"},"_links":{"self":[{"href":"https:\/\/uj.adatbank.ro\/lexikon\/wp-json\/wp\/v2\/product\/24723","targetHints":{"allow":["GET"]}}],"collection":[{"href":"https:\/\/uj.adatbank.ro\/lexikon\/wp-json\/wp\/v2\/product"}],"about":[{"href":"https:\/\/uj.adatbank.ro\/lexikon\/wp-json\/wp\/v2\/types\/product"}],"replies":[{"embeddable":true,"href":"https:\/\/uj.adatbank.ro\/lexikon\/wp-json\/wp\/v2\/comments?post=24723"}],"wp:attachment":[{"href":"https:\/\/uj.adatbank.ro\/lexikon\/wp-json\/wp\/v2\/media?parent=24723"}],"wp:term":[{"taxonomy":"product_brand","embeddable":true,"href":"https:\/\/uj.adatbank.ro\/lexikon\/wp-json\/wp\/v2\/product_brand?post=24723"},{"taxonomy":"product_cat","embeddable":true,"href":"https:\/\/uj.adatbank.ro\/lexikon\/wp-json\/wp\/v2\/product_cat?post=24723"},{"taxonomy":"product_tag","embeddable":true,"href":"https:\/\/uj.adatbank.ro\/lexikon\/wp-json\/wp\/v2\/product_tag?post=24723"}],"curies":[{"name":"wp","href":"https:\/\/api.w.org\/{rel}","templated":true}]}}