{"id":24725,"date":"2025-08-01T18:18:21","date_gmt":"2025-08-01T16:18:21","guid":{"rendered":"https:\/\/uj.adatbank.ro\/lexikon\/termek\/wachner-heinrich-%c2%a7\/"},"modified":"2025-08-01T18:18:21","modified_gmt":"2025-08-01T16:18:21","slug":"wachner-heinrich-%c2%a7","status":"publish","type":"product","link":"https:\/\/uj.adatbank.ro\/lexikon\/termek\/wachner-heinrich-%c2%a7\/","title":{"rendered":"WACHNER, Heinrich, \u00a7"},"content":{"rendered":"<p>Mv., 1877. okt. 30., \u2020 Sz\u00e1szvolk\u00e1ny (Brass\u00f3), 1960. okt. 3.: tan\u00e1r, f\u00f6ldrajztud\u00f3s, geol\u00f3gus. \u2013 Term\u00e9szettudom\u00e1nyokat: f\u00f6ldrajzot \u00e9s geol\u00f3gi\u00e1t Kv.-on, Berlinben \u00e9s Marburgban tanult. Tan\u00e1rk\u00e9nt tev\u00e9kenykedett Segesv\u00e1ron 15 \u00e9vig (1901\u20131916), majd Brass\u00f3ban 27 \u00e9vet (\u20131947). Publicisztik\u00e1ja a term\u00e9szetv\u00e9delemre, turisztik\u00e1ra \u00e9s honismeretre ir\u00e1nyult. Geol\u00f3giai, geomorfol\u00f3giai \u00e9s botanikai kutat\u00e1sait sz\u00e1mos tanulm\u00e1nyban k\u00f6z\u00f6lte. Meg\u00edrta a Brockhaus (1926) \u00e9s a Klutes: Handbuch der Geographischen Wissenschaft (Potsdam1931\u20131945) Rom\u00e1ni\u00e1ra vonatkoz\u00f3 r\u00e9sz\u00e9t, ez ut\u00f3bbi\u00e9rt a Berlini Akad\u00e9mia Leibnitz-\u00e9rdem\u00e9remmel, a Rom\u00e1n Akad\u00e9mia is Gh. Laz\u0103r d\u00edjjal t\u00fcntette ki. T\u00f6bb f\u00f6ldrajz, gazdas\u00e1gi f\u00f6ldrajz \u00e9s geol\u00f3gia tank\u00f6nyvet is szerkesztett. \u2013  <strong>F. m..:<\/strong> Die geologisch Verh\u00e4ltnisse des s\u00fcdliche Perschan-Gebirges (Bp., 1918); Die Depression von Fogarasch (Bp., 1918); Wirtschaftsgeographie von Rum\u00e4nien (Wien, 1926); Eiszeitgletscher des Butschetsch (Berlin, 1929); Kronst\u00e4dter Heimat- und Wanderbuch (Kronstadt, 1934); Die siebenb\u00fcrgen Flussterrassen (Buk., 1949). <br \/><strong>\u2013 Irod.:<\/strong> C.l. (2003. m\u00e1rc. 15); LSS; Transilvania.<\/br><\/p>\n","protected":false},"excerpt":{"rendered":"<p>Mv., 1877. okt. 30., \u2020 Sz\u00e1szvolk\u00e1ny (Brass\u00f3), 1960. okt. 3.: tan\u00e1r, f\u00f6ldrajztud\u00f3s, geol\u00f3gus. \u2013 Term\u00e9szettudom\u00e1nyokat: f\u00f6ldrajzot \u00e9s geol\u00f3gi\u00e1t Kv.-on, Berlinben \u00e9s Marburgban tanult. Tan\u00e1rk\u00e9nt tev\u00e9kenykedett Segesv\u00e1ron 15 \u00e9vig (1901\u20131916), majd Brass\u00f3ban 27 \u00e9vet (\u20131947). Publicisztik\u00e1ja a term\u00e9szetv\u00e9delemre, turisztik\u00e1ra \u00e9s honismeretre ir\u00e1nyult. Geol\u00f3giai, geomorfol\u00f3giai \u00e9s botanikai kutat\u00e1sait sz\u00e1mos tanulm\u00e1nyban k\u00f6z\u00f6lte. Meg\u00edrta a Brockhaus (1926) \u00e9s a [&hellip;]<\/p>\n","protected":false},"featured_media":0,"comment_status":"open","ping_status":"closed","template":"","meta":[],"product_brand":[],"product_cat":[137],"product_tag":[],"class_list":{"0":"post-24725","1":"product","2":"type-product","3":"status-publish","5":"product_cat-maros-megyei-eletrajzi-lexikon","7":"first","8":"instock","9":"shipping-taxable","10":"product-type-simple"},"_links":{"self":[{"href":"https:\/\/uj.adatbank.ro\/lexikon\/wp-json\/wp\/v2\/product\/24725","targetHints":{"allow":["GET"]}}],"collection":[{"href":"https:\/\/uj.adatbank.ro\/lexikon\/wp-json\/wp\/v2\/product"}],"about":[{"href":"https:\/\/uj.adatbank.ro\/lexikon\/wp-json\/wp\/v2\/types\/product"}],"replies":[{"embeddable":true,"href":"https:\/\/uj.adatbank.ro\/lexikon\/wp-json\/wp\/v2\/comments?post=24725"}],"wp:attachment":[{"href":"https:\/\/uj.adatbank.ro\/lexikon\/wp-json\/wp\/v2\/media?parent=24725"}],"wp:term":[{"taxonomy":"product_brand","embeddable":true,"href":"https:\/\/uj.adatbank.ro\/lexikon\/wp-json\/wp\/v2\/product_brand?post=24725"},{"taxonomy":"product_cat","embeddable":true,"href":"https:\/\/uj.adatbank.ro\/lexikon\/wp-json\/wp\/v2\/product_cat?post=24725"},{"taxonomy":"product_tag","embeddable":true,"href":"https:\/\/uj.adatbank.ro\/lexikon\/wp-json\/wp\/v2\/product_tag?post=24725"}],"curies":[{"name":"wp","href":"https:\/\/api.w.org\/{rel}","templated":true}]}}