{"id":24727,"date":"2025-08-01T18:18:24","date_gmt":"2025-08-01T16:18:24","guid":{"rendered":"https:\/\/uj.adatbank.ro\/lexikon\/termek\/wachner-mihaly\/"},"modified":"2025-08-01T18:18:24","modified_gmt":"2025-08-01T16:18:24","slug":"wachner-mihaly","status":"publish","type":"product","link":"https:\/\/uj.adatbank.ro\/lexikon\/termek\/wachner-mihaly\/","title":{"rendered":"WACHNER Mih\u00e1ly"},"content":{"rendered":"<p>? \u2020\u00a0?: sz\u00e1szr\u00e9geni. \u2013 Viasz k\u00e9sz\u00edtm\u00e9nyekkel vett r\u00e9szt a ki\u00e1ll\u00edt\u00e1son, ahol ki is t\u00fcntett\u00e9k. <br \/><strong>\u2013 Irod.:<\/strong> Bizottm\u00e1nyi jelent\u00e9s az EGE \u00e9s a Kv.-i Keresk. \u00e9s Iparkamara \u00e1ltal Kv.-on 1857. nov. 18\u201323-\u00e1n rendezett gazd\u00e1szati \u00e9s iparki\u00e1ll\u00edt\u00e1s\u00e1r\u00f3l; F\u00fcl\u00f6p\u2013Ferencz.<\/br><\/p>\n","protected":false},"excerpt":{"rendered":"<p>? \u2020\u00a0?: sz\u00e1szr\u00e9geni. \u2013 Viasz k\u00e9sz\u00edtm\u00e9nyekkel vett r\u00e9szt a ki\u00e1ll\u00edt\u00e1son, ahol ki is t\u00fcntett\u00e9k. \u2013 Irod.: Bizottm\u00e1nyi jelent\u00e9s az EGE \u00e9s a Kv.-i Keresk. \u00e9s Iparkamara \u00e1ltal Kv.-on 1857. nov. 18\u201323-\u00e1n rendezett gazd\u00e1szati \u00e9s iparki\u00e1ll\u00edt\u00e1s\u00e1r\u00f3l; F\u00fcl\u00f6p\u2013Ferencz.<\/p>\n","protected":false},"featured_media":0,"comment_status":"open","ping_status":"closed","template":"","meta":[],"product_brand":[],"product_cat":[137],"product_tag":[],"class_list":{"0":"post-24727","1":"product","2":"type-product","3":"status-publish","5":"product_cat-maros-megyei-eletrajzi-lexikon","7":"first","8":"instock","9":"shipping-taxable","10":"product-type-simple"},"_links":{"self":[{"href":"https:\/\/uj.adatbank.ro\/lexikon\/wp-json\/wp\/v2\/product\/24727","targetHints":{"allow":["GET"]}}],"collection":[{"href":"https:\/\/uj.adatbank.ro\/lexikon\/wp-json\/wp\/v2\/product"}],"about":[{"href":"https:\/\/uj.adatbank.ro\/lexikon\/wp-json\/wp\/v2\/types\/product"}],"replies":[{"embeddable":true,"href":"https:\/\/uj.adatbank.ro\/lexikon\/wp-json\/wp\/v2\/comments?post=24727"}],"wp:attachment":[{"href":"https:\/\/uj.adatbank.ro\/lexikon\/wp-json\/wp\/v2\/media?parent=24727"}],"wp:term":[{"taxonomy":"product_brand","embeddable":true,"href":"https:\/\/uj.adatbank.ro\/lexikon\/wp-json\/wp\/v2\/product_brand?post=24727"},{"taxonomy":"product_cat","embeddable":true,"href":"https:\/\/uj.adatbank.ro\/lexikon\/wp-json\/wp\/v2\/product_cat?post=24727"},{"taxonomy":"product_tag","embeddable":true,"href":"https:\/\/uj.adatbank.ro\/lexikon\/wp-json\/wp\/v2\/product_tag?post=24727"}],"curies":[{"name":"wp","href":"https:\/\/api.w.org\/{rel}","templated":true}]}}