{"id":24728,"date":"2025-08-01T18:18:26","date_gmt":"2025-08-01T16:18:26","guid":{"rendered":"https:\/\/uj.adatbank.ro\/lexikon\/termek\/wachsmann-georg\/"},"modified":"2025-08-01T18:18:26","modified_gmt":"2025-08-01T16:18:26","slug":"wachsmann-georg","status":"publish","type":"product","link":"https:\/\/uj.adatbank.ro\/lexikon\/termek\/wachsmann-georg\/","title":{"rendered":"WACHSMANN, Georg"},"content":{"rendered":"<p>? 1623.k., \u2020\u00a0? 1669.: kr\u00f3nik\u00e1s. \u2013 A segesv\u00e1ri tan\u00e1cs tagja. Georg Kraus kort\u00e1rsa volt. Meg\u00edrta Segesv\u00e1r v\u00e1ros kr\u00f3nik\u00e1j\u00e1t, a v\u00e1ros kezdeti \u00e9veit\u0151l (1198\u20131663-ig), olyan adatokat is tartalmaz, amelyek m\u00e1s kr\u00f3nik\u00e1kban nem fordultak el\u0151. \u2013  <strong>F. m..:<\/strong> Chronica civitas Schaesburgensis. <br \/><strong>\u2013 Irod.:<\/strong> Kraus: Erd\u00e9lyi kr\u00f3nika.<\/br><\/p>\n","protected":false},"excerpt":{"rendered":"<p>? 1623.k., \u2020\u00a0? 1669.: kr\u00f3nik\u00e1s. \u2013 A segesv\u00e1ri tan\u00e1cs tagja. Georg Kraus kort\u00e1rsa volt. Meg\u00edrta Segesv\u00e1r v\u00e1ros kr\u00f3nik\u00e1j\u00e1t, a v\u00e1ros kezdeti \u00e9veit\u0151l (1198\u20131663-ig), olyan adatokat is tartalmaz, amelyek m\u00e1s kr\u00f3nik\u00e1kban nem fordultak el\u0151. \u2013 F. m..: Chronica civitas Schaesburgensis. \u2013 Irod.: Kraus: Erd\u00e9lyi kr\u00f3nika.<\/p>\n","protected":false},"featured_media":0,"comment_status":"open","ping_status":"closed","template":"","meta":[],"product_brand":[],"product_cat":[137],"product_tag":[],"class_list":{"0":"post-24728","1":"product","2":"type-product","3":"status-publish","5":"product_cat-maros-megyei-eletrajzi-lexikon","7":"first","8":"instock","9":"shipping-taxable","10":"product-type-simple"},"_links":{"self":[{"href":"https:\/\/uj.adatbank.ro\/lexikon\/wp-json\/wp\/v2\/product\/24728","targetHints":{"allow":["GET"]}}],"collection":[{"href":"https:\/\/uj.adatbank.ro\/lexikon\/wp-json\/wp\/v2\/product"}],"about":[{"href":"https:\/\/uj.adatbank.ro\/lexikon\/wp-json\/wp\/v2\/types\/product"}],"replies":[{"embeddable":true,"href":"https:\/\/uj.adatbank.ro\/lexikon\/wp-json\/wp\/v2\/comments?post=24728"}],"wp:attachment":[{"href":"https:\/\/uj.adatbank.ro\/lexikon\/wp-json\/wp\/v2\/media?parent=24728"}],"wp:term":[{"taxonomy":"product_brand","embeddable":true,"href":"https:\/\/uj.adatbank.ro\/lexikon\/wp-json\/wp\/v2\/product_brand?post=24728"},{"taxonomy":"product_cat","embeddable":true,"href":"https:\/\/uj.adatbank.ro\/lexikon\/wp-json\/wp\/v2\/product_cat?post=24728"},{"taxonomy":"product_tag","embeddable":true,"href":"https:\/\/uj.adatbank.ro\/lexikon\/wp-json\/wp\/v2\/product_tag?post=24728"}],"curies":[{"name":"wp","href":"https:\/\/api.w.org\/{rel}","templated":true}]}}