{"id":24730,"date":"2025-08-01T18:18:30","date_gmt":"2025-08-01T16:18:30","guid":{"rendered":"https:\/\/uj.adatbank.ro\/lexikon\/termek\/wachter-jozsef\/"},"modified":"2025-08-01T18:18:30","modified_gmt":"2025-08-01T16:18:30","slug":"wachter-jozsef","status":"publish","type":"product","link":"https:\/\/uj.adatbank.ro\/lexikon\/termek\/wachter-jozsef\/","title":{"rendered":"W\u00c4CHTER J\u00f3zsef"},"content":{"rendered":"<p>Nagyszeben, 1792. j\u00fan. 16., \u2020 Segesv\u00e1r, 1880. jan. 30.: orvosdoktor. \u2013 Tanult a segesv\u00e1ri \u00e9s nagyszebeni gimn\u00e1ziumban; majd a b\u00e9csi egyetem orvosi kar\u00e1ra iratkozott be (1811\u201317) \u00e9s ott orvosdoktori oklevelet szerzett (1817). Sz\u00e1szsebesen v\u00e1rosi orvos (1818\u20131834); csal\u00e1dj\u00e1val B\u00e9csbe k\u00f6lt\u00f6z\u00f6tt; visszak\u00f6lt\u00f6z\u00f6tt Nagyszebenbe \u00e9s ott orvosi gyakorlatot folytatott (1835\u20131846-ig). A b\u00e9csi cs. \u00e9s kir. Orvosi T\u00e1rsas\u00e1g levelez\u0151 tagj\u00e1nak v\u00e1lasztotta (1838); az 1848\u201349-ban tan\u00fas\u00edtott magaviselet\u00e9\u00e9rt a koron\u00e1s arany \u00e9rdemrendet kapta (1850). A nagyszebeni evang. presbit\u00e9rium k\u00f6zs\u00e9gi gondnoka \u00e9s aleln\u00f6ke volt (1859\u2013). Mint koronamegh\u00edvott r\u00e9szt vett a nagyszebeni tartom\u00e1nygy\u0171l\u00e9sen (1863 \u00e9s 64). Segesv\u00e1rra k\u00f6lt\u00f6z\u00f6tt (1878). \u2013  <strong>F. m..:<\/strong> Gedicht auf den kaiserl.-russischen Generalen Ostermann, als derselbe verwundet aus dem Krieg zur\u00fcckkehrte (Wien, 1813); Aufruf an die Sachsen in Siebenb\u00fcrgen bei ihrem Durchmarsch durch die \u00f6sterreichischen Staaten. Ein Gedicht&#8230; (Wien, 1813); Abhandlung \u00fcber den Gebrauch der vorz\u00fcglichsten B\u00e4der und Trinkw\u00e4sser&#8230; (Wien, 1817, 1818); Praktische Beobachtungen \u00fcber die Schwefelr\u00e4ucherungen. Aus dem Franz\u00f6sischen des Herrn Dr. Jean de Carro \u00fcbersetzt. (Wien, 1818); Drei Gedichte in den Abendunterhaltungen f\u00fcr den Winter 1816\u201317. (Wien); Das evang. Waisenhaus A. C. zu Hermannstadt, seine Gr\u00fcnder und Wohlth\u00e4ter. Eine geschichtliche Skizze. (Hermannstadt, 1859.), Rechenschafts-Bericht \u00fcber den Reinertrag der Denkschrift: \u201eDas evangel. Waisenhaus etc.\u201d (Wien, 1860). Ezut\u00e1n minden \u00e9v v\u00e9g\u00e9n: \u201eBericht \u00fcber das Walten und Gedeihen des evangel. Waisenhauses zu Hermannstadt\u201d. <br \/><strong>\u2013 Irod.:<\/strong> Szinnyei.<\/br><\/p>\n","protected":false},"excerpt":{"rendered":"<p>Nagyszeben, 1792. j\u00fan. 16., \u2020 Segesv\u00e1r, 1880. jan. 30.: orvosdoktor. \u2013 Tanult a segesv\u00e1ri \u00e9s nagyszebeni gimn\u00e1ziumban; majd a b\u00e9csi egyetem orvosi kar\u00e1ra iratkozott be (1811\u201317) \u00e9s ott orvosdoktori oklevelet szerzett (1817). Sz\u00e1szsebesen v\u00e1rosi orvos (1818\u20131834); csal\u00e1dj\u00e1val B\u00e9csbe k\u00f6lt\u00f6z\u00f6tt; visszak\u00f6lt\u00f6z\u00f6tt Nagyszebenbe \u00e9s ott orvosi gyakorlatot folytatott (1835\u20131846-ig). A b\u00e9csi cs. \u00e9s kir. Orvosi T\u00e1rsas\u00e1g levelez\u0151 [&hellip;]<\/p>\n","protected":false},"featured_media":0,"comment_status":"open","ping_status":"closed","template":"","meta":[],"product_brand":[],"product_cat":[137],"product_tag":[],"class_list":{"0":"post-24730","1":"product","2":"type-product","3":"status-publish","5":"product_cat-maros-megyei-eletrajzi-lexikon","7":"first","8":"instock","9":"shipping-taxable","10":"product-type-simple"},"_links":{"self":[{"href":"https:\/\/uj.adatbank.ro\/lexikon\/wp-json\/wp\/v2\/product\/24730","targetHints":{"allow":["GET"]}}],"collection":[{"href":"https:\/\/uj.adatbank.ro\/lexikon\/wp-json\/wp\/v2\/product"}],"about":[{"href":"https:\/\/uj.adatbank.ro\/lexikon\/wp-json\/wp\/v2\/types\/product"}],"replies":[{"embeddable":true,"href":"https:\/\/uj.adatbank.ro\/lexikon\/wp-json\/wp\/v2\/comments?post=24730"}],"wp:attachment":[{"href":"https:\/\/uj.adatbank.ro\/lexikon\/wp-json\/wp\/v2\/media?parent=24730"}],"wp:term":[{"taxonomy":"product_brand","embeddable":true,"href":"https:\/\/uj.adatbank.ro\/lexikon\/wp-json\/wp\/v2\/product_brand?post=24730"},{"taxonomy":"product_cat","embeddable":true,"href":"https:\/\/uj.adatbank.ro\/lexikon\/wp-json\/wp\/v2\/product_cat?post=24730"},{"taxonomy":"product_tag","embeddable":true,"href":"https:\/\/uj.adatbank.ro\/lexikon\/wp-json\/wp\/v2\/product_tag?post=24730"}],"curies":[{"name":"wp","href":"https:\/\/api.w.org\/{rel}","templated":true}]}}