{"id":24734,"date":"2025-08-01T18:18:41","date_gmt":"2025-08-01T16:18:41","guid":{"rendered":"https:\/\/uj.adatbank.ro\/lexikon\/termek\/wagner-bela\/"},"modified":"2025-08-01T18:18:41","modified_gmt":"2025-08-01T16:18:41","slug":"wagner-bela","status":"publish","type":"product","link":"https:\/\/uj.adatbank.ro\/lexikon\/termek\/wagner-bela\/","title":{"rendered":"W\u00c1GNER B\u00e9la"},"content":{"rendered":"<p>Dics\u0151szentm\u00e1rton, 1904., \u2020\u00a0?: k\u00f6rjegyz\u0151. \u2013 Tanulm\u00e1nyait Gyulafeh\u00e9rv\u00e1ron, a jegyz\u0151tanfolyamot Fogarason v\u00e9gezte (1935). Hossz\u00faasz\u00f3n volt seg\u00e9djegyz\u0151, majd Ol\u00e1h\u00fajfaluba ker\u00fclt (1928). Mez\u0151cs\u00e1v\u00e1son k\u00f6rjegyz\u0151 (1940\u2013) A MP tagja volt. <br \/><strong>\u2013 Irod.:<\/strong> Sz\u00e9kelyf\u00f6ld \u00ed. k.<\/br><\/p>\n","protected":false},"excerpt":{"rendered":"<p>Dics\u0151szentm\u00e1rton, 1904., \u2020\u00a0?: k\u00f6rjegyz\u0151. \u2013 Tanulm\u00e1nyait Gyulafeh\u00e9rv\u00e1ron, a jegyz\u0151tanfolyamot Fogarason v\u00e9gezte (1935). Hossz\u00faasz\u00f3n volt seg\u00e9djegyz\u0151, majd Ol\u00e1h\u00fajfaluba ker\u00fclt (1928). Mez\u0151cs\u00e1v\u00e1son k\u00f6rjegyz\u0151 (1940\u2013) A MP tagja volt. \u2013 Irod.: Sz\u00e9kelyf\u00f6ld \u00ed. k.<\/p>\n","protected":false},"featured_media":0,"comment_status":"open","ping_status":"closed","template":"","meta":[],"product_brand":[],"product_cat":[137],"product_tag":[],"class_list":{"0":"post-24734","1":"product","2":"type-product","3":"status-publish","5":"product_cat-maros-megyei-eletrajzi-lexikon","7":"first","8":"instock","9":"shipping-taxable","10":"product-type-simple"},"_links":{"self":[{"href":"https:\/\/uj.adatbank.ro\/lexikon\/wp-json\/wp\/v2\/product\/24734","targetHints":{"allow":["GET"]}}],"collection":[{"href":"https:\/\/uj.adatbank.ro\/lexikon\/wp-json\/wp\/v2\/product"}],"about":[{"href":"https:\/\/uj.adatbank.ro\/lexikon\/wp-json\/wp\/v2\/types\/product"}],"replies":[{"embeddable":true,"href":"https:\/\/uj.adatbank.ro\/lexikon\/wp-json\/wp\/v2\/comments?post=24734"}],"wp:attachment":[{"href":"https:\/\/uj.adatbank.ro\/lexikon\/wp-json\/wp\/v2\/media?parent=24734"}],"wp:term":[{"taxonomy":"product_brand","embeddable":true,"href":"https:\/\/uj.adatbank.ro\/lexikon\/wp-json\/wp\/v2\/product_brand?post=24734"},{"taxonomy":"product_cat","embeddable":true,"href":"https:\/\/uj.adatbank.ro\/lexikon\/wp-json\/wp\/v2\/product_cat?post=24734"},{"taxonomy":"product_tag","embeddable":true,"href":"https:\/\/uj.adatbank.ro\/lexikon\/wp-json\/wp\/v2\/product_tag?post=24734"}],"curies":[{"name":"wp","href":"https:\/\/api.w.org\/{rel}","templated":true}]}}