{"id":24736,"date":"2025-08-01T18:18:44","date_gmt":"2025-08-01T16:18:44","guid":{"rendered":"https:\/\/uj.adatbank.ro\/lexikon\/termek\/wagner-eduard-georg\/"},"modified":"2025-08-01T18:18:44","modified_gmt":"2025-08-01T16:18:44","slug":"wagner-eduard-georg","status":"publish","type":"product","link":"https:\/\/uj.adatbank.ro\/lexikon\/termek\/wagner-eduard-georg\/","title":{"rendered":"WAGNER, Eduard Georg"},"content":{"rendered":"<p>Sz\u00e1szr\u00e9gen, 1840. \u00e1pr. 15. \u2020 Sz\u00e1szr\u00e9gen, 1906. aug. 6.: katonatiszt. \u2013 Val\u00f3sz\u00edn\u0171leg a m. honv\u00e9d gyalogezredben szolg\u00e1lt, Honv\u00e9df\u0151hadnaggy\u00e1 l\u00e9ptett\u00e9k el\u0151 (1874). Kapit\u00e1nyi rangot Pr\u00e1g\u00e1ban a 28. gyalogezredben kapott (1880). <br \/><strong>\u2013 Irod.:<\/strong> Reghin, militari.<\/br><\/p>\n","protected":false},"excerpt":{"rendered":"<p>Sz\u00e1szr\u00e9gen, 1840. \u00e1pr. 15. \u2020 Sz\u00e1szr\u00e9gen, 1906. aug. 6.: katonatiszt. \u2013 Val\u00f3sz\u00edn\u0171leg a m. honv\u00e9d gyalogezredben szolg\u00e1lt, Honv\u00e9df\u0151hadnaggy\u00e1 l\u00e9ptett\u00e9k el\u0151 (1874). Kapit\u00e1nyi rangot Pr\u00e1g\u00e1ban a 28. gyalogezredben kapott (1880). \u2013 Irod.: Reghin, militari.<\/p>\n","protected":false},"featured_media":0,"comment_status":"open","ping_status":"closed","template":"","meta":[],"product_brand":[],"product_cat":[137],"product_tag":[],"class_list":{"0":"post-24736","1":"product","2":"type-product","3":"status-publish","5":"product_cat-maros-megyei-eletrajzi-lexikon","7":"first","8":"instock","9":"shipping-taxable","10":"product-type-simple"},"_links":{"self":[{"href":"https:\/\/uj.adatbank.ro\/lexikon\/wp-json\/wp\/v2\/product\/24736","targetHints":{"allow":["GET"]}}],"collection":[{"href":"https:\/\/uj.adatbank.ro\/lexikon\/wp-json\/wp\/v2\/product"}],"about":[{"href":"https:\/\/uj.adatbank.ro\/lexikon\/wp-json\/wp\/v2\/types\/product"}],"replies":[{"embeddable":true,"href":"https:\/\/uj.adatbank.ro\/lexikon\/wp-json\/wp\/v2\/comments?post=24736"}],"wp:attachment":[{"href":"https:\/\/uj.adatbank.ro\/lexikon\/wp-json\/wp\/v2\/media?parent=24736"}],"wp:term":[{"taxonomy":"product_brand","embeddable":true,"href":"https:\/\/uj.adatbank.ro\/lexikon\/wp-json\/wp\/v2\/product_brand?post=24736"},{"taxonomy":"product_cat","embeddable":true,"href":"https:\/\/uj.adatbank.ro\/lexikon\/wp-json\/wp\/v2\/product_cat?post=24736"},{"taxonomy":"product_tag","embeddable":true,"href":"https:\/\/uj.adatbank.ro\/lexikon\/wp-json\/wp\/v2\/product_tag?post=24736"}],"curies":[{"name":"wp","href":"https:\/\/api.w.org\/{rel}","templated":true}]}}